{"id":28978,"date":"2026-04-08T12:06:39","date_gmt":"2026-04-08T10:06:39","guid":{"rendered":"https:\/\/escolaterranima.com\/?post_type=product&#038;p=28978"},"modified":"2026-04-08T12:20:28","modified_gmt":"2026-04-08T10:20:28","slug":"aprender-a-canalizar-online-pago-fraccionado-3","status":"publish","type":"product","link":"https:\/\/escolaterranima.com\/es\/producte\/aprender-a-canalizar-online-pago-fraccionado-3\/","title":{"rendered":"Aprender a Canalizar Online &#8211; Pago fraccionado"},"content":{"rendered":"<p data-start=\"44\" data-end=\"221\">Canalizar es recibir la frecuencia de tu propio ser superior o de los gu\u00edas espirituales y saber traducirla en un mensaje que sea comprendido por la conciencia humana.<\/p>\n<p data-start=\"223\" data-end=\"649\">Canalizar es convertirse en un canal de conexi\u00f3n entre el cielo y la tierra. La pureza del canal es lo que marca la diferencia y lo que te permite reconocer el mensaje de luz con mayor claridad. Por eso, en el curso Aprender a canalizar no solo te ense\u00f1amos la t\u00e9cnica, sino que te acompa\u00f1amos en un proceso de reconocimiento del ego para desarmarlo y poder identificar m\u00e1s claramente la voz de los seres de luz.<\/p>\n<p>&nbsp;<\/p>\n<p>&nbsp;<\/p>\n","protected":false},"excerpt":{"rendered":"<p data-start=\"44\" data-end=\"221\">Canalizar es recibir la frecuencia de tu propio ser superior o de los gu\u00edas espirituales y saber traducirla en un mensaje que sea comprendido por la conciencia humana.<\/p>\n<p data-start=\"223\" data-end=\"649\">Canalizar es convertirse en un canal de conexi\u00f3n entre el cielo y la tierra. La pureza del canal es lo que marca la diferencia y lo que te permite reconocer el mensaje de luz con mayor claridad. Por eso, en el curso Aprender a canalizar no solo te ense\u00f1amos la t\u00e9cnica, sino que te acompa\u00f1amos en un proceso de reconocimiento del ego para desarmarlo y poder identificar m\u00e1s claramente la voz de los seres de luz.<\/p>\n<p>&nbsp;<\/p>\n<p>&nbsp;<\/p>\n","protected":false},"featured_media":28659,"template":"","meta":[],"product_brand":[],"product_cat":[159],"product_tag":[],"class_list":{"0":"post-28978","1":"product","2":"type-product","3":"status-publish","4":"has-post-thumbnail","6":"product_cat-on-line","8":"first","9":"instock","10":"virtual","11":"taxable","12":"purchasable","13":"product-type-subscription"},"_links":{"self":[{"href":"https:\/\/escolaterranima.com\/es\/wp-json\/wp\/v2\/product\/28978","targetHints":{"allow":["GET"]}}],"collection":[{"href":"https:\/\/escolaterranima.com\/es\/wp-json\/wp\/v2\/product"}],"about":[{"href":"https:\/\/escolaterranima.com\/es\/wp-json\/wp\/v2\/types\/product"}],"version-history":[{"count":2,"href":"https:\/\/escolaterranima.com\/es\/wp-json\/wp\/v2\/product\/28978\/revisions"}],"predecessor-version":[{"id":28981,"href":"https:\/\/escolaterranima.com\/es\/wp-json\/wp\/v2\/product\/28978\/revisions\/28981"}],"wp:featuredmedia":[{"embeddable":true,"href":"https:\/\/escolaterranima.com\/es\/wp-json\/wp\/v2\/media\/28659"}],"wp:attachment":[{"href":"https:\/\/escolaterranima.com\/es\/wp-json\/wp\/v2\/media?parent=28978"}],"wp:term":[{"taxonomy":"product_brand","embeddable":true,"href":"https:\/\/escolaterranima.com\/es\/wp-json\/wp\/v2\/product_brand?post=28978"},{"taxonomy":"product_cat","embeddable":true,"href":"https:\/\/escolaterranima.com\/es\/wp-json\/wp\/v2\/product_cat?post=28978"},{"taxonomy":"product_tag","embeddable":true,"href":"https:\/\/escolaterranima.com\/es\/wp-json\/wp\/v2\/product_tag?post=28978"}],"curies":[{"name":"wp","href":"https:\/\/api.w.org\/{rel}","templated":true}]}}