{"id":28154,"date":"2026-03-03T10:32:59","date_gmt":"2026-03-03T09:32:59","guid":{"rendered":"https:\/\/escolaterranima.com\/?post_type=product&#038;p=28154"},"modified":"2026-03-03T11:06:44","modified_gmt":"2026-03-03T10:06:44","slug":"abre-tu-intuicion","status":"publish","type":"product","link":"https:\/\/escolaterranima.com\/es\/producte\/abre-tu-intuicion\/","title":{"rendered":"Abre tu intuici\u00f3n"},"content":{"rendered":"<p style=\"text-align: left;\"><strong>Dos sesiones online en vivo para conectar con tu intuici\u00f3n y canalizar de forma clara y segura.<\/strong> Un espacio pr\u00e1ctico para dejar atr\u00e1s la duda, reconocer qu\u00e9 es intuici\u00f3n y qu\u00e9 es ruido mental, y empezar a confiar en lo que ya sientes.<\/p>\n<p style=\"text-align: center;\" data-start=\"633\" data-end=\"723\"><strong data-start=\"300\" data-end=\"339\">24 y 25 de marzo \u00b7 de 19:00 a 20:30<\/strong><br data-start=\"339\" data-end=\"342\" \/><strong data-start=\"342\" data-end=\"381\">Online en directo \u00b7 Clases grabadas<\/strong><br data-start=\"381\" data-end=\"384\" \/><span style=\"color: #6b567f;\"><strong data-start=\"716\" data-end=\"723\">22\u20ac<\/strong><b>\u00a0<\/b><\/span><\/p>\n","protected":false},"excerpt":{"rendered":"<p style=\"text-align: left;\"><strong>Dos sesiones online en vivo para conectar con tu intuici\u00f3n y canalizar de forma clara y segura.<\/strong> Un espacio pr\u00e1ctico para dejar atr\u00e1s la duda, reconocer qu\u00e9 es intuici\u00f3n y qu\u00e9 es ruido mental, y empezar a confiar en lo que ya sientes.<\/p>\n<p style=\"text-align: center;\" data-start=\"633\" data-end=\"723\"><strong data-start=\"300\" data-end=\"339\">24 y 25 de marzo \u00b7 de 19:00 a 20:30<\/strong><br data-start=\"339\" data-end=\"342\" \/><strong data-start=\"342\" data-end=\"381\">Online en directo \u00b7 Clases grabadas<\/strong><br data-start=\"381\" data-end=\"384\" \/><span style=\"color: #6b567f;\"><strong data-start=\"716\" data-end=\"723\">22\u20ac<\/strong><b>\u00a0<\/b><\/span><\/p>\n","protected":false},"featured_media":28161,"template":"","meta":[],"product_brand":[],"product_cat":[155],"product_tag":[],"class_list":{"0":"post-28154","1":"product","2":"type-product","3":"status-publish","4":"has-post-thumbnail","6":"product_cat-sense-categoria","8":"first","9":"instock","10":"taxable","11":"shipping-taxable","12":"purchasable","13":"product-type-simple"},"_links":{"self":[{"href":"https:\/\/escolaterranima.com\/es\/wp-json\/wp\/v2\/product\/28154","targetHints":{"allow":["GET"]}}],"collection":[{"href":"https:\/\/escolaterranima.com\/es\/wp-json\/wp\/v2\/product"}],"about":[{"href":"https:\/\/escolaterranima.com\/es\/wp-json\/wp\/v2\/types\/product"}],"version-history":[{"count":2,"href":"https:\/\/escolaterranima.com\/es\/wp-json\/wp\/v2\/product\/28154\/revisions"}],"predecessor-version":[{"id":28156,"href":"https:\/\/escolaterranima.com\/es\/wp-json\/wp\/v2\/product\/28154\/revisions\/28156"}],"wp:featuredmedia":[{"embeddable":true,"href":"https:\/\/escolaterranima.com\/es\/wp-json\/wp\/v2\/media\/28161"}],"wp:attachment":[{"href":"https:\/\/escolaterranima.com\/es\/wp-json\/wp\/v2\/media?parent=28154"}],"wp:term":[{"taxonomy":"product_brand","embeddable":true,"href":"https:\/\/escolaterranima.com\/es\/wp-json\/wp\/v2\/product_brand?post=28154"},{"taxonomy":"product_cat","embeddable":true,"href":"https:\/\/escolaterranima.com\/es\/wp-json\/wp\/v2\/product_cat?post=28154"},{"taxonomy":"product_tag","embeddable":true,"href":"https:\/\/escolaterranima.com\/es\/wp-json\/wp\/v2\/product_tag?post=28154"}],"curies":[{"name":"wp","href":"https:\/\/api.w.org\/{rel}","templated":true}]}}