{"id":13911,"date":"2022-11-26T17:54:53","date_gmt":"2022-11-26T17:54:53","guid":{"rendered":"https:\/?post_type=product&#038;p=13911"},"modified":"2026-01-09T21:37:13","modified_gmt":"2026-01-09T20:37:13","slug":"7-dias-con-el-alma","status":"publish","type":"product","link":"https:\/\/escolaterranima.com\/es\/producte\/7-dias-con-el-alma\/","title":{"rendered":"7 dies amb l&#8217;\u00e0nima"},"content":{"rendered":"","protected":false},"excerpt":{"rendered":"<h4><span style=\"color: #6b567f;\">7 d\u00edas con el alma es una ACTIVACI\u00d3N de 7 c\u00f3digos de luz que forman parte de tu esencia<\/span><\/h4>\n<p>Un curso ONLINE para hacer a tu ritmo donde vas a recibir los mensajes del alma y la ACTIVACI\u00d3N de 7 c\u00f3digos de luz .<\/p>\n<p>Las activaciones son mediante MEDITACIONES CANALIZADAS de Madre Mar\u00eda.<\/p>\n","protected":false},"featured_media":13912,"template":"","meta":[],"product_brand":[],"product_cat":[159],"product_tag":[],"class_list":{"0":"post-13911","1":"product","2":"type-product","3":"status-publish","4":"has-post-thumbnail","6":"product_cat-on-line","8":"first","9":"instock","10":"taxable","11":"shipping-taxable","12":"purchasable","13":"product-type-simple"},"_links":{"self":[{"href":"https:\/\/escolaterranima.com\/es\/wp-json\/wp\/v2\/product\/13911","targetHints":{"allow":["GET"]}}],"collection":[{"href":"https:\/\/escolaterranima.com\/es\/wp-json\/wp\/v2\/product"}],"about":[{"href":"https:\/\/escolaterranima.com\/es\/wp-json\/wp\/v2\/types\/product"}],"version-history":[{"count":4,"href":"https:\/\/escolaterranima.com\/es\/wp-json\/wp\/v2\/product\/13911\/revisions"}],"predecessor-version":[{"id":26460,"href":"https:\/\/escolaterranima.com\/es\/wp-json\/wp\/v2\/product\/13911\/revisions\/26460"}],"wp:featuredmedia":[{"embeddable":true,"href":"https:\/\/escolaterranima.com\/es\/wp-json\/wp\/v2\/media\/13912"}],"wp:attachment":[{"href":"https:\/\/escolaterranima.com\/es\/wp-json\/wp\/v2\/media?parent=13911"}],"wp:term":[{"taxonomy":"product_brand","embeddable":true,"href":"https:\/\/escolaterranima.com\/es\/wp-json\/wp\/v2\/product_brand?post=13911"},{"taxonomy":"product_cat","embeddable":true,"href":"https:\/\/escolaterranima.com\/es\/wp-json\/wp\/v2\/product_cat?post=13911"},{"taxonomy":"product_tag","embeddable":true,"href":"https:\/\/escolaterranima.com\/es\/wp-json\/wp\/v2\/product_tag?post=13911"}],"curies":[{"name":"wp","href":"https:\/\/api.w.org\/{rel}","templated":true}]}}