{"id":12396,"date":"2022-05-23T08:54:04","date_gmt":"2022-05-23T08:54:04","guid":{"rendered":"https:\/?post_type=product&#038;p=12396"},"modified":"2025-10-22T09:40:50","modified_gmt":"2025-10-22T07:40:50","slug":"sanacion_energetica","status":"publish","type":"product","link":"https:\/\/escolaterranima.com\/es\/producte\/sanacion_energetica\/","title":{"rendered":"Sanaci\u00f3n energ\u00e9tica"},"content":{"rendered":"<h3 style=\"text-align: center;\">La sesi\u00f3n de sanaci\u00f3n energ\u00e9tica es un espacio individual que mediante t\u00e9cnicas cham\u00e1nicas y la gu\u00eda de los seres de luz te aporta bienestar y salud<\/h3>\n","protected":false},"excerpt":{"rendered":"<h3 style=\"text-align: center;\">La sesi\u00f3n de sanaci\u00f3n energ\u00e9tica es un espacio individual que mediante t\u00e9cnicas cham\u00e1nicas y la gu\u00eda de los seres de luz te aporta bienestar y salud<\/h3>\n","protected":false},"featured_media":8012,"template":"","meta":[],"product_brand":[],"product_cat":[159],"product_tag":[],"class_list":{"0":"post-12396","1":"product","2":"type-product","3":"status-publish","4":"has-post-thumbnail","6":"product_cat-on-line","8":"first","9":"instock","10":"taxable","11":"shipping-taxable","12":"purchasable","13":"product-type-simple"},"_links":{"self":[{"href":"https:\/\/escolaterranima.com\/es\/wp-json\/wp\/v2\/product\/12396","targetHints":{"allow":["GET"]}}],"collection":[{"href":"https:\/\/escolaterranima.com\/es\/wp-json\/wp\/v2\/product"}],"about":[{"href":"https:\/\/escolaterranima.com\/es\/wp-json\/wp\/v2\/types\/product"}],"version-history":[{"count":1,"href":"https:\/\/escolaterranima.com\/es\/wp-json\/wp\/v2\/product\/12396\/revisions"}],"predecessor-version":[{"id":12397,"href":"https:\/\/escolaterranima.com\/es\/wp-json\/wp\/v2\/product\/12396\/revisions\/12397"}],"wp:featuredmedia":[{"embeddable":true,"href":"https:\/\/escolaterranima.com\/es\/wp-json\/wp\/v2\/media\/8012"}],"wp:attachment":[{"href":"https:\/\/escolaterranima.com\/es\/wp-json\/wp\/v2\/media?parent=12396"}],"wp:term":[{"taxonomy":"product_brand","embeddable":true,"href":"https:\/\/escolaterranima.com\/es\/wp-json\/wp\/v2\/product_brand?post=12396"},{"taxonomy":"product_cat","embeddable":true,"href":"https:\/\/escolaterranima.com\/es\/wp-json\/wp\/v2\/product_cat?post=12396"},{"taxonomy":"product_tag","embeddable":true,"href":"https:\/\/escolaterranima.com\/es\/wp-json\/wp\/v2\/product_tag?post=12396"}],"curies":[{"name":"wp","href":"https:\/\/api.w.org\/{rel}","templated":true}]}}