{"id":8059,"date":"2022-02-07T17:52:57","date_gmt":"2022-02-07T17:52:57","guid":{"rendered":"http:\/\/www.nuriaxandri-demo.cat.mialias.net\/?page_id=8059"},"modified":"2024-10-22T15:48:24","modified_gmt":"2024-10-22T13:48:24","slug":"blog-2","status":"publish","type":"page","link":"https:\/\/escolaterranima.com\/es\/blog-2\/","title":{"rendered":"Blog"},"content":{"rendered":"\t\t<div data-elementor-type=\"wp-page\" data-elementor-id=\"8059\" class=\"elementor elementor-8059\">\n\t\t\t\t\t\t<section class=\"elementor-section elementor-top-section elementor-element elementor-element-a5fb298 elementor-section-full_width elementor-section-stretched elementor-section-height-min-height elementor-section-height-default elementor-section-items-middle\" data-id=\"a5fb298\" data-element_type=\"section\" data-e-type=\"section\" data-settings=\"{&quot;stretch_section&quot;:&quot;section-stretched&quot;,&quot;background_background&quot;:&quot;classic&quot;}\">\n\t\t\t\t\t\t<div class=\"elementor-container elementor-column-gap-no\">\n\t\t\t\t\t<div class=\"elementor-column elementor-col-100 elementor-top-column elementor-element elementor-element-113705f\" data-id=\"113705f\" data-element_type=\"column\" data-e-type=\"column\">\n\t\t\t<div class=\"elementor-widget-wrap elementor-element-populated\">\n\t\t\t\t\t\t<section class=\"elementor-section elementor-inner-section elementor-element elementor-element-836ad66 elementor-section-boxed elementor-section-height-default elementor-section-height-default\" data-id=\"836ad66\" data-element_type=\"section\" data-e-type=\"section\" data-settings=\"{&quot;background_background&quot;:&quot;classic&quot;}\">\n\t\t\t\t\t\t<div class=\"elementor-container elementor-column-gap-default\">\n\t\t\t\t\t<div class=\"elementor-column elementor-col-100 elementor-inner-column elementor-element elementor-element-45eab3a\" data-id=\"45eab3a\" data-element_type=\"column\" data-e-type=\"column\">\n\t\t\t<div class=\"elementor-widget-wrap elementor-element-populated\">\n\t\t\t\t\t\t<div class=\"elementor-element elementor-element-3a1b3df elementor-widget elementor-widget-heading\" data-id=\"3a1b3df\" data-element_type=\"widget\" data-e-type=\"widget\" data-widget_type=\"heading.default\">\n\t\t\t\t<div class=\"elementor-widget-container\">\n\t\t\t\t\t<h2 class=\"elementor-heading-title elementor-size-xxl\">Recursos<\/h2>\t\t\t\t<\/div>\n\t\t\t\t<\/div>\n\t\t\t\t\t<\/div>\n\t\t<\/div>\n\t\t\t\t\t<\/div>\n\t\t<\/section>\n\t\t\t\t\t<\/div>\n\t\t<\/div>\n\t\t\t\t\t<\/div>\n\t\t<\/section>\n\t\t\t\t<section class=\"elementor-section elementor-top-section elementor-element elementor-element-593756a elementor-section-full_width elementor-section-stretched elementor-section-height-default elementor-section-height-default\" data-id=\"593756a\" data-element_type=\"section\" data-e-type=\"section\" data-settings=\"{&quot;stretch_section&quot;:&quot;section-stretched&quot;}\">\n\t\t\t\t\t\t<div class=\"elementor-container elementor-column-gap-default\">\n\t\t\t\t\t<div class=\"elementor-column elementor-col-100 elementor-top-column elementor-element elementor-element-9e2db81\" data-id=\"9e2db81\" data-element_type=\"column\" data-e-type=\"column\" data-settings=\"{&quot;background_background&quot;:&quot;classic&quot;}\">\n\t\t\t<div class=\"elementor-widget-wrap elementor-element-populated\">\n\t\t\t\t\t\t<section class=\"elementor-section elementor-inner-section elementor-element elementor-element-ab0f46d elementor-section-boxed elementor-section-height-default elementor-section-height-default\" data-id=\"ab0f46d\" data-element_type=\"section\" data-e-type=\"section\">\n\t\t\t\t\t\t<div class=\"elementor-container elementor-column-gap-default\">\n\t\t\t\t\t<div class=\"elementor-column elementor-col-100 elementor-inner-column elementor-element elementor-element-e43973a\" data-id=\"e43973a\" data-element_type=\"column\" data-e-type=\"column\" data-settings=\"{&quot;background_background&quot;:&quot;gradient&quot;}\">\n\t\t\t<div class=\"elementor-widget-wrap elementor-element-populated\">\n\t\t\t\t\t\t<div class=\"elementor-element elementor-element-8c25d34 elementor-widget elementor-widget-eael-post-timeline\" data-id=\"8c25d34\" data-element_type=\"widget\" data-e-type=\"widget\" data-widget_type=\"eael-post-timeline.default\">\n\t\t\t\t<div class=\"elementor-widget-container\">\n\t\t\t\t\t<div id=\"eael-post-timeline-8c25d34\" class=\"eael-post-timeline timeline-layout-default eael-post-timeline-arrow-\">\n            <div class=\"eael-post-timeline eael-post-appender eael-post-appender-8c25d34\"><article class=\"eael-timeline-post eael-timeline-column\">\n    <div class=\"eael-timeline-bullet\"><\/div>\n    <div class=\"eael-timeline-post-inner\">\n        <a class=\"eael-timeline-post-link\" href=\"https:\/\/escolaterranima.com\/es\/la-rosa-san-jorge-y-el-ritual-de-transformacion-interior\/\" title=\"La Rosa, San Jorge y el ritual de transformaci\u00f3n interior\">\n            <time datetime=\"7 de mayo de 2026\">7 de mayo de 2026<\/time>\n            <div class=\"eael-timeline-post-image  attachment-medium size-medium\" style=\"background-image: url(https:\/\/escolaterranima.com\/wp-content\/uploads\/2026\/04\/copia-de-baner-ritual-rosa-1-300x150.png);\"><\/div><div class=\"eael-timeline-post-excerpt\"><p>La energ\u00eda de la Rosa y el Divino Femenino<\/p><\/div><div class=\"eael-timeline-post-title\">\n                    <h2 class=\"eael-timeline-post-title-text\">La Rosa, San Jorge y el ritual de transformaci\u00f3n interior<\/h2>\n                <\/div><\/a>\n    <\/div>\n<\/article><article class=\"eael-timeline-post eael-timeline-column\">\n    <div class=\"eael-timeline-bullet\"><\/div>\n    <div class=\"eael-timeline-post-inner\">\n        <a class=\"eael-timeline-post-link\" href=\"https:\/\/escolaterranima.com\/es\/el-significado-de-la-navidad\/\" title=\"El significado de la Navidad\">\n            <time datetime=\"9 de diciembre de 2025\">9 de diciembre de 2025<\/time>\n            <div class=\"eael-timeline-post-image  attachment-medium size-medium\" style=\"background-image: url(https:\/\/escolaterranima.com\/wp-content\/uploads\/2025\/12\/Nadal-2-1-300x300.png);\"><\/div><div class=\"eael-timeline-post-excerpt\"><p>\u00bfC\u00faal es el significado de la Navidad? \u00bfC\u00faal es el...<\/p><\/div><div class=\"eael-timeline-post-title\">\n                    <h2 class=\"eael-timeline-post-title-text\">El significado de la Navidad<\/h2>\n                <\/div><\/a>\n    <\/div>\n<\/article><article class=\"eael-timeline-post eael-timeline-column\">\n    <div class=\"eael-timeline-bullet\"><\/div>\n    <div class=\"eael-timeline-post-inner\">\n        <a class=\"eael-timeline-post-link\" href=\"https:\/\/escolaterranima.com\/es\/el-templo-de-isis-y-maria-magdalena\/\" title=\"El templo de Isis y Mar\u00eda Magdalena\">\n            <time datetime=\"18 de noviembre de 2025\">18 de noviembre de 2025<\/time>\n            <div class=\"eael-timeline-post-image  attachment-medium size-medium\" style=\"background-image: url(https:\/\/escolaterranima.com\/wp-content\/uploads\/2023\/02\/baner-isis-4-300x150.png);\"><\/div><div class=\"eael-timeline-post-excerpt\"><p>El Templo de Isis La Diosa Isis y Mar\u00eda Magdalena...<\/p><\/div><div class=\"eael-timeline-post-title\">\n                    <h2 class=\"eael-timeline-post-title-text\">El templo de Isis y Mar\u00eda Magdalena<\/h2>\n                <\/div><\/a>\n    <\/div>\n<\/article><article class=\"eael-timeline-post eael-timeline-column\">\n    <div class=\"eael-timeline-bullet\"><\/div>\n    <div class=\"eael-timeline-post-inner\">\n        <a class=\"eael-timeline-post-link\" href=\"https:\/\/escolaterranima.com\/es\/ritual-vivir-con-placer\/\" title=\"RITUAL: vivir con placer\">\n            <time datetime=\"10 de noviembre de 2025\">10 de noviembre de 2025<\/time>\n            <div class=\"eael-timeline-post-image  attachment-medium size-medium\" style=\"background-image: url(https:\/\/escolaterranima.com\/wp-content\/uploads\/2022\/04\/baner-placer-300x150.png);\"><\/div><div class=\"eael-timeline-post-excerpt\"><p>RITUAL: Vivir con placer \u00bfQu\u00e9 limita tu placer? Te propongo...<\/p><\/div><div class=\"eael-timeline-post-title\">\n                    <h2 class=\"eael-timeline-post-title-text\">RITUAL: vivir con placer<\/h2>\n                <\/div><\/a>\n    <\/div>\n<\/article><article class=\"eael-timeline-post eael-timeline-column\">\n    <div class=\"eael-timeline-bullet\"><\/div>\n    <div class=\"eael-timeline-post-inner\">\n        <a class=\"eael-timeline-post-link\" href=\"https:\/\/escolaterranima.com\/es\/evangeli-de-maria-magdalena\/\" title=\"Evangeli de Maria Magdalena\">\n            <time datetime=\"7 de mayo de 2025\">7 de mayo de 2025<\/time>\n            <div class=\"eael-timeline-post-image  attachment-medium size-medium\" style=\"background-image: url(https:\/\/escolaterranima.com\/wp-content\/uploads\/2025\/05\/Maria-magdalena-cami-espiritual-2-300x150.png);\"><\/div><div class=\"eael-timeline-post-excerpt\"><p>L&#8217;evangeli de Maria Magdalena L\u2019Evangeli de Maria Magdalena Maria Magdalena...<\/p><\/div><div class=\"eael-timeline-post-title\">\n                    <h2 class=\"eael-timeline-post-title-text\">Evangeli de Maria Magdalena<\/h2>\n                <\/div><\/a>\n    <\/div>\n<\/article><article class=\"eael-timeline-post eael-timeline-column\">\n    <div class=\"eael-timeline-bullet\"><\/div>\n    <div class=\"eael-timeline-post-inner\">\n        <a class=\"eael-timeline-post-link\" href=\"https:\/\/escolaterranima.com\/es\/cuando-tu-identidad-es-suplantada\/\" title=\"Cuando tu identidad es suplantada\">\n            <time datetime=\"8 de enero de 2025\">8 de enero de 2025<\/time>\n            <div class=\"eael-timeline-post-image  attachment-medium size-medium\" style=\"background-image: url(https:\/\/escolaterranima.com\/wp-content\/uploads\/2025\/01\/Identitat-i-cami-espiritual-2-300x150.png);\"><\/div><div class=\"eael-timeline-post-excerpt\"><p>Cuando tu identidad es suplantada Una reflexi\u00f3n sobre el camino...<\/p><\/div><div class=\"eael-timeline-post-title\">\n                    <h2 class=\"eael-timeline-post-title-text\">Cuando tu identidad es suplantada<\/h2>\n                <\/div><\/a>\n    <\/div>\n<\/article><article class=\"eael-timeline-post eael-timeline-column\">\n    <div class=\"eael-timeline-bullet\"><\/div>\n    <div class=\"eael-timeline-post-inner\">\n        <a class=\"eael-timeline-post-link\" href=\"https:\/\/escolaterranima.com\/es\/canalizar-sin-miedo\/\" title=\"C\u00f3mo canalizar sin miedo\">\n            <time datetime=\"15 de noviembre de 2024\">15 de noviembre de 2024<\/time>\n            <div class=\"eael-timeline-post-image  attachment-medium size-medium\" style=\"background-image: url(https:\/\/escolaterranima.com\/wp-content\/uploads\/2024\/01\/Copia-de-aceites-esenciales-y-Maria-Magdalena-300x150.png);\"><\/div><div class=\"eael-timeline-post-excerpt\"><p>C\u00f3mo canalizar sin miedo Descubre la mejor protecci\u00f3n energ\u00e9tica y...<\/p><\/div><div class=\"eael-timeline-post-title\">\n                    <h2 class=\"eael-timeline-post-title-text\">C\u00f3mo canalizar sin miedo<\/h2>\n                <\/div><\/a>\n    <\/div>\n<\/article><article class=\"eael-timeline-post eael-timeline-column\">\n    <div class=\"eael-timeline-bullet\"><\/div>\n    <div class=\"eael-timeline-post-inner\">\n        <a class=\"eael-timeline-post-link\" href=\"https:\/\/escolaterranima.com\/es\/las-personas-altamente-sensibles\/\" title=\"Las personas altamente sensibles y la canalizaci\u00f3n\u200b\">\n            <time datetime=\"5 de noviembre de 2024\">5 de noviembre de 2024<\/time>\n            <div class=\"eael-timeline-post-image  attachment-medium size-medium\" style=\"background-image: url(https:\/\/escolaterranima.com\/wp-content\/uploads\/2024\/11\/Persones-altament-sensibles-300x300.png);\"><\/div><div class=\"eael-timeline-post-excerpt\"><p>Las personas altamente sensibles y la canalizaci\u00f3n Una conexi\u00f3n profunda...<\/p><\/div><div class=\"eael-timeline-post-title\">\n                    <h2 class=\"eael-timeline-post-title-text\">Las personas altamente sensibles y la canalizaci\u00f3n\u200b<\/h2>\n                <\/div><\/a>\n    <\/div>\n<\/article><article class=\"eael-timeline-post eael-timeline-column\">\n    <div class=\"eael-timeline-bullet\"><\/div>\n    <div class=\"eael-timeline-post-inner\">\n        <a class=\"eael-timeline-post-link\" href=\"https:\/\/escolaterranima.com\/es\/recibir-mensajes-de-los-guias-espirituales\/\" title=\"C\u00f3mo recibir mensajes de los gu\u00edas espirituales\">\n            <time datetime=\"29 de octubre de 2024\">29 de octubre de 2024<\/time>\n            <div class=\"eael-timeline-post-image  attachment-medium size-medium\" style=\"background-image: url(https:\/\/escolaterranima.com\/wp-content\/uploads\/2023\/01\/baner-CANALIZACION-RECEPTIVIDAD-300x150.png);\"><\/div><div class=\"eael-timeline-post-excerpt\"><p>C\u00f3mo recibir mensajes de los gu\u00edas espirituales En este art\u00edculo...<\/p><\/div><div class=\"eael-timeline-post-title\">\n                    <h2 class=\"eael-timeline-post-title-text\">C\u00f3mo recibir mensajes de los gu\u00edas espirituales<\/h2>\n                <\/div><\/a>\n    <\/div>\n<\/article><article class=\"eael-timeline-post eael-timeline-column\">\n    <div class=\"eael-timeline-bullet\"><\/div>\n    <div class=\"eael-timeline-post-inner\">\n        <a class=\"eael-timeline-post-link\" href=\"https:\/\/escolaterranima.com\/es\/transformacion-espiritual\/\" title=\"Transformaci\u00f3n espiritual\">\n            <time datetime=\"22 de octubre de 2024\">22 de octubre de 2024<\/time>\n            <div class=\"eael-timeline-post-image  attachment-medium size-medium\" style=\"background-image: url(https:\/\/escolaterranima.com\/wp-content\/uploads\/2024\/10\/Copia-de-BANER-canal-de-luz-1-300x150.png);\"><\/div><div class=\"eael-timeline-post-excerpt\"><p>En el art\u00edculo los seres de luz te invitan a...<\/p><\/div><div class=\"eael-timeline-post-title\">\n                    <h2 class=\"eael-timeline-post-title-text\">Transformaci\u00f3n espiritual<\/h2>\n                <\/div><\/a>\n    <\/div>\n<\/article><article class=\"eael-timeline-post eael-timeline-column\">\n    <div class=\"eael-timeline-bullet\"><\/div>\n    <div class=\"eael-timeline-post-inner\">\n        <a class=\"eael-timeline-post-link\" href=\"https:\/\/escolaterranima.com\/es\/ser-un-canal-de-luz\/\" title=\"Ser un Canal de Luz\">\n            <time datetime=\"18 de agosto de 2024\">18 de agosto de 2024<\/time>\n            <div class=\"eael-timeline-post-image  attachment-medium size-medium\" style=\"background-image: url(https:\/\/escolaterranima.com\/wp-content\/uploads\/2024\/08\/BANER-canal-de-luz-300x150.png);\"><\/div><div class=\"eael-timeline-post-excerpt\"><p>Ser un Canal de Luz Cuando hablo de \u201cSer un...<\/p><\/div><div class=\"eael-timeline-post-title\">\n                    <h2 class=\"eael-timeline-post-title-text\">Ser un Canal de Luz<\/h2>\n                <\/div><\/a>\n    <\/div>\n<\/article><article class=\"eael-timeline-post eael-timeline-column\">\n    <div class=\"eael-timeline-bullet\"><\/div>\n    <div class=\"eael-timeline-post-inner\">\n        <a class=\"eael-timeline-post-link\" href=\"https:\/\/escolaterranima.com\/es\/de-crecimiento-personal-a-madurez-espiritual\/\" title=\"De Crecimiento Personal a Madurez Espiritual: Pasos para Elevar Tu Conciencia\">\n            <time datetime=\"19 de junio de 2024\">19 de junio de 2024<\/time>\n            <div class=\"eael-timeline-post-image  attachment-medium size-medium\" style=\"background-image: url(https:\/\/escolaterranima.com\/wp-content\/uploads\/2024\/06\/Copia-de-BANER-vibracion-1-300x150.png);\"><\/div><div class=\"eael-timeline-post-excerpt\"><p>Entrar al mundo espiritual no significa haber adquirido madurez espiritual...<\/p><\/div><div class=\"eael-timeline-post-title\">\n                    <h2 class=\"eael-timeline-post-title-text\">De Crecimiento Personal a Madurez Espiritual: Pasos para Elevar Tu Conciencia<\/h2>\n                <\/div><\/a>\n    <\/div>\n<\/article><article class=\"eael-timeline-post eael-timeline-column\">\n    <div class=\"eael-timeline-bullet\"><\/div>\n    <div class=\"eael-timeline-post-inner\">\n        <a class=\"eael-timeline-post-link\" href=\"https:\/\/escolaterranima.com\/es\/quien-fue-maria-magdalena\/\" title=\"Qui\u00e9n fue Mar\u00eda Magdalena\">\n            <time datetime=\"14 de marzo de 2024\">14 de marzo de 2024<\/time>\n            <div class=\"eael-timeline-post-image  attachment-medium size-medium\" style=\"background-image: url(https:\/\/escolaterranima.com\/wp-content\/uploads\/2024\/03\/BANER-Quien-fue-Maria-Magdalena-300x150.png);\"><\/div><div class=\"eael-timeline-post-excerpt\"><p>Qui\u00e9n fue Mar\u00eda Magdalena Mar\u00eda Magdalena fue una mujer valiente...<\/p><\/div><div class=\"eael-timeline-post-title\">\n                    <h2 class=\"eael-timeline-post-title-text\">Qui\u00e9n fue Mar\u00eda Magdalena<\/h2>\n                <\/div><\/a>\n    <\/div>\n<\/article><article class=\"eael-timeline-post eael-timeline-column\">\n    <div class=\"eael-timeline-bullet\"><\/div>\n    <div class=\"eael-timeline-post-inner\">\n        <a class=\"eael-timeline-post-link\" href=\"https:\/\/escolaterranima.com\/es\/aceites-esenciales-y-maria-magdalena\/\" title=\"Aceites esenciales y Mar\u00eda Magdalena\">\n            <time datetime=\"8 de marzo de 2024\">8 de marzo de 2024<\/time>\n            <div class=\"eael-timeline-post-image  attachment-medium size-medium\" style=\"background-image: url(https:\/\/escolaterranima.com\/wp-content\/uploads\/2024\/03\/BANER-aceites-esenciales-y-Maria-Magdalena-1-300x150.png);\"><\/div><div class=\"eael-timeline-post-excerpt\"><p>Los aceites son un buen soporte en el proceso de...<\/p><\/div><div class=\"eael-timeline-post-title\">\n                    <h2 class=\"eael-timeline-post-title-text\">Aceites esenciales y Mar\u00eda Magdalena<\/h2>\n                <\/div><\/a>\n    <\/div>\n<\/article><article class=\"eael-timeline-post eael-timeline-column\">\n    <div class=\"eael-timeline-bullet\"><\/div>\n    <div class=\"eael-timeline-post-inner\">\n        <a class=\"eael-timeline-post-link\" href=\"https:\/\/escolaterranima.com\/es\/medicina-femenina-segun-maria-magdalena\/\" title=\"Medicina Femenina seg\u00fan Mar\u00eda Magdalena\">\n            <time datetime=\"26 de febrero de 2024\">26 de febrero de 2024<\/time>\n            <div class=\"eael-timeline-post-image  attachment-medium size-medium\" style=\"background-image: url(https:\/\/escolaterranima.com\/wp-content\/uploads\/2022\/08\/baner-medicina-femenina-300x150.jpg);\"><\/div><div class=\"eael-timeline-post-excerpt\"><p>Medicina Femenina Medicina Femenina seg\u00fan las ense\u00f1anzas de Mar\u00eda Magdalena...<\/p><\/div><div class=\"eael-timeline-post-title\">\n                    <h2 class=\"eael-timeline-post-title-text\">Medicina Femenina seg\u00fan Mar\u00eda Magdalena<\/h2>\n                <\/div><\/a>\n    <\/div>\n<\/article><article class=\"eael-timeline-post eael-timeline-column\">\n    <div class=\"eael-timeline-bullet\"><\/div>\n    <div class=\"eael-timeline-post-inner\">\n        <a class=\"eael-timeline-post-link\" href=\"https:\/\/escolaterranima.com\/es\/la-voz-del-utero\/\" title=\"La voz del \u00fatero\">\n            <time datetime=\"19 de febrero de 2024\">19 de febrero de 2024<\/time>\n            <div class=\"eael-timeline-post-image  attachment-medium size-medium\" style=\"background-image: url(https:\/\/escolaterranima.com\/wp-content\/uploads\/2022\/08\/baner-la-voz-del-utero-300x150.jpg);\"><\/div><div class=\"eael-timeline-post-excerpt\"><p>La voz del \u00fatero \u00bfC\u00f3mo escuchar la voz del \u00fatero?...<\/p><\/div><div class=\"eael-timeline-post-title\">\n                    <h2 class=\"eael-timeline-post-title-text\">La voz del \u00fatero<\/h2>\n                <\/div><\/a>\n    <\/div>\n<\/article><\/div>\n\t\t<\/div>            <div class=\"eael-load-more-button-wrap\">\n                <button class=\"eael-load-more-button\" id=\"eael-load-more-btn-8c25d34\" data-widget-id=\"8c25d34\" data-widget=\"8c25d34\" data-page-id=\"8059\" data-template=\"{&quot;dir&quot;:&quot;lite&quot;,&quot;file_name&quot;:&quot;default.php&quot;,&quot;name&quot;:&quot;Post-Timeline&quot;}\" data-class=\"Essential_Addons_Elementor\\Elements\\Post_Timeline\" data-layout=\"\" data-page=\"1\" data-args=\"orderby=date&amp;order=desc&amp;ignore_sticky_posts=1&amp;post_status=publish&amp;posts_per_page=16&amp;offset=0&amp;post_type=post\" data-max-page=\"2\">\n                    <span class=\"eael-btn-loader button__loader\"><\/span>\n                    <span class=\"eael_load_more_text\">Cargar m\u00e1s<\/span>\n                <\/button>\n            <\/div>\n            \t\t\t\t<\/div>\n\t\t\t\t<\/div>\n\t\t\t\t\t<\/div>\n\t\t<\/div>\n\t\t\t\t\t<\/div>\n\t\t<\/section>\n\t\t\t\t\t<\/div>\n\t\t<\/div>\n\t\t\t\t\t<\/div>\n\t\t<\/section>\n\t\t\t\t<\/div>\n\t\t","protected":false},"excerpt":{"rendered":"<p>Recursos 22\/10\/2024 Lo nuevo que nace en ti Propuestas de los seres&#8230; Lo nuevo que nace en ti 18\/08\/2024 Ser un Canal de Luz Cuando hablo de \u201cSer canal&#8230; Ser un Canal de Luz 19\/06\/2024 Madurez Espiritual Integrar las ense\u00f1anzas espirituales Entrar al mundo espiritual&#8230; Madurez espiritual 14\/03\/2024 Qui\u00e9n fue Mar\u00eda Magdalena Mar\u00eda Magdalena fue &#8230; <a title=\"La voz del \u00fatero\" class=\"read-more\" href=\"https:\/\/escolaterranima.com\/es\/la-voz-del-utero\/\" aria-label=\"Leer m\u00e1s sobre La voz del \u00fatero\">Leer m\u00e1s<\/a><\/p>\n","protected":false},"author":288,"featured_media":0,"parent":0,"menu_order":0,"comment_status":"closed","ping_status":"closed","template":"","meta":{"footnotes":""},"class_list":["post-8059","page","type-page","status-publish","hentry"],"_links":{"self":[{"href":"https:\/\/escolaterranima.com\/es\/wp-json\/wp\/v2\/pages\/8059","targetHints":{"allow":["GET"]}}],"collection":[{"href":"https:\/\/escolaterranima.com\/es\/wp-json\/wp\/v2\/pages"}],"about":[{"href":"https:\/\/escolaterranima.com\/es\/wp-json\/wp\/v2\/types\/page"}],"author":[{"embeddable":true,"href":"https:\/\/escolaterranima.com\/es\/wp-json\/wp\/v2\/users\/288"}],"replies":[{"embeddable":true,"href":"https:\/\/escolaterranima.com\/es\/wp-json\/wp\/v2\/comments?post=8059"}],"version-history":[{"count":69,"href":"https:\/\/escolaterranima.com\/es\/wp-json\/wp\/v2\/pages\/8059\/revisions"}],"predecessor-version":[{"id":21368,"href":"https:\/\/escolaterranima.com\/es\/wp-json\/wp\/v2\/pages\/8059\/revisions\/21368"}],"wp:attachment":[{"href":"https:\/\/escolaterranima.com\/es\/wp-json\/wp\/v2\/media?parent=8059"}],"curies":[{"name":"wp","href":"https:\/\/api.w.org\/{rel}","templated":true}]}}