{"id":7809,"date":"2022-01-26T13:25:02","date_gmt":"2022-01-26T13:25:02","guid":{"rendered":"http:\/\/www.nuriaxandri-demo.cat.mialias.net\/?page_id=7809"},"modified":"2026-03-18T13:35:14","modified_gmt":"2026-03-18T12:35:14","slug":"canalizacion-espiritual","status":"publish","type":"page","link":"https:\/\/escolaterranima.com\/es\/servicios\/canalizacion-espiritual\/","title":{"rendered":"Canalizaci\u00f3n Espiritual para el Crecimiento y la Evoluci\u00f3n Interior"},"content":{"rendered":"\t\t<div data-elementor-type=\"wp-page\" data-elementor-id=\"7809\" class=\"elementor elementor-7809\">\n\t\t\t\t\t\t<section class=\"elementor-section elementor-top-section elementor-element elementor-element-240592d elementor-section-full_width elementor-section-stretched elementor-section-height-min-height elementor-section-height-default elementor-section-items-middle\" data-id=\"240592d\" data-element_type=\"section\" data-e-type=\"section\" data-settings=\"{&quot;stretch_section&quot;:&quot;section-stretched&quot;,&quot;background_background&quot;:&quot;classic&quot;}\">\n\t\t\t\t\t\t<div class=\"elementor-container elementor-column-gap-no\">\n\t\t\t\t\t<div class=\"elementor-column elementor-col-100 elementor-top-column elementor-element elementor-element-c3721d5\" data-id=\"c3721d5\" data-element_type=\"column\" data-e-type=\"column\">\n\t\t\t<div class=\"elementor-widget-wrap elementor-element-populated\">\n\t\t\t\t\t\t<section class=\"elementor-section elementor-inner-section elementor-element elementor-element-5000b96 elementor-section-boxed elementor-section-height-default elementor-section-height-default\" data-id=\"5000b96\" data-element_type=\"section\" data-e-type=\"section\" data-settings=\"{&quot;background_background&quot;:&quot;classic&quot;}\">\n\t\t\t\t\t\t<div class=\"elementor-container elementor-column-gap-default\">\n\t\t\t\t\t<div class=\"elementor-column elementor-col-100 elementor-inner-column elementor-element elementor-element-6fe99bf\" data-id=\"6fe99bf\" data-element_type=\"column\" data-e-type=\"column\">\n\t\t\t<div class=\"elementor-widget-wrap elementor-element-populated\">\n\t\t\t\t\t\t<div class=\"elementor-element elementor-element-af83632 elementor-widget elementor-widget-heading\" data-id=\"af83632\" data-element_type=\"widget\" data-e-type=\"widget\" data-widget_type=\"heading.default\">\n\t\t\t\t<div class=\"elementor-widget-container\">\n\t\t\t\t\t<h1 class=\"elementor-heading-title elementor-size-xxl\">Canalizaci\u00f3n Espiritual para el Crecimiento y la Evoluci\u00f3n Interior<\/h1>\t\t\t\t<\/div>\n\t\t\t\t<\/div>\n\t\t\t\t\t<\/div>\n\t\t<\/div>\n\t\t\t\t\t<\/div>\n\t\t<\/section>\n\t\t\t\t\t<\/div>\n\t\t<\/div>\n\t\t\t\t\t<\/div>\n\t\t<\/section>\n\t\t\t\t<section class=\"elementor-section elementor-top-section elementor-element elementor-element-02cf82b elementor-section-full_width elementor-section-stretched elementor-section-height-default elementor-section-height-default\" data-id=\"02cf82b\" data-element_type=\"section\" data-e-type=\"section\" data-settings=\"{&quot;stretch_section&quot;:&quot;section-stretched&quot;}\">\n\t\t\t\t\t\t<div class=\"elementor-container elementor-column-gap-default\">\n\t\t\t\t\t<div class=\"elementor-column elementor-col-100 elementor-top-column elementor-element elementor-element-4e28d04\" data-id=\"4e28d04\" data-element_type=\"column\" data-e-type=\"column\" data-settings=\"{&quot;background_background&quot;:&quot;classic&quot;}\">\n\t\t\t<div class=\"elementor-widget-wrap elementor-element-populated\">\n\t\t\t\t\t\t<section class=\"elementor-section elementor-inner-section elementor-element elementor-element-126a9ed elementor-section-boxed elementor-section-height-default elementor-section-height-default\" data-id=\"126a9ed\" data-element_type=\"section\" data-e-type=\"section\">\n\t\t\t\t\t\t<div class=\"elementor-container elementor-column-gap-default\">\n\t\t\t\t\t<div class=\"elementor-column elementor-col-100 elementor-inner-column elementor-element elementor-element-ad34770\" data-id=\"ad34770\" data-element_type=\"column\" data-e-type=\"column\">\n\t\t\t<div class=\"elementor-widget-wrap elementor-element-populated\">\n\t\t\t\t\t\t<div class=\"elementor-element elementor-element-d906d10 elementor-widget elementor-widget-text-editor\" data-id=\"d906d10\" data-element_type=\"widget\" data-e-type=\"widget\" data-widget_type=\"text-editor.default\">\n\t\t\t\t<div class=\"elementor-widget-container\">\n\t\t\t\t\t\t\t\t\t<h3 style=\"text-align: center;\">\u00a0<\/h3><h3 style=\"text-align: center;\">\u00bfQu\u00e9 es la Canalizaci\u00f3n Espiritual?<\/h3><p>La sesi\u00f3n de canalizaci\u00f3n es un espacio que siempre vibra alto, te permite escuchar los mensajes de luz y conectar con la sabidur\u00eda del alma.<\/p><p>En un encuentro individual de canalizaci\u00f3n espiritual, tus gu\u00edas\u00a0est\u00e1n presentes para empoderarte en tu presente y ofrecerte una mirada amplia de la vida que te permita darte cuenta de lo que necesitas y tomar les decisiones m\u00e1s adecuadas en cada momento.<\/p><p>Los seres de luz te recuerdan los dones que est\u00e1n en ti y te ayudan a despertarlos para que los pongas al servicio de la vida. Te indican el camino y los pasos m\u00e1s convenientes para vibrar todo tu potencial.<\/p><p>En general, los mensajes que recibes en una canalizaci\u00f3n espiritual, te permiten aumentar la confianza y tener m\u00e1s herramientas para afrontar los cambios y dificultades de la vida. <strong><span style=\"color: #b79f14;\">Te ayudan a darte cuenta de qui\u00e9n eres, de la luz que hay en ti, para brillar, y vivir la vida con plenitud<\/span><\/strong><span style=\"color: #b79f14;\">.<\/span><\/p><p>\u00a0<\/p><p>Para pedir cita <a href=\"https:\/\/api.whatsapp.com\/send?phone=34699852350&amp;text=Hola%20N%C3%BAria,%20quiero%20una%20cita%20para%20una%20canalizaci%C3%B3n.\" target=\"_blank\" rel=\"noopener\">env\u00eda un mensaje<\/a> para poder agendar la sesi\u00f3n y posteriormente procedes al pago.<\/p>\t\t\t\t\t\t\t\t<\/div>\n\t\t\t\t<\/div>\n\t\t\t\t<div class=\"elementor-element elementor-element-ba06e3c elementor-align-center elementor-widget elementor-widget-button\" data-id=\"ba06e3c\" data-element_type=\"widget\" data-e-type=\"widget\" data-widget_type=\"button.default\">\n\t\t\t\t<div class=\"elementor-widget-container\">\n\t\t\t\t\t\t\t\t\t<div class=\"elementor-button-wrapper\">\n\t\t\t\t\t<a class=\"elementor-button elementor-button-link elementor-size-sm\" href=\"\/es\/carrito\/?add-to-cart=%2010867\">\n\t\t\t\t\t\t<span class=\"elementor-button-content-wrapper\">\n\t\t\t\t\t\t\t\t\t<span class=\"elementor-button-text\">Pedir una cita<\/span>\n\t\t\t\t\t<\/span>\n\t\t\t\t\t<\/a>\n\t\t\t\t<\/div>\n\t\t\t\t\t\t\t\t<\/div>\n\t\t\t\t<\/div>\n\t\t\t\t\t<\/div>\n\t\t<\/div>\n\t\t\t\t\t<\/div>\n\t\t<\/section>\n\t\t\t\t<div class=\"elementor-element elementor-element-6eb593d elementor-widget elementor-widget-image\" data-id=\"6eb593d\" data-element_type=\"widget\" data-e-type=\"widget\" data-widget_type=\"image.default\">\n\t\t\t\t<div class=\"elementor-widget-container\">\n\t\t\t\t\t\t\t\t\t\t\t\t\t\t\t<img decoding=\"async\" src=\"https:\/\/escolaterranima.com\/wp-content\/uploads\/elementor\/thumbs\/IMG_20190707_181121-scaled-qxoffroxe0qzrepjaejzshigxmgqvfal6ihe4em020.jpg\" title=\"dav\" alt=\"canalitzaci\u00f3 espiritual\" loading=\"lazy\" \/>\t\t\t\t\t\t\t\t\t\t\t\t\t\t\t<\/div>\n\t\t\t\t<\/div>\n\t\t\t\t<section class=\"elementor-section elementor-inner-section elementor-element elementor-element-1177848 elementor-section-boxed elementor-section-height-default elementor-section-height-default\" data-id=\"1177848\" data-element_type=\"section\" data-e-type=\"section\">\n\t\t\t\t\t\t<div class=\"elementor-container elementor-column-gap-default\">\n\t\t\t\t\t<div class=\"elementor-column elementor-col-50 elementor-inner-column elementor-element elementor-element-61cfb69\" data-id=\"61cfb69\" data-element_type=\"column\" data-e-type=\"column\">\n\t\t\t<div class=\"elementor-widget-wrap elementor-element-populated\">\n\t\t\t\t\t\t<div class=\"elementor-element elementor-element-0ed6d8f elementor-widget elementor-widget-image\" data-id=\"0ed6d8f\" data-element_type=\"widget\" data-e-type=\"widget\" data-widget_type=\"image.default\">\n\t\t\t\t<div class=\"elementor-widget-container\">\n\t\t\t\t\t\t\t\t\t\t\t\t\t\t\t<img loading=\"lazy\" decoding=\"async\" width=\"1024\" height=\"1024\" src=\"https:\/\/escolaterranima.com\/wp-content\/uploads\/2022\/01\/Terra\u0300nima142-1024x1024.jpg\" class=\"attachment-large size-large wp-image-6888\" alt=\"\" srcset=\"https:\/\/escolaterranima.com\/wp-content\/uploads\/2022\/01\/Terra\u0300nima142-1024x1024.jpg 1024w, https:\/\/escolaterranima.com\/wp-content\/uploads\/2022\/01\/Terra\u0300nima142-300x300.jpg 300w, https:\/\/escolaterranima.com\/wp-content\/uploads\/2022\/01\/Terra\u0300nima142-150x150.jpg 150w, https:\/\/escolaterranima.com\/wp-content\/uploads\/2022\/01\/Terra\u0300nima142-768x768.jpg 768w, https:\/\/escolaterranima.com\/wp-content\/uploads\/2022\/01\/Terra\u0300nima142-1536x1536.jpg 1536w, https:\/\/escolaterranima.com\/wp-content\/uploads\/2022\/01\/Terra\u0300nima142-2048x2048.jpg 2048w, https:\/\/escolaterranima.com\/wp-content\/uploads\/2022\/01\/Terra\u0300nima142-600x600.jpg 600w, https:\/\/escolaterranima.com\/wp-content\/uploads\/2022\/01\/Terra\u0300nima142-100x100.jpg 100w\" sizes=\"auto, (max-width: 1024px) 100vw, 1024px\" \/>\t\t\t\t\t\t\t\t\t\t\t\t\t\t\t<\/div>\n\t\t\t\t<\/div>\n\t\t\t\t\t<\/div>\n\t\t<\/div>\n\t\t\t\t<div class=\"elementor-column elementor-col-50 elementor-inner-column elementor-element elementor-element-abe8e18\" data-id=\"abe8e18\" data-element_type=\"column\" data-e-type=\"column\">\n\t\t\t<div class=\"elementor-widget-wrap elementor-element-populated\">\n\t\t\t\t\t\t<div class=\"elementor-element elementor-element-208f6d0 elementor-widget elementor-widget-text-editor\" data-id=\"208f6d0\" data-element_type=\"widget\" data-e-type=\"widget\" data-widget_type=\"text-editor.default\">\n\t\t\t\t<div class=\"elementor-widget-container\">\n\t\t\t\t\t\t\t\t\t<h3 style=\"padding-left: 40px;\">\u00bfCu\u00e1ndo hacer una sesi\u00f3n de canalizaci\u00f3n espiritual?<\/h3><p>Hay momentos en la vida en los que puedes sentirte confundida, sin saber por d\u00f3nde seguir, con malestar, inseguridad, angustia. A todos nos va bien una ayuda para retomar el rumbo.<\/p><p>La canalizaci\u00f3n de los seres de luz tambi\u00e9n te sirve cuando quieres dar un paso m\u00e1s en tu camino evolutivo. Est\u00e1s pasando un buen momento, sientes seguridad y quieres vibrar m\u00e1s alto\u2026 tus gu\u00edas te acompa\u00f1an y te dan las herramientas que necesitas.<\/p><p>Puedes pedir una sesi\u00f3n de canalizaci\u00f3n siempre que te apetezca vibrar alto y escuchar el mensaje de tus gu\u00edas espirituales.<\/p><h3>\u00bfCu\u00e1les son los beneficios de la Canalizaci\u00f3n Espiritual en el Crecimiento Personal?<\/h3><p>La canalizaci\u00f3n es una pr\u00e1ctica que nos permite conectar con una fuente de sabidur\u00eda m\u00e1s elevada, ya sea nuestro propio ser superior, gu\u00edas espirituales o una energ\u00eda universal de luz y amor. A trav\u00e9s de esta conexi\u00f3n, accedemos a conocimientos y perspectivas que, de otro modo, podr\u00edan pasar desapercibidos en nuestra vida cotidiana. La canalizaci\u00f3n espiritual es una herramienta poderosa en el camino de crecimiento personal, los beneficios m\u00e1s comunes son:<\/p><ul><li><strong>Claridad y Comprensi\u00f3n Profunda<\/strong><\/li><\/ul><p>Uno de los beneficios m\u00e1s inmediatos de la canalizaci\u00f3n espiritual es la claridad mental y emocional. Al recibir un mensaje de los seres de luz, muchas personas experimentan una mayor comprensi\u00f3n sobre qui\u00e9nes son, cu\u00e1les son sus verdaderos deseos y el prop\u00f3sito de sus experiencias de vida. Esta claridad te permite tomar decisiones alineadas con tu verdadero ser y evita los bloqueos que surgen al actuar en contra de tus propios valores y principios.<\/p><ul><li><strong>Liberaci\u00f3n de Bloqueos Emocionales<\/strong><\/li><\/ul><p>Durante la canalizaci\u00f3n, pueden surgir emociones reprimidas o patrones mentales que han impedido tu crecimiento. Los mensajes que recibes de tus gu\u00edas espirituales te ayudan a reconocer y liberar estos bloqueos, permiti\u00e9ndonos avanzar con una carga emocional m\u00e1s ligera. Este proceso tambi\u00e9n facilita el perd\u00f3n, tanto hacia los dem\u00e1s como hacia uno mismo, promoviendo una mayor paz interior.<\/p><ul><li><strong>Desarrollo de la Intuici\u00f3n<\/strong><\/li><\/ul><p>La canalizaci\u00f3n fortalece nuestra intuici\u00f3n al abrirnos a mensajes y se\u00f1ales sutiles de nuestro entorno y nuestra energ\u00eda interna. En una sesi\u00f3n de canalizaci\u00f3n espiritual, muchas veces los seres de luz te ayudan a confiar en tu intuici\u00f3n y eso es clave en el crecimiento personal, ya que te permite tomar decisiones m\u00e1s alineadas con tu camino y reaccionar de forma consciente ante los desaf\u00edos.<\/p><ul><li><strong>Mayor Conexi\u00f3n con el Prop\u00f3sito de Vida<\/strong><\/li><\/ul><p>A trav\u00e9s de la canalizaci\u00f3n espiritual, puedes descubrir un sentido m\u00e1s profundo de la vida. Los seres de luz pueden revelar aspectos ocultos de tu misi\u00f3n de vida, los talentos que debes desarrollar o las \u00e1reas en las que puedes contribuir al bienestar de los dem\u00e1s. Este sentido de prop\u00f3sito aporta motivaci\u00f3n y una satisfacci\u00f3n m\u00e1s duradera, ya que cada paso que das est\u00e1 en armon\u00eda con tu alma.<\/p><ul><li><strong>Reducci\u00f3n de Estr\u00e9s y Ansiedad<\/strong><\/li><\/ul><p>La canalizaci\u00f3n espiritual tambi\u00e9n puede ser profundamente sanadora en t\u00e9rminos de salud mental y emocional. Al recibir gu\u00eda y reconectar con la espiritualidad, es com\u00fan experimentar una mayor tranquilidad y resiliencia. La perspectiva m\u00e1s amplia que nos dan los seres de luz nos ayuda a enfrentar las dificultades desde un lugar de calma y comprensi\u00f3n, en lugar de dejarnos llevar por el miedo o la ansiedad.<\/p><ul><li><strong>Empoderamiento Personal<\/strong><\/li><\/ul><p>La canalizaci\u00f3n espiritual empodera ya que te recuerda que tienes una fuente interna de sabidur\u00eda y fortaleza, en lugar de buscar constantemente respuestas fuera de ti. Este empoderamiento fomenta una mayor autoaceptaci\u00f3n y una relaci\u00f3n m\u00e1s amorosa con uno mismo.<\/p><ul><li><strong>Ampliaci\u00f3n de la Conciencia y Compasi\u00f3n<\/strong><\/li><\/ul><p>Al conectar con una conciencia superior, experimentas una mayor compasi\u00f3n y empat\u00eda por los dem\u00e1s. Comprendes que todos estamos conectados y que tus acciones tienen un impacto en el bienestar com\u00fan. Esta conciencia te impulsa a actuar de manera \u00e9tica y a contribuir positivamente a en la comunidad, fomentando relaciones m\u00e1s armoniosas y una vida m\u00e1s equilibrada.<\/p><h3>\u00bfC\u00f3mo funciona la canalizaci\u00f3n espiritual?<\/h3><p>Empezamos el encuentro con una peque\u00f1a meditaci\u00f3n para subir la vibraci\u00f3n y damos la bienvenida a los seres de luz.<\/p><p>A partir de ah\u00ed me explicas cu\u00e1l es tu prop\u00f3sito para la sesi\u00f3n: planteas un tema, haces preguntas concretas\u2026<\/p><p>Y yo abro el canal para dar voz a tus gu\u00edas espirituales para que puedas recibir el mensaje de luz que est\u00e1s abierto a recibir en ese momento.\u00a0<\/p><h3>\u00bfC\u00f3mo pedir una cita de canalizaci\u00f3n espiritual?<\/h3><p>Primero <a href=\"https:\/\/api.whatsapp.com\/send?phone=34699852350&amp;text=Hola%20N%C3%BAria,%20quiero%20una%20cita%20para%20una%20canalizaci%C3%B3n.\" target=\"_blank\" rel=\"noopener\">me env\u00edas un mensaje<\/a> para poder agendar la sesi\u00f3n y posteriormente (cuando ya nos hemos puesto de acuerdo) procedes al pago.<\/p>\t\t\t\t\t\t\t\t<\/div>\n\t\t\t\t<\/div>\n\t\t\t\t\t<\/div>\n\t\t<\/div>\n\t\t\t\t\t<\/div>\n\t\t<\/section>\n\t\t\t\t<section class=\"elementor-section elementor-inner-section elementor-element elementor-element-c21b997 elementor-section-content-middle elementor-section-boxed elementor-section-height-default elementor-section-height-default\" data-id=\"c21b997\" data-element_type=\"section\" data-e-type=\"section\" data-settings=\"{&quot;background_background&quot;:&quot;classic&quot;}\">\n\t\t\t\t\t\t<div class=\"elementor-container elementor-column-gap-default\">\n\t\t\t\t\t<div class=\"elementor-column elementor-col-100 elementor-inner-column elementor-element elementor-element-bd0b47d\" data-id=\"bd0b47d\" data-element_type=\"column\" data-e-type=\"column\" data-settings=\"{&quot;background_background&quot;:&quot;gradient&quot;}\">\n\t\t\t<div class=\"elementor-widget-wrap elementor-element-populated\">\n\t\t\t\t\t\t<div class=\"elementor-element elementor-element-1c998ac elementor-widget elementor-widget-text-editor\" data-id=\"1c998ac\" data-element_type=\"widget\" data-e-type=\"widget\" data-widget_type=\"text-editor.default\">\n\t\t\t\t<div class=\"elementor-widget-container\">\n\t\t\t\t\t\t\t\t\t<h2><strong>Canalizaci\u00f3n individual:<\/strong><\/h2>\t\t\t\t\t\t\t\t<\/div>\n\t\t\t\t<\/div>\n\t\t\t\t<div class=\"elementor-element elementor-element-9309d8e elementor-align-center elementor-widget elementor-widget-button\" data-id=\"9309d8e\" data-element_type=\"widget\" data-e-type=\"widget\" data-widget_type=\"button.default\">\n\t\t\t\t<div class=\"elementor-widget-container\">\n\t\t\t\t\t\t\t\t\t<div class=\"elementor-button-wrapper\">\n\t\t\t\t\t<a class=\"elementor-button elementor-button-link elementor-size-sm\" href=\"\/es\/carrito\/?add-to-cart=%2010867\">\n\t\t\t\t\t\t<span class=\"elementor-button-content-wrapper\">\n\t\t\t\t\t\t\t\t\t<span class=\"elementor-button-text\">Confirma la cita<\/span>\n\t\t\t\t\t<\/span>\n\t\t\t\t\t<\/a>\n\t\t\t\t<\/div>\n\t\t\t\t\t\t\t\t<\/div>\n\t\t\t\t<\/div>\n\t\t\t\t\t<\/div>\n\t\t<\/div>\n\t\t\t\t\t<\/div>\n\t\t<\/section>\n\t\t\t\t<section class=\"elementor-section elementor-inner-section elementor-element elementor-element-821ca27 elementor-section-boxed elementor-section-height-default elementor-section-height-default\" data-id=\"821ca27\" data-element_type=\"section\" data-e-type=\"section\" data-settings=\"{&quot;background_background&quot;:&quot;classic&quot;}\">\n\t\t\t\t\t\t<div class=\"elementor-container elementor-column-gap-default\">\n\t\t\t\t\t<div class=\"elementor-column elementor-col-100 elementor-inner-column elementor-element elementor-element-aac8606\" data-id=\"aac8606\" data-element_type=\"column\" data-e-type=\"column\">\n\t\t\t<div class=\"elementor-widget-wrap elementor-element-populated\">\n\t\t\t\t\t\t<div class=\"elementor-element elementor-element-1ed5006 elementor-widget elementor-widget-text-editor\" data-id=\"1ed5006\" data-element_type=\"widget\" data-e-type=\"widget\" data-widget_type=\"text-editor.default\">\n\t\t\t\t<div class=\"elementor-widget-container\">\n\t\t\t\t\t\t\t\t\t<h1>Informaci\u00f3n de inter\u00e9s:<\/h1>\t\t\t\t\t\t\t\t<\/div>\n\t\t\t\t<\/div>\n\t\t\t\t<div class=\"elementor-element elementor-element-849e8de elementor-position-top elementor-widget elementor-widget-image-box\" data-id=\"849e8de\" data-element_type=\"widget\" data-e-type=\"widget\" data-widget_type=\"image-box.default\">\n\t\t\t\t<div class=\"elementor-widget-container\">\n\t\t\t\t\t<div class=\"elementor-image-box-wrapper\"><figure class=\"elementor-image-box-img\"><a href=\"https:\/\/escolaterranima.com\/es\/cursos-presenciales\/aprender-a-canalizar-curso\/\" tabindex=\"-1\"><img loading=\"lazy\" decoding=\"async\" width=\"1080\" height=\"1080\" src=\"https:\/\/escolaterranima.com\/wp-content\/uploads\/2026\/03\/curs-aprendre-a-canalitzar-1.png\" class=\"attachment-full size-full wp-image-28659\" alt=\"Curs aprendre a canalitzar\" srcset=\"https:\/\/escolaterranima.com\/wp-content\/uploads\/2026\/03\/curs-aprendre-a-canalitzar-1.png 1080w, https:\/\/escolaterranima.com\/wp-content\/uploads\/2026\/03\/curs-aprendre-a-canalitzar-1-300x300.png 300w, https:\/\/escolaterranima.com\/wp-content\/uploads\/2026\/03\/curs-aprendre-a-canalitzar-1-1024x1024.png 1024w, https:\/\/escolaterranima.com\/wp-content\/uploads\/2026\/03\/curs-aprendre-a-canalitzar-1-150x150.png 150w, https:\/\/escolaterranima.com\/wp-content\/uploads\/2026\/03\/curs-aprendre-a-canalitzar-1-768x768.png 768w, https:\/\/escolaterranima.com\/wp-content\/uploads\/2026\/03\/curs-aprendre-a-canalitzar-1-600x600.png 600w, https:\/\/escolaterranima.com\/wp-content\/uploads\/2026\/03\/curs-aprendre-a-canalitzar-1-100x100.png 100w\" sizes=\"auto, (max-width: 1080px) 100vw, 1080px\" \/><\/a><\/figure><div class=\"elementor-image-box-content\"><h3 class=\"elementor-image-box-title\"><a href=\"https:\/\/escolaterranima.com\/es\/cursos-presenciales\/aprender-a-canalizar-curso\/\">Aprender a Canalizar<\/a><\/h3><p class=\"elementor-image-box-description\">Comunicarte con los seres de luz, tus gu\u00edas espirituales, y despertar las capacidades ps\u00edquicas que est\u00e1n en ti.<br>\n\u00a1Cuando canalizas aumentas la vibraci\u00f3n y la vida toma un nuevo sentido! Curso especialmente indicado para personas que cuidan, terapeutas y facilitadores.<br>\n<a href=\"https:\/\/escolaterranima.com\/es\/cursos-presenciales\/aprender-a-canalizar-curso\/\" style=\"color:red\">+ M\u00c1S INFORMACI\u00d3N<\/a>\n\n<br><br><br><\/p><\/div><\/div>\t\t\t\t<\/div>\n\t\t\t\t<\/div>\n\t\t\t\t\t<\/div>\n\t\t<\/div>\n\t\t\t\t\t<\/div>\n\t\t<\/section>\n\t\t\t\t\t<\/div>\n\t\t<\/div>\n\t\t\t\t\t<\/div>\n\t\t<\/section>\n\t\t\t\t<\/div>\n\t\t","protected":false},"excerpt":{"rendered":"<p>Canalizaci\u00f3n Espiritual para el Crecimiento y la Evoluci\u00f3n Interior \u00a0 \u00bfQu\u00e9 es la Canalizaci\u00f3n Espiritual? La sesi\u00f3n de canalizaci\u00f3n es un espacio que siempre vibra alto, te permite escuchar los mensajes de luz y conectar con la sabidur\u00eda del alma. En un encuentro individual de canalizaci\u00f3n espiritual, tus gu\u00edas\u00a0est\u00e1n presentes para empoderarte en tu presente &#8230; <a title=\"Canalizaci\u00f3n Espiritual para el Crecimiento y la Evoluci\u00f3n Interior\" class=\"read-more\" href=\"https:\/\/escolaterranima.com\/es\/servicios\/canalizacion-espiritual\/\" aria-label=\"Leer m\u00e1s sobre Canalizaci\u00f3n Espiritual para el Crecimiento y la Evoluci\u00f3n Interior\">Leer m\u00e1s<\/a><\/p>\n","protected":false},"author":288,"featured_media":12468,"parent":6891,"menu_order":0,"comment_status":"closed","ping_status":"closed","template":"","meta":{"footnotes":""},"class_list":["post-7809","page","type-page","status-publish","has-post-thumbnail"],"_links":{"self":[{"href":"https:\/\/escolaterranima.com\/es\/wp-json\/wp\/v2\/pages\/7809","targetHints":{"allow":["GET"]}}],"collection":[{"href":"https:\/\/escolaterranima.com\/es\/wp-json\/wp\/v2\/pages"}],"about":[{"href":"https:\/\/escolaterranima.com\/es\/wp-json\/wp\/v2\/types\/page"}],"author":[{"embeddable":true,"href":"https:\/\/escolaterranima.com\/es\/wp-json\/wp\/v2\/users\/288"}],"replies":[{"embeddable":true,"href":"https:\/\/escolaterranima.com\/es\/wp-json\/wp\/v2\/comments?post=7809"}],"version-history":[{"count":223,"href":"https:\/\/escolaterranima.com\/es\/wp-json\/wp\/v2\/pages\/7809\/revisions"}],"predecessor-version":[{"id":28721,"href":"https:\/\/escolaterranima.com\/es\/wp-json\/wp\/v2\/pages\/7809\/revisions\/28721"}],"up":[{"embeddable":true,"href":"https:\/\/escolaterranima.com\/es\/wp-json\/wp\/v2\/pages\/6891"}],"wp:featuredmedia":[{"embeddable":true,"href":"https:\/\/escolaterranima.com\/es\/wp-json\/wp\/v2\/media\/12468"}],"wp:attachment":[{"href":"https:\/\/escolaterranima.com\/es\/wp-json\/wp\/v2\/media?parent=7809"}],"curies":[{"name":"wp","href":"https:\/\/api.w.org\/{rel}","templated":true}]}}