{"id":642,"date":"2019-01-31T09:35:03","date_gmt":"2019-01-31T09:35:03","guid":{"rendered":"http:\/\/nuriaxandri.cat\/?page_id=642"},"modified":"2022-03-02T14:56:46","modified_gmt":"2022-03-02T14:56:46","slug":"politica-de-cookies","status":"publish","type":"page","link":"https:\/\/escolaterranima.com\/es\/politica-de-cookies\/","title":{"rendered":"Pol\u00edtica de cookies"},"content":{"rendered":"\t\t<div data-elementor-type=\"wp-page\" data-elementor-id=\"642\" class=\"elementor elementor-642\">\n\t\t\t\t\t\t<section class=\"elementor-section elementor-top-section elementor-element elementor-element-a7bed86 elementor-section-full_width elementor-section-stretched elementor-section-height-default elementor-section-height-default\" data-id=\"a7bed86\" data-element_type=\"section\" data-e-type=\"section\" data-settings=\"{&quot;stretch_section&quot;:&quot;section-stretched&quot;}\">\n\t\t\t\t\t\t<div class=\"elementor-container elementor-column-gap-default\">\n\t\t\t\t\t<div class=\"elementor-column elementor-col-100 elementor-top-column elementor-element elementor-element-b61b2ce\" data-id=\"b61b2ce\" data-element_type=\"column\" data-e-type=\"column\" data-settings=\"{&quot;background_background&quot;:&quot;classic&quot;}\">\n\t\t\t<div class=\"elementor-widget-wrap elementor-element-populated\">\n\t\t\t\t\t\t<div class=\"elementor-element elementor-element-d04c878 elementor-widget__width-initial elementor-widget elementor-widget-text-editor\" data-id=\"d04c878\" data-element_type=\"widget\" data-e-type=\"widget\" data-widget_type=\"text-editor.default\">\n\t\t\t\t<div class=\"elementor-widget-container\">\n\t\t\t\t\t\t\t\t\t<strong>Pol\u00edtica de cookies<\/strong>\n\nEn la web se utilizan cookies propias y de terceros para conseguir una mejor experiencia de navegaci\u00f3n, poder compartir contenido en redes sociales y obtener estad\u00edsticas de usuarios.\u00a0Para evitar la descarga de cookies puedes bloquear las mismas mediante la configuraci\u00f3n de tu navegador, evitando as\u00ed que se almacenen en tu disco duro.\n\n<a href=\"http:\/\/support.google.com\/chrome\/bin\/answer.py?hl=es-419&amp;answer=95647\" target=\"_blank\" rel=\"noopener\">Google Chrome<\/a>\u00a0\u2013\u00a0<a href=\"http:\/\/windows.microsoft.com\/es-xl\/internet-explorer\/delete-manage-cookies#ie=ie-10\" target=\"_blank\" rel=\"noopener\">Internet Explorer<\/a>\u00a0\u2013\u00a0<a href=\"http:\/\/support.mozilla.org\/es\/kb\/habilitar-y-deshabilitar-cookies-que-los-sitios-we\" target=\"_blank\" rel=\"noopener\">Mozilla Firefox<\/a>\u00a0\u2013\u00a0<a href=\"http:\/\/support.apple.com\/kb\/HT1677?viewlocale=es_ES%20%97%20http:\/\/support.apple.com\/kb\/ph5042\" target=\"_blank\" rel=\"noopener\">Apple Safari<\/a>\n\nAl desactivar o eliminar las cookies, parte de la web no funcionar\u00e1 o la calidad de la misma puede verse afectada.\n\nSi continuas navegando, consideramos que aceptas su uso.\n\n<b><strong>\u00bfQu\u00e9 son las cookies?<\/strong><\/b>\n\nLas cookies son peque\u00f1os archivos de datos que se almacenan en tu dispositivo cuando visita algunas webs y se usan para registrar ciertas interacciones de la navegaci\u00f3n en la Web almacenando datos que podr\u00e1n ser actualizados y recuperados. Estos archivos se almacenan en tu ordenador y contiene datos an\u00f3nimos que no son perjudiciales para tu equipo.\n\nSe utilizan para recordar tus preferencias, como el idioma seleccionado, datos de acceso o personalizaci\u00f3n de la p\u00e1gina.\n\n<b><strong>\u00bfPor qu\u00e9 utilizamos cookies?<\/strong><\/b>\n\nLa web s\u00f3lo utiliza las cookies que son necesarias y esenciales para que puedas utilizar esta web y te permitan moverte libremente, utilizar \u00e1reas seguras, opciones personalizadas, etc.\n\nAdem\u00e1s, utiliza cookies que recogen datos relativos al an\u00e1lisis de uso de la Web.\n\nLas cookies de esta p\u00e1gina web ayudan a:\n<ul>\n \t<li style=\"text-align: left;\">Hacer que funcione correctamente<\/li>\n \t<li style=\"text-align: left;\">Ahorrarte tiempo al no tener que iniciar sesi\u00f3n cada que vez que accede a la web<\/li>\n \t<li style=\"text-align: left;\">Recordarte sus ajustes<\/li>\n \t<li style=\"text-align: left;\">Mejorar la velocidad y seguridad de la web<\/li>\n \t<li style=\"text-align: left;\">Poder compartir el contenido de la web en las redes sociales<\/li>\n \t<li style=\"text-align: left;\">Mejorar continuamente la p\u00e1gina web<\/li>\n \t<li style=\"text-align: left;\">Mostrarte anuncios en funci\u00f3n de sus h\u00e1bitos de navegaci\u00f3n por la p\u00e1gina web.<\/li>\n<\/ul>\n<b><strong>\u00bfQu\u00e9 uso le damos a los diferentes tipos de cookies?<\/strong><\/b>\n\n<b><strong>Cookies de sesi\u00f3n:<\/strong><\/b>\u00a0son cookies temporales que permanecen en el archivo de cookies de su navegador hasta que abandone la p\u00e1gina web, por lo que ninguna queda registrada en el disco duro del usuario. La informaci\u00f3n obtenida por medio de estas cookies, sirven para analizar pautas de tr\u00e1fico en la web. A la larga, esto nos permite proporcionar una mejor experiencia para mejorar el contenido y facilitando su uso.\n\n<b><strong>Cookies permanentes:<\/strong><\/b>\u00a0son almacenadas en el disco duro y nuestra web las lee cada vez que usted realiza una nueva visita. Una web permanente posee una fecha de expiraci\u00f3n determinada. La cookie dejar\u00e1 de funcionar despu\u00e9s de esa fecha. Las utilizamos, generalmente, para facilitar los servicios de compra y registro.\n\n<b><strong>Cookies propias:<\/strong><\/b>\u00a0Son cookies creadas por este sitio web y que solo puede leer el propio sitio. Por ejemplo: cookies t\u00e9cnicas para la carga de im\u00e1genes, cookies de personalizaci\u00f3n de par\u00e1metros de la web, cookies de an\u00e1lisis de tr\u00e1fico, etc.\n\n<b><strong>Cookies de terceros:<\/strong><\/b>\u00a0Son cookies creadas por terceros y que utilizamos para diferentes servicios (por ej. An\u00e1lisis del sitio web o publicidad, de redes sociales,\u2026)\n\nSeg\u00fan su finalidad:\n\n<b><strong>Cookies t\u00e9cnicas:<\/strong><\/b>\u00a0Las cookies t\u00e9cnicas son aquellas imprescindibles y estrictamente necesarias para el correcto funcionamiento de una Web y la utilizaci\u00f3n de las diferentes opciones y servicios que ofrece. Por ejemplo, las que sirven para el mantenimiento de la sesi\u00f3n, la gesti\u00f3n del tiempo de respuesta, rendimiento o validaci\u00f3n de opciones, utilizar elementos de seguridad, compartir contenido con redes sociales, etc.\n\n<b><strong>Cookies de personalizaci\u00f3n:<\/strong><\/b>\u00a0Estas cookies permiten al usuario especificar o personalizar algunas caracter\u00edsticas de las opciones generales de la Web, Por ejemplo, definir el idioma, configuraci\u00f3n regional o tipo de navegador.\n\n<b><strong>Cookies anal\u00edticas:<\/strong><\/b>\u00a0Las cookies anal\u00edticas son las utilizadas por la Web, para elaborar perfiles de navegaci\u00f3n y poder conocer tus preferencias con el fin de mejorar la oferta de productos y servicios. Por ejemplo, mediante una cookie anal\u00edtica se controlar\u00edan las \u00e1reas geogr\u00e1ficas de mayor inter\u00e9s de un usuario, cu\u00e1l es el producto de m\u00e1s aceptaci\u00f3n, etc.\n\n<b><strong>Cookies publicitarias:<\/strong><\/b>\u00a0Las cookies publicitarias permiten la gesti\u00f3n de los espacios publicitarios en base a criterios concretos. Por ejemplo la frecuencia de acceso, el contenido editado, etc. Las cookies de publicidad permiten a trav\u00e9s de la gesti\u00f3n de la publicidad almacenar informaci\u00f3n del comportamiento a trav\u00e9s de la observaci\u00f3n de h\u00e1bitos, estudiando los accesos y formando un perfil de preferencias del usuario, para ofrecerle publicidad relacionada con los intereses de su perfil.\n\n<b><strong>Cookies de terceros utilizadas en esta web<\/strong><\/b>\n\nEsta web incluye funcionalidades proporcionadas por terceros que instalan sus propias cookies.\n\nComo son cookies provisionales que no siempre es posible informar de las mismas y solo tienen finalidades de estudio y valoraci\u00f3n. En ning\u00fan comprometer\u00e1n su privacidad.\n\nLas cookies de terceros m\u00e1s estables que se utilizan en esta web son:\n<ul>\n \t<li style=\"text-align: left;\"><b><strong>Google Analytics<\/strong><\/b>, un servicio anal\u00edtico de web prestado por Google, Inc. con domicilio en los Estados Unidos con sede central en 1600 Amphitheatre Parkway, Mountain View, California 94043.\u00a0 Para la prestaci\u00f3n de estos servicios, estos\u00a0utilizan cookies que recopilan la informaci\u00f3n, incluida la direcci\u00f3n IP del usuario, que ser\u00e1\u00a0transmitida, tratada y almacenada por\u00a0Google\u00a0en los t\u00e9rminos fijados en la Web Google.com. Incluyendo la posible\u00a0transmisi\u00f3n de dicha informaci\u00f3n a terceros por razones de exigencia legal o cuando dichos terceros\u00a0procesen la informaci\u00f3n por cuenta de Google.<\/li>\n<\/ul>\n<ul>\n \t<li><b><strong>WordPress<\/strong><\/b>, es la plataforma donde se aloja esta web, y es propiedad de la empresa norteamericana Automattic, Inc. A tales efectos las cookies que utiliza la plataforma nunca estar\u00e1 bajo el control o gesti\u00f3n del responsable de la web.<\/li>\n<\/ul>\n<ul>\n \t<li style=\"text-align: left;\"><b><strong>Cookies de redes sociales<\/strong><\/b>, que pueden almacenarse en su ordenador por ejemplo, cuando utiliza el bot\u00f3n de compartir contenidos de esta web en alguna red social.<\/li>\n<\/ul>\nCookies utilizadas en Terranima.com\n\n\n<script id=\"CookieDeclaration\" src=\"https:\/\/consent.cookiebot.com\/6635b467-6c82-4a08-bb03-9153379a5ce6\/cd.js\" type=\"text\/javascript\" async><\/script>\n\nLas empresas que generan estas cookies tienen sus propias pol\u00edticas de cookies:\n<ul>\n \t<li style=\"text-align: left;\"><a href=\"https:\/\/www.facebook.com\/policies\/cookies\/\" target=\"_blank\" rel=\"noopener\">Cookies de Facebook<\/a><\/li>\n \t<li style=\"text-align: left;\"><a href=\"https:\/\/support.twitter.com\/articles\/20170521\" target=\"_blank\" rel=\"noopener\">Cookies de Twitter<\/a><\/li>\n \t<li style=\"text-align: left;\"><a href=\"https:\/\/www.linkedin.com\/legal\/cookie-policy\" target=\"_blank\" rel=\"noopener\">Cookies de LinkedIn<\/a><\/li>\n \t<li style=\"text-align: left;\"><a href=\"https:\/\/www.google.com\/policies\/privacy\/?hl=es\" target=\"_blank\" rel=\"noopener\">Cookies de Google Plus<\/a><\/li>\n<\/ul>\n<b><strong>\u00bfD\u00f3nde puedo obtener m\u00e1s informaci\u00f3n?<\/strong><\/b>\n\nPuedes consultar el reglamento sobre cookies publicado por la Agencia Espa\u00f1ola de Protecci\u00f3n de Datos en su \u201c<a href=\"https:\/\/www.agpd.es\/portalwebAGPD\/canaldocumentacion\/publicaciones\/common\/Guias\/Guia_Cookies.pdf\" target=\"_blank\" rel=\"noopener\">Gu\u00eda sobre el uso de las cookies<\/a>\u201d y\u00a0 obtener m\u00e1s informaci\u00f3n sobre las cookies en Internet,\u00a0<a href=\"http:\/\/www.aboutcookies.org\/\" target=\"_blank\" rel=\"noopener\">http:\/\/www.aboutcookies.org\/<\/a>\n\nSi deseas tener un mayor control sobre la instalaci\u00f3n de cookies, puedes instalar programas o complementos a tu navegador, conocidos como herramientas de \u201cDo Not Track\u201d, que te permitir\u00e1n escoger aquellas cookies que deseas permitir.\t\t\t\t\t\t\t\t<\/div>\n\t\t\t\t<\/div>\n\t\t\t\t\t<\/div>\n\t\t<\/div>\n\t\t\t\t\t<\/div>\n\t\t<\/section>\n\t\t\t\t<\/div>\n\t\t","protected":false},"excerpt":{"rendered":"<p>Pol\u00edtica de cookies En la web se utilizan cookies propias y de terceros para conseguir una mejor experiencia de navegaci\u00f3n, poder compartir contenido en redes sociales y obtener estad\u00edsticas de usuarios.\u00a0Para evitar la descarga de cookies puedes bloquear las mismas mediante la configuraci\u00f3n de tu navegador, evitando as\u00ed que se almacenen en tu disco duro. &#8230; <a title=\"Pol\u00edtica de cookies\" class=\"read-more\" href=\"https:\/\/escolaterranima.com\/es\/politica-de-cookies\/\" aria-label=\"Leer m\u00e1s sobre Pol\u00edtica de cookies\">Leer m\u00e1s<\/a><\/p>\n","protected":false},"author":288,"featured_media":0,"parent":0,"menu_order":0,"comment_status":"closed","ping_status":"closed","template":"","meta":{"footnotes":""},"class_list":["post-642","page","type-page","status-publish"],"_links":{"self":[{"href":"https:\/\/escolaterranima.com\/es\/wp-json\/wp\/v2\/pages\/642","targetHints":{"allow":["GET"]}}],"collection":[{"href":"https:\/\/escolaterranima.com\/es\/wp-json\/wp\/v2\/pages"}],"about":[{"href":"https:\/\/escolaterranima.com\/es\/wp-json\/wp\/v2\/types\/page"}],"author":[{"embeddable":true,"href":"https:\/\/escolaterranima.com\/es\/wp-json\/wp\/v2\/users\/288"}],"replies":[{"embeddable":true,"href":"https:\/\/escolaterranima.com\/es\/wp-json\/wp\/v2\/comments?post=642"}],"version-history":[{"count":9,"href":"https:\/\/escolaterranima.com\/es\/wp-json\/wp\/v2\/pages\/642\/revisions"}],"predecessor-version":[{"id":11430,"href":"https:\/\/escolaterranima.com\/es\/wp-json\/wp\/v2\/pages\/642\/revisions\/11430"}],"wp:attachment":[{"href":"https:\/\/escolaterranima.com\/es\/wp-json\/wp\/v2\/media?parent=642"}],"curies":[{"name":"wp","href":"https:\/\/api.w.org\/{rel}","templated":true}]}}