{"id":638,"date":"2019-01-31T09:34:35","date_gmt":"2019-01-31T09:34:35","guid":{"rendered":"http:\/\/nuriaxandri.cat\/?page_id=638"},"modified":"2024-10-31T18:27:49","modified_gmt":"2024-10-31T17:27:49","slug":"avis-legal","status":"publish","type":"page","link":"https:\/\/escolaterranima.com\/es\/avis-legal\/","title":{"rendered":"Av\u00eds legal"},"content":{"rendered":"\t\t<div data-elementor-type=\"wp-page\" data-elementor-id=\"638\" class=\"elementor elementor-638\">\n\t\t\t\t\t\t<section class=\"elementor-section elementor-top-section elementor-element elementor-element-2b1ae4d elementor-section-full_width elementor-section-stretched elementor-section-height-default elementor-section-height-default\" data-id=\"2b1ae4d\" data-element_type=\"section\" data-e-type=\"section\" data-settings=\"{&quot;stretch_section&quot;:&quot;section-stretched&quot;}\">\n\t\t\t\t\t\t<div class=\"elementor-container elementor-column-gap-default\">\n\t\t\t\t\t<div class=\"elementor-column elementor-col-100 elementor-top-column elementor-element elementor-element-a3ddc25\" data-id=\"a3ddc25\" data-element_type=\"column\" data-e-type=\"column\" data-settings=\"{&quot;background_background&quot;:&quot;classic&quot;}\">\n\t\t\t<div class=\"elementor-widget-wrap elementor-element-populated\">\n\t\t\t\t\t\t<div class=\"elementor-element elementor-element-537a01b elementor-widget__width-initial elementor-widget elementor-widget-text-editor\" data-id=\"537a01b\" data-element_type=\"widget\" data-e-type=\"widget\" data-widget_type=\"text-editor.default\">\n\t\t\t\t<div class=\"elementor-widget-container\">\n\t\t\t\t\t\t\t\t\t<strong>Aviso Legal<\/strong>\n\nDocumento revisado el 27\/02\/22\n\nEn este documento podr\u00e1s encontrar toda la informaci\u00f3n en relaci\u00f3n a los t\u00e9rminos y condiciones legales que definen la relaci\u00f3n entre un usuario y el como responsable de esta web. Es importante que conozcas estos t\u00e9rminos antes de continuar navegando por la misma.\n\nDatos identificativo del responsable y finalidad de la web\n\nDenominaci\u00f3n social: Terranima SLU\n\nNIF: B-09645730\n\nDomicilio social en C\/Sant Antoni, 39 (local) \u2013 08358 Arenys de Munt (Barcelona)\n\nEmail de contacto: info@\n\nLa finalidad de esta web es la venta de servicios relacionados con el bienestar y el crecimiento espiritual y personal.\n\nUsuarios y normas de uso de la Web\n\nAl acceder y usar la web se te atribuye la condici\u00f3n de Usuario, y aceptas los presentes t\u00e9rminos de uso. El simple hecho de navegar por la web no significa que se inicie una relaci\u00f3n comercial entre nosotros, para ello tendr\u00e1s que contratar alguna de mis servicios.\n\nNo podr\u00e1s utilizar los contenidos de la Web con fines o efectos il\u00edcitos, prohibidos o contrarios a los aqu\u00ed establecidos, lesivos de mis derechos e intereses, de los dem\u00e1s usuarios, de terceros o que de cualquier forma puedan da\u00f1ar, inutilizar, sobrecargar o deteriorar la Web o impedir la normal utilizaci\u00f3n o disfrute del mismo por parte de los usuarios.\n\nAsumes la responsabilidad de un uso correcto de la web, lo que implica:\n\n\u2022 Hacer uso de esta web \u00fanicamente para realizar consultas y compras o adquisiciones legalmente v\u00e1lidas.\n\n\u2022 No realizar contrataciones falsas o fraudulentas. Si razonablemente se pudiera considerar que se ha hecho una contrataci\u00f3n de esta \u00edndole, podr\u00eda ser anulada y se informar\u00eda a las autoridades pertinentes.\n\n\u2022 Facilitar datos de contactos veraces y l\u00edcitos.\n\nAl adquirir alguno de los servicios, declaras ser mayor de 18 a\u00f1os y tener capacidad legal para celebrar contratos.\n\nPropiedad Intelectual e Industrial\n\nEsta web pertenece a Terranima SLU, por lo que queda totalmente prohibido su uso sin su previa autorizaci\u00f3n expresa y por escrito.\n\nReconoces y aceptas que los derechos de uso y explotaci\u00f3n de la totalidad del contenido de la Web y en particular, a t\u00edtulo meramente enunciativo y no limitativo, los Contenidos, corresponden a Terranima SLU, quien es titular o tiene la correspondiente licencia, autorizaci\u00f3n o cesi\u00f3n sobre los derechos de propiedad intelectual, industrial y de imagen sobre de los contenidos y servicios disponibles a trav\u00e9s del mismo, salvo aquellos contenidos y servicios prestados por terceros.\n\nEn ning\u00fan caso el uso de la web implica la renuncia, transmisi\u00f3n, licencia o cesi\u00f3n total ni parcial de los derechos anteriormente citados, quedando expresamente prohibida la utilizaci\u00f3n de tales elementos, su total o parcial reproducci\u00f3n, comunicaci\u00f3n y\/o distribuci\u00f3n con fines comerciales o lucrativos, as\u00ed como su modificaci\u00f3n, alteraci\u00f3n, descompilaci\u00f3n y\/o cualquier otro acto de explotaci\u00f3n de la Web.\n\nCualquier uso no autorizado previamente, ser\u00e1 considerado un incumplimiento grave de los derechos de propiedad intelectual o industrial del autor, reserv\u00e1ndose a Terranima SLU el derecho de ejercitar las acciones civiles o penales que correspondan contra los usuarios que vulneren sus derechos de propiedad industrial o intelectual.\n\nSin perjuicio de todo lo anterior, si el Usuario o un tercero estima que alg\u00fan contenido de la web pudiera vulnerar derechos de propiedad intelectual e industrial, ruego lo comuniquen a la mayor brevedad posible al email <a href=\"mailto:info@\" target=\"_blank\" rel=\"noopener\">info@<\/a>.\n\nExclusi\u00f3n de garant\u00edas y responsabilidad\n\nNo se puede otorgar ninguna garant\u00eda ni se hace responsable, en ning\u00fan caso, de los da\u00f1os y perjuicios de cualquier naturaleza que pudieran traer causa de:\n\n\u2022 La falta de disponibilidad, mantenimiento y efectivo funcionamiento de la web, o de sus servicios y contenidos.\n\n\u2022 La existencia de malware, programas maliciosos o lesivos en los contenidos;\n\n\u2022 El uso il\u00edcito, negligente, fraudulento o contrario a este Aviso Legal;\n\n\u2022 La falta de licitud, calidad, fiabilidad, utilidad y disponibilidad de los servicios prestados por terceros y puestos a disposici\u00f3n de los usuarios en el sitio web.\n\n\u2022 El prestador no se hace responsable bajo ning\u00fan concepto de los da\u00f1os que pudieran dimanar del uso ilegal o indebido de la presente p\u00e1gina web.\n\nwww.escolaterranima.com no se destina a menores de edad, por lo que declino cualquier responsabilidad por el incumplimiento de este requisito.\n\nProtecci\u00f3n de datos\n\nMe comprometo a adoptar las medidas t\u00e9cnicas y organizativas necesarias, seg\u00fan el tipo de datos personales recabados, de forma que garanticen la seguridad de los mismos y eviten su alteraci\u00f3n, p\u00e9rdida, tratamiento o acceso no autorizado.\n\nLa captura de informaci\u00f3n se realiza a trav\u00e9s de:\n\nFormulario de contacto\n\nNavegaci\u00f3n y Direcci\u00f3n IP para fines estad\u00edsticos, nunca para identificarte.\n\nNo env\u00edo comunicaciones comerciales por email a no ser que tenga tu autorizaci\u00f3n expresa.\n\nNo obstante, tienes acceso en todo momento a modificar, editar o eliminar la informaci\u00f3n proporcionada, as\u00ed como gestionar su baja directamente, o mediante solicitud dirigida a Terranima SLU en el email <a href=\"mailto:info@\" target=\"_blank\" rel=\"noopener\">info@<\/a>, junto con copia de su DNI o documento acreditativo equivalente.\n\nPuedes ampliar la informaci\u00f3n en la\u00a0<a href=\"https:\/\/escolaterramina.cat\/politica-de-privacitat\/\" target=\"_blank\" rel=\"noopener\">pol\u00edtica de privacidad<\/a>.\n\nLegislaci\u00f3n aplicable y jurisdicci\u00f3n\n\nLas relaciones contractuales que se establezcan entre nosotros se regir\u00e1 por lo dispuesto en la normativa espa\u00f1ola vigente y cualquier controversia se someter\u00e1 a los Juzgados y Tribunales de la ciudad de Barcelona, salvo que la Ley aplicable disponga otra cosa.27\t\t\t\t\t\t\t\t<\/div>\n\t\t\t\t<\/div>\n\t\t\t\t\t<\/div>\n\t\t<\/div>\n\t\t\t\t\t<\/div>\n\t\t<\/section>\n\t\t\t\t<\/div>\n\t\t","protected":false},"excerpt":{"rendered":"<p>Aviso Legal Documento revisado el 27\/02\/22 En este documento podr\u00e1s encontrar toda la informaci\u00f3n en relaci\u00f3n a los t\u00e9rminos y condiciones legales que definen la relaci\u00f3n entre un usuario y el como responsable de esta web. Es importante que conozcas estos t\u00e9rminos antes de continuar navegando por la misma. Datos identificativo del responsable y finalidad &#8230; <a title=\"Av\u00eds legal\" class=\"read-more\" href=\"https:\/\/escolaterranima.com\/es\/avis-legal\/\" aria-label=\"Leer m\u00e1s sobre Av\u00eds legal\">Leer m\u00e1s<\/a><\/p>\n","protected":false},"author":288,"featured_media":0,"parent":0,"menu_order":0,"comment_status":"closed","ping_status":"closed","template":"","meta":{"footnotes":""},"class_list":["post-638","page","type-page","status-publish"],"_links":{"self":[{"href":"https:\/\/escolaterranima.com\/es\/wp-json\/wp\/v2\/pages\/638","targetHints":{"allow":["GET"]}}],"collection":[{"href":"https:\/\/escolaterranima.com\/es\/wp-json\/wp\/v2\/pages"}],"about":[{"href":"https:\/\/escolaterranima.com\/es\/wp-json\/wp\/v2\/types\/page"}],"author":[{"embeddable":true,"href":"https:\/\/escolaterranima.com\/es\/wp-json\/wp\/v2\/users\/288"}],"replies":[{"embeddable":true,"href":"https:\/\/escolaterranima.com\/es\/wp-json\/wp\/v2\/comments?post=638"}],"version-history":[{"count":15,"href":"https:\/\/escolaterranima.com\/es\/wp-json\/wp\/v2\/pages\/638\/revisions"}],"predecessor-version":[{"id":21444,"href":"https:\/\/escolaterranima.com\/es\/wp-json\/wp\/v2\/pages\/638\/revisions\/21444"}],"wp:attachment":[{"href":"https:\/\/escolaterranima.com\/es\/wp-json\/wp\/v2\/media?parent=638"}],"curies":[{"name":"wp","href":"https:\/\/api.w.org\/{rel}","templated":true}]}}