{"id":5185,"date":"2021-12-13T17:39:05","date_gmt":"2021-12-13T17:39:05","guid":{"rendered":"http:\/\/www.nuriaxandri-demo.cat.mialias.net\/?page_id=5185"},"modified":"2026-03-18T13:32:53","modified_gmt":"2026-03-18T12:32:53","slug":"cursos-on-line","status":"publish","type":"page","link":"https:\/\/escolaterranima.com\/es\/cursos-on-line\/","title":{"rendered":"Cursos on-line"},"content":{"rendered":"\t\t<div data-elementor-type=\"wp-page\" data-elementor-id=\"5185\" class=\"elementor elementor-5185\">\n\t\t\t\t\t\t<section class=\"elementor-section elementor-top-section elementor-element elementor-element-e905965 elementor-section-full_width elementor-section-stretched elementor-section-height-min-height elementor-section-height-default elementor-section-items-middle\" data-id=\"e905965\" data-element_type=\"section\" data-e-type=\"section\" data-settings=\"{&quot;stretch_section&quot;:&quot;section-stretched&quot;,&quot;background_background&quot;:&quot;classic&quot;}\">\n\t\t\t\t\t\t<div class=\"elementor-container elementor-column-gap-no\">\n\t\t\t\t\t<div class=\"elementor-column elementor-col-100 elementor-top-column elementor-element elementor-element-99c58ec\" data-id=\"99c58ec\" data-element_type=\"column\" data-e-type=\"column\">\n\t\t\t<div class=\"elementor-widget-wrap elementor-element-populated\">\n\t\t\t\t\t\t<section class=\"elementor-section elementor-inner-section elementor-element elementor-element-5ff29c5 elementor-section-boxed elementor-section-height-default elementor-section-height-default\" data-id=\"5ff29c5\" data-element_type=\"section\" data-e-type=\"section\" data-settings=\"{&quot;background_background&quot;:&quot;classic&quot;}\">\n\t\t\t\t\t\t<div class=\"elementor-container elementor-column-gap-default\">\n\t\t\t\t\t<div class=\"elementor-column elementor-col-100 elementor-inner-column elementor-element elementor-element-e017d24\" data-id=\"e017d24\" data-element_type=\"column\" data-e-type=\"column\">\n\t\t\t<div class=\"elementor-widget-wrap elementor-element-populated\">\n\t\t\t\t\t\t<div class=\"elementor-element elementor-element-cc8342e elementor-widget elementor-widget-heading\" data-id=\"cc8342e\" data-element_type=\"widget\" data-e-type=\"widget\" data-widget_type=\"heading.default\">\n\t\t\t\t<div class=\"elementor-widget-container\">\n\t\t\t\t\t<h2 class=\"elementor-heading-title elementor-size-xxl\">Cursos online\n<\/h2>\t\t\t\t<\/div>\n\t\t\t\t<\/div>\n\t\t\t\t\t<\/div>\n\t\t<\/div>\n\t\t\t\t\t<\/div>\n\t\t<\/section>\n\t\t\t\t\t<\/div>\n\t\t<\/div>\n\t\t\t\t\t<\/div>\n\t\t<\/section>\n\t\t\t\t<section class=\"elementor-section elementor-top-section elementor-element elementor-element-03d621b elementor-section-full_width elementor-section-stretched elementor-section-height-default elementor-section-height-default\" data-id=\"03d621b\" data-element_type=\"section\" data-e-type=\"section\" data-settings=\"{&quot;stretch_section&quot;:&quot;section-stretched&quot;}\">\n\t\t\t\t\t\t<div class=\"elementor-container elementor-column-gap-default\">\n\t\t\t\t\t<div class=\"elementor-column elementor-col-100 elementor-top-column elementor-element elementor-element-e5fa77b\" data-id=\"e5fa77b\" data-element_type=\"column\" data-e-type=\"column\" data-settings=\"{&quot;background_background&quot;:&quot;classic&quot;}\">\n\t\t\t<div class=\"elementor-widget-wrap elementor-element-populated\">\n\t\t\t\t\t\t<section class=\"elementor-section elementor-inner-section elementor-element elementor-element-e429ca8 elementor-section-boxed elementor-section-height-default elementor-section-height-default\" data-id=\"e429ca8\" data-element_type=\"section\" data-e-type=\"section\">\n\t\t\t\t\t\t<div class=\"elementor-container elementor-column-gap-default\">\n\t\t\t\t\t<div class=\"elementor-column elementor-col-100 elementor-inner-column elementor-element elementor-element-6d9c97e\" data-id=\"6d9c97e\" data-element_type=\"column\" data-e-type=\"column\">\n\t\t\t<div class=\"elementor-widget-wrap elementor-element-populated\">\n\t\t\t\t\t\t<div class=\"elementor-element elementor-element-71ae9df elementor-widget elementor-widget-heading\" data-id=\"71ae9df\" data-element_type=\"widget\" data-e-type=\"widget\" data-widget_type=\"heading.default\">\n\t\t\t\t<div class=\"elementor-widget-container\">\n\t\t\t\t\t<h1 class=\"elementor-heading-title elementor-size-default\">Cursos de crecimiento espiritual y personal<\/h1>\t\t\t\t<\/div>\n\t\t\t\t<\/div>\n\t\t\t\t\t<\/div>\n\t\t<\/div>\n\t\t\t\t\t<\/div>\n\t\t<\/section>\n\t\t\t\t<section class=\"elementor-section elementor-inner-section elementor-element elementor-element-4676778 elementor-section-boxed elementor-section-height-default elementor-section-height-default\" data-id=\"4676778\" data-element_type=\"section\" data-e-type=\"section\">\n\t\t\t\t\t\t<div class=\"elementor-container elementor-column-gap-extended\">\n\t\t\t\t\t<div class=\"elementor-column elementor-col-50 elementor-inner-column elementor-element elementor-element-d38fea6\" data-id=\"d38fea6\" data-element_type=\"column\" data-e-type=\"column\">\n\t\t\t<div class=\"elementor-widget-wrap elementor-element-populated\">\n\t\t\t\t\t\t<div class=\"elementor-element elementor-element-a943666 elementor-position-top elementor-widget elementor-widget-image-box\" data-id=\"a943666\" data-element_type=\"widget\" data-e-type=\"widget\" data-widget_type=\"image-box.default\">\n\t\t\t\t<div class=\"elementor-widget-container\">\n\t\t\t\t\t<div class=\"elementor-image-box-wrapper\"><figure class=\"elementor-image-box-img\"><a href=\"https:\/\/escolaterranima.com\/es\/cursos-presenciales\/aprender-a-canalizar-curso\/\" tabindex=\"-1\"><img loading=\"lazy\" decoding=\"async\" width=\"300\" height=\"300\" src=\"https:\/\/escolaterranima.com\/wp-content\/uploads\/2026\/03\/curs-aprendre-a-canalitzar-1-300x300.png\" class=\"attachment-medium size-medium wp-image-28659\" alt=\"Curs aprendre a canalitzar\" srcset=\"https:\/\/escolaterranima.com\/wp-content\/uploads\/2026\/03\/curs-aprendre-a-canalitzar-1-300x300.png 300w, https:\/\/escolaterranima.com\/wp-content\/uploads\/2026\/03\/curs-aprendre-a-canalitzar-1-1024x1024.png 1024w, https:\/\/escolaterranima.com\/wp-content\/uploads\/2026\/03\/curs-aprendre-a-canalitzar-1-150x150.png 150w, https:\/\/escolaterranima.com\/wp-content\/uploads\/2026\/03\/curs-aprendre-a-canalitzar-1-768x768.png 768w, https:\/\/escolaterranima.com\/wp-content\/uploads\/2026\/03\/curs-aprendre-a-canalitzar-1-600x600.png 600w, https:\/\/escolaterranima.com\/wp-content\/uploads\/2026\/03\/curs-aprendre-a-canalitzar-1-100x100.png 100w, https:\/\/escolaterranima.com\/wp-content\/uploads\/2026\/03\/curs-aprendre-a-canalitzar-1.png 1080w\" sizes=\"auto, (max-width: 300px) 100vw, 300px\" \/><\/a><\/figure><div class=\"elementor-image-box-content\"><h3 class=\"elementor-image-box-title\"><a href=\"https:\/\/escolaterranima.com\/es\/cursos-presenciales\/aprender-a-canalizar-curso\/\">Aprender a canalizar<\/a><\/h3><p class=\"elementor-image-box-description\">Un curso para despertar las capacidades ps\u00edquicas que est\u00e1n en ti y para comunicarte con los gu\u00edas espirituales.<br><br>\n\u00a1Cuando canalizas aumentas la vibraci\u00f3n y la vida toma un nuevo sentido! Especialmente indicado para personas que cuidan, terapeutas y facilitadores.<br>\n<a href=\"https:\/\/escolaterranima.com\/es\/cursos-presenciales\/aprender-a-canalizar-curso\/\" style=\"color:red\">+ M\u00c1S INFORMACI\u00d3N<\/a>\n<\/p><\/div><\/div>\t\t\t\t<\/div>\n\t\t\t\t<\/div>\n\t\t\t\t\t<\/div>\n\t\t<\/div>\n\t\t\t\t<div class=\"elementor-column elementor-col-50 elementor-inner-column elementor-element elementor-element-41d5c1b\" data-id=\"41d5c1b\" data-element_type=\"column\" data-e-type=\"column\">\n\t\t\t<div class=\"elementor-widget-wrap elementor-element-populated\">\n\t\t\t\t\t\t<div class=\"elementor-element elementor-element-c592246 elementor-position-top elementor-widget elementor-widget-image-box\" data-id=\"c592246\" data-element_type=\"widget\" data-e-type=\"widget\" data-widget_type=\"image-box.default\">\n\t\t\t\t<div class=\"elementor-widget-container\">\n\t\t\t\t\t<div class=\"elementor-image-box-wrapper\"><figure class=\"elementor-image-box-img\"><a href=\"https:\/\/escolaterranima.com\/es\/cursos-on-line\/7-dias-con-el-alma-curso-online\/\" tabindex=\"-1\"><img loading=\"lazy\" decoding=\"async\" width=\"300\" height=\"300\" src=\"https:\/\/escolaterranima.com\/wp-content\/uploads\/2025\/11\/Copia-de-7-dias-con-el-alma-2-1-300x300.png\" class=\"attachment-medium size-medium wp-image-26991\" alt=\"7 dies amb l&#039;\u00e0nima\" srcset=\"https:\/\/escolaterranima.com\/wp-content\/uploads\/2025\/11\/Copia-de-7-dias-con-el-alma-2-1-300x300.png 300w, https:\/\/escolaterranima.com\/wp-content\/uploads\/2025\/11\/Copia-de-7-dias-con-el-alma-2-1-1024x1024.png 1024w, https:\/\/escolaterranima.com\/wp-content\/uploads\/2025\/11\/Copia-de-7-dias-con-el-alma-2-1-150x150.png 150w, https:\/\/escolaterranima.com\/wp-content\/uploads\/2025\/11\/Copia-de-7-dias-con-el-alma-2-1-768x768.png 768w, https:\/\/escolaterranima.com\/wp-content\/uploads\/2025\/11\/Copia-de-7-dias-con-el-alma-2-1-600x600.png 600w, https:\/\/escolaterranima.com\/wp-content\/uploads\/2025\/11\/Copia-de-7-dias-con-el-alma-2-1-100x100.png 100w, https:\/\/escolaterranima.com\/wp-content\/uploads\/2025\/11\/Copia-de-7-dias-con-el-alma-2-1.png 1080w\" sizes=\"auto, (max-width: 300px) 100vw, 300px\" \/><\/a><\/figure><div class=\"elementor-image-box-content\"><h3 class=\"elementor-image-box-title\"><a href=\"https:\/\/escolaterranima.com\/es\/cursos-on-line\/7-dias-con-el-alma-curso-online\/\">7 d\u00edas con el Alma<\/a><\/h3><p class=\"elementor-image-box-description\">Un curso ONLINE PARA HACER A TU RITMO \n<br \/><br>\nRecibe la activaci\u00f3n de 7 c\u00f3digos de luz para brillar la luz del Alma .<br \/><br>\nLas activaciones son mediante meditaciones canalizadas de Madre Mar\u00eda. \n\n<br \/>\n<a href=\"https:\/\/escolaterranima.com\/es\/cursos-on-line\/7-dias-con-el-alma-curso-online\/\" style=\"color:red\">+ M\u00c1S INFORMACI\u00d3N<\/a><\/p><\/div><\/div>\t\t\t\t<\/div>\n\t\t\t\t<\/div>\n\t\t\t\t\t<\/div>\n\t\t<\/div>\n\t\t\t\t\t<\/div>\n\t\t<\/section>\n\t\t\t\t<section class=\"elementor-section elementor-inner-section elementor-element elementor-element-bc42eb0 elementor-hidden-desktop elementor-hidden-tablet elementor-hidden-mobile elementor-section-boxed elementor-section-height-default elementor-section-height-default\" data-id=\"bc42eb0\" data-element_type=\"section\" data-e-type=\"section\">\n\t\t\t\t\t\t<div class=\"elementor-container elementor-column-gap-extended\">\n\t\t\t\t\t<div class=\"elementor-column elementor-col-50 elementor-inner-column elementor-element elementor-element-bdefe8d\" data-id=\"bdefe8d\" data-element_type=\"column\" data-e-type=\"column\">\n\t\t\t<div class=\"elementor-widget-wrap\">\n\t\t\t\t\t\t\t<\/div>\n\t\t<\/div>\n\t\t\t\t<div class=\"elementor-column elementor-col-50 elementor-inner-column elementor-element elementor-element-6bb5d08 elementor-hidden-desktop elementor-hidden-tablet elementor-hidden-mobile\" data-id=\"6bb5d08\" data-element_type=\"column\" data-e-type=\"column\">\n\t\t\t<div class=\"elementor-widget-wrap elementor-element-populated\">\n\t\t\t\t\t\t<div class=\"elementor-element elementor-element-039915f elementor-hidden-desktop elementor-hidden-tablet elementor-hidden-mobile elementor-position-top elementor-widget elementor-widget-image-box\" data-id=\"039915f\" data-element_type=\"widget\" data-e-type=\"widget\" data-widget_type=\"image-box.default\">\n\t\t\t\t<div class=\"elementor-widget-container\">\n\t\t\t\t\t<div class=\"elementor-image-box-wrapper\"><figure class=\"elementor-image-box-img\"><a href=\"\/propuestas-on-line\/aprender-a-canalizar-curso-on-line\/\" tabindex=\"-1\"><img loading=\"lazy\" decoding=\"async\" width=\"1080\" height=\"1080\" src=\"https:\/\/escolaterranima.com\/wp-content\/uploads\/2023\/11\/WhatsApp-Image-2023-11-20-at-15.41.46.jpeg\" class=\"attachment-full size-full wp-image-18098\" alt=\"\" srcset=\"https:\/\/escolaterranima.com\/wp-content\/uploads\/2023\/11\/WhatsApp-Image-2023-11-20-at-15.41.46.jpeg 1080w, https:\/\/escolaterranima.com\/wp-content\/uploads\/2023\/11\/WhatsApp-Image-2023-11-20-at-15.41.46-300x300.jpeg 300w, https:\/\/escolaterranima.com\/wp-content\/uploads\/2023\/11\/WhatsApp-Image-2023-11-20-at-15.41.46-1024x1024.jpeg 1024w, https:\/\/escolaterranima.com\/wp-content\/uploads\/2023\/11\/WhatsApp-Image-2023-11-20-at-15.41.46-150x150.jpeg 150w, https:\/\/escolaterranima.com\/wp-content\/uploads\/2023\/11\/WhatsApp-Image-2023-11-20-at-15.41.46-768x768.jpeg 768w, https:\/\/escolaterranima.com\/wp-content\/uploads\/2023\/11\/WhatsApp-Image-2023-11-20-at-15.41.46-600x600.jpeg 600w, https:\/\/escolaterranima.com\/wp-content\/uploads\/2023\/11\/WhatsApp-Image-2023-11-20-at-15.41.46-100x100.jpeg 100w\" sizes=\"auto, (max-width: 1080px) 100vw, 1080px\" \/><\/a><\/figure><div class=\"elementor-image-box-content\"><h3 class=\"elementor-image-box-title\"><a href=\"\/propuestas-on-line\/aprender-a-canalizar-curso-on-line\/\">Aprender a canalizar<\/a><\/h3><p class=\"elementor-image-box-description\">ONLINE CON CLASES EN DIRECTO <br><br> \nUn curso para despertar las capacidades ps\u00edquicas que est\u00e1n en ti y para comunicarte con los gu\u00edas espirituales.<br><br> \n\n\u00a1Cuando canalizas aumentas la vibraci\u00f3n y la vida toma un nuevo sentido!<br>\n<a href=\"\/propuestas-on-line\/aprender-a-canalizar-curso-on-line\/\" style=\"color:red\">+ M\u00c1S INFORMACI\u00d3N<\/a><\/p><\/div><\/div>\t\t\t\t<\/div>\n\t\t\t\t<\/div>\n\t\t\t\t\t<\/div>\n\t\t<\/div>\n\t\t\t\t\t<\/div>\n\t\t<\/section>\n\t\t\t\t\t<\/div>\n\t\t<\/div>\n\t\t\t\t\t<\/div>\n\t\t<\/section>\n\t\t\t\t<\/div>\n\t\t","protected":false},"excerpt":{"rendered":"<p>Cursos online Cursos de crecimiento espiritual y personal Aprender a canalizar Un curso para despertar las capacidades ps\u00edquicas que est\u00e1n en ti y para comunicarte con los gu\u00edas espirituales. \u00a1Cuando canalizas aumentas la vibraci\u00f3n y la vida toma un nuevo sentido! Especialmente indicado para personas que cuidan, terapeutas y facilitadores. + M\u00c1S INFORMACI\u00d3N 7 d\u00edas &#8230; <a title=\"Cursos on-line\" class=\"read-more\" href=\"https:\/\/escolaterranima.com\/es\/cursos-on-line\/\" aria-label=\"Leer m\u00e1s sobre Cursos on-line\">Leer m\u00e1s<\/a><\/p>\n","protected":false},"author":288,"featured_media":0,"parent":0,"menu_order":0,"comment_status":"closed","ping_status":"closed","template":"","meta":{"footnotes":""},"class_list":["post-5185","page","type-page","status-publish"],"_links":{"self":[{"href":"https:\/\/escolaterranima.com\/es\/wp-json\/wp\/v2\/pages\/5185","targetHints":{"allow":["GET"]}}],"collection":[{"href":"https:\/\/escolaterranima.com\/es\/wp-json\/wp\/v2\/pages"}],"about":[{"href":"https:\/\/escolaterranima.com\/es\/wp-json\/wp\/v2\/types\/page"}],"author":[{"embeddable":true,"href":"https:\/\/escolaterranima.com\/es\/wp-json\/wp\/v2\/users\/288"}],"replies":[{"embeddable":true,"href":"https:\/\/escolaterranima.com\/es\/wp-json\/wp\/v2\/comments?post=5185"}],"version-history":[{"count":231,"href":"https:\/\/escolaterranima.com\/es\/wp-json\/wp\/v2\/pages\/5185\/revisions"}],"predecessor-version":[{"id":28718,"href":"https:\/\/escolaterranima.com\/es\/wp-json\/wp\/v2\/pages\/5185\/revisions\/28718"}],"wp:attachment":[{"href":"https:\/\/escolaterranima.com\/es\/wp-json\/wp\/v2\/media?parent=5185"}],"curies":[{"name":"wp","href":"https:\/\/api.w.org\/{rel}","templated":true}]}}