{"id":3,"date":"2021-07-01T09:49:05","date_gmt":"2021-07-01T09:49:05","guid":{"rendered":"http:\/\/www.nuriaxandri-demo.cat.mialias.net\/?page_id=3"},"modified":"2025-02-05T14:14:05","modified_gmt":"2025-02-05T13:14:05","slug":"politica-privacidad","status":"publish","type":"page","link":"https:\/\/escolaterranima.com\/es\/politica-privacidad\/","title":{"rendered":"Pol\u00edtica de privacidad"},"content":{"rendered":"\t\t<div data-elementor-type=\"wp-page\" data-elementor-id=\"3\" class=\"elementor elementor-3\">\n\t\t\t\t\t\t<section class=\"elementor-section elementor-top-section elementor-element elementor-element-cdd5ce2 elementor-section-full_width elementor-section-stretched elementor-section-height-default elementor-section-height-default\" data-id=\"cdd5ce2\" data-element_type=\"section\" data-e-type=\"section\" data-settings=\"{&quot;stretch_section&quot;:&quot;section-stretched&quot;}\">\n\t\t\t\t\t\t<div class=\"elementor-container elementor-column-gap-default\">\n\t\t\t\t\t<div class=\"elementor-column elementor-col-100 elementor-top-column elementor-element elementor-element-5e985a2\" data-id=\"5e985a2\" data-element_type=\"column\" data-e-type=\"column\" data-settings=\"{&quot;background_background&quot;:&quot;classic&quot;}\">\n\t\t\t<div class=\"elementor-widget-wrap elementor-element-populated\">\n\t\t\t\t\t\t<div class=\"elementor-element elementor-element-4bf3cdb elementor-widget__width-initial elementor-widget elementor-widget-text-editor\" data-id=\"4bf3cdb\" data-element_type=\"widget\" data-e-type=\"widget\" data-widget_type=\"text-editor.default\">\n\t\t\t\t<div class=\"elementor-widget-container\">\n\t\t\t\t\t\t\t\t\t<h2>Pol\u00edtica de privacidad de Escola Terranima<\/h2><p>Tu privacidad es importante para nosotros. Es pol\u00edtica de Escola Terranima respetar tu privacidad y cumplir con todas las leyes y regulaciones aplicables con respecto a cualquier informaci\u00f3n personal que podamos recopilar sobre ti, incluyendo a trav\u00e9s de nuestro sitio web, <a href=\"https:\/\/escolaterranima.com\/\">https:\/\/escolaterranima.com\/<\/a>, y otros sitios que poseemos y operamos.<\/p><p>La informaci\u00f3n personal es cualquier informaci\u00f3n sobre ti que pueda ser utilizada para identificarte. Esto incluye informaci\u00f3n sobre ti como persona (como nombre, direcci\u00f3n y fecha de nacimiento), tus dispositivos, detalles de pago e incluso informaci\u00f3n sobre c\u00f3mo utilizas un sitio web o servicio en l\u00ednea.<\/p><p>En caso de que nuestro sitio contenga enlaces a sitios y servicios de terceros, ten en cuenta que esos sitios y servicios tienen sus propias pol\u00edticas de privacidad. Despu\u00e9s de seguir un enlace a cualquier contenido de terceros, debes leer su pol\u00edtica de privacidad publicada para conocer c\u00f3mo recopilan y utilizan la informaci\u00f3n personal. Esta Pol\u00edtica de privacidad no se aplica a ninguna de tus actividades despu\u00e9s de abandonar nuestro sitio.<\/p><p>Esta pol\u00edtica es efectiva a partir del 3 de febrero de 2025.<\/p><p>\u00daltima actualizaci\u00f3n: 3 de febrero de 2025.<\/p><h3>Responsable del tratamiento de datos personales<\/h3><p>Denominaci\u00f3n social: Terranima SLU<\/p><p>NIF:\u00a0B-09645730<\/p><p>Con domicilio social en C\/Sant Antoni, 39. (Local) \u2013 08358 Arenys de Munt (Barcelona)<\/p><p>Actividad social: Formaciones de crecimiento espiritual y personal.<\/p><p>Email de contacto: info@escolaterranima.com<\/p><h3>Informaci\u00f3n que recopilamos<\/h3><p>La informaci\u00f3n que recopilamos se divide en dos categor\u00edas: informaci\u00f3n proporcionada voluntariamente e informaci\u00f3n recopilada autom\u00e1ticamente.<\/p><p>La informaci\u00f3n proporcionada voluntariamente se refiere a cualquier informaci\u00f3n que nos proporcionas de manera consciente y activa al usar o participar en cualquiera de nuestros servicios y promociones.<\/p><p>La informaci\u00f3n recopilada autom\u00e1ticamente se refiere a cualquier informaci\u00f3n enviada autom\u00e1ticamente por tus dispositivos al acceder a nuestros productos y servicios.<\/p><h3>Datos de registro<\/h3><p>Cuando visitas nuestro sitio web, nuestros servidores pueden registrar autom\u00e1ticamente los datos est\u00e1ndar proporcionados por tu navegador web. Esto puede incluir la direcci\u00f3n de Protocolo de Internet (IP) de tu dispositivo, el tipo y la versi\u00f3n de tu navegador, las p\u00e1ginas que visitas, la fecha y la hora de tu visita, el tiempo que pasas en cada p\u00e1gina y otros detalles sobre tu visita.<\/p><p>Adem\u00e1s, si encuentras ciertos errores mientras utilizas el sitio, podemos recopilar autom\u00e1ticamente datos sobre el error y las circunstancias que lo rodean. Estos datos pueden incluir detalles t\u00e9cnicos sobre tu dispositivo, qu\u00e9 estabas intentando hacer cuando ocurri\u00f3 el error y otra informaci\u00f3n t\u00e9cnica relacionada con el problema. Es posible que recibas o no aviso de tales errores, incluso en el momento en que ocurran, de que hayan ocurrido o de cu\u00e1l es la naturaleza del error.<\/p><p>Ten en cuenta que si bien esta informaci\u00f3n puede no ser identificable por s\u00ed misma, es posible combinarla con otros datos para identificar personalmente a personas individuales.<\/p><h3>Datos del dispositivo<\/h3><p>Cuando visitas nuestro sitio web o interact\u00faas con nuestros servicios, podemos recopilar autom\u00e1ticamente datos sobre tu dispositivo, tales como:<\/p><ul><li>Tipo de dispositivo<\/li><li>Sistema operativo<\/li><li>Configuraci\u00f3n del dispositivo<\/li><\/ul><p>Los datos que recopilamos pueden depender de la configuraci\u00f3n individual de tu dispositivo y software. Recomendamos consultar las pol\u00edticas del fabricante de tu dispositivo o del proveedor de software para conocer qu\u00e9 informaci\u00f3n ponen a nuestra disposici\u00f3n.<\/p><h3>Informaci\u00f3n personal<\/h3><p>Podemos solicitar informaci\u00f3n personal \u2014 por ejemplo, cuando realiza una compra o cuando te contactes con nosotros \u2014 que puede incluir una o m\u00e1s de las siguientes:<\/p><ul><li>Nombre<\/li><li>Correo electr\u00f3nico<\/li><li>N\u00famero de tel\u00e9fono\/m\u00f3vil<\/li><li>Direcci\u00f3n de casa\/para correspondencia<\/li><li>NIF<\/li><\/ul><h3>Razones leg\u00edtimas para procesar tu informaci\u00f3n personal<\/h3><p>Solo recopilamos y utilizamos tu informaci\u00f3n personal cuando tenemos una raz\u00f3n leg\u00edtima para hacerlo. En ese caso, solo recopilamos informaci\u00f3n personal que sea razonablemente necesaria para proporcionarte nuestros servicios.<\/p><h3>Recopilaci\u00f3n y uso de informaci\u00f3n<\/h3><p>Podemos recopilar informaci\u00f3n personal proporcionada por usted cuando realice cualquiera de las siguientes acciones en nuestro sitio web:<\/p><ul><li>Comprar cualquier producto y\/o servicio<\/li><li>Comprar una suscripci\u00f3n<\/li><li>Usar un dispositivo m\u00f3vil o un navegador web para acceder a nuestro contenido<\/li><li>Contactarnos por correo electr\u00f3nico, redes sociales o a trav\u00e9s de tecnolog\u00edas similares<\/li><li>Cuando nos mencione en redes sociales<\/li><\/ul><p>Podemos recopilar, retener, usar y divulgar informaci\u00f3n con los siguientes fines, y la informaci\u00f3n personal no se procesar\u00e1 posteriormente de ninguna manera que sea incompatible con estos fines:<\/p><ul><li>Proporcionarle las funciones y servicios principales de nuestra plataforma<\/li><li>Procesar cualquier pago transaccional o continuado<\/li><\/ul><p>Podemos combinar informaci\u00f3n personal proporcionada voluntariamente y recopilada autom\u00e1ticamente con informaci\u00f3n general o datos de investigaci\u00f3n que recibimos de otras fuentes confiables. Por ejemplo, si nos proporciona su ubicaci\u00f3n, podemos combinarla con informaci\u00f3n general sobre la moneda y el idioma para ofrecerle una experiencia mejorada en nuestro sitio y servicio.<\/p><h4>Seguridad de su informaci\u00f3n personal<\/h4><p>Cuando recopilemos y procesemos informaci\u00f3n personal, y mientras conservemos esta informaci\u00f3n, la protegeremos utilizando medios comercialmente aceptables para evitar p\u00e9rdidas y robos, as\u00ed como el acceso, divulgaci\u00f3n, copia, uso o modificaci\u00f3n no autorizados.<\/p><p>Aunque haremos todo lo posible para proteger la informaci\u00f3n personal que nos proporcione, le informamos que ning\u00fan m\u00e9todo de transmisi\u00f3n o almacenamiento electr\u00f3nico es 100 % seguro y nadie puede garantizar la seguridad absoluta de los datos.<\/p><p>Usted es responsable de seleccionar la contrase\u00f1a y su nivel de seguridad general, de la que depender\u00e1 la seguridad de su propia informaci\u00f3n dentro de los l\u00edmites de nuestros servicios. Por ejemplo, deber\u00e1 asegurarse de no poner su informaci\u00f3n personal disponible p\u00fablicamente a trav\u00e9s de nuestra plataforma.<\/p><h4>Durante cu\u00e1nto tiempo conservamos su informaci\u00f3n personal<\/h4><p>Conservamos su informaci\u00f3n personal solo durante el tiempo que sea necesario. Este periodo de tiempo puede depender de para qu\u00e9 estemos usando su informaci\u00f3n, de acuerdo con esta Pol\u00edtica de privacidad. Por ejemplo, si nos ha proporcionado informaci\u00f3n personal como una direcci\u00f3n de correo electr\u00f3nico al ponerse en contacto con nosotros para realizar una consulta espec\u00edfica, podemos retener esta informaci\u00f3n mientras su consulta permanezca abierta, as\u00ed como para nuestros propios registros, de modo que podamos abordar de forma eficaz consultas similares en el futuro. Si su informaci\u00f3n personal ya no es necesaria a tal fin, la eliminaremos o la haremos an\u00f3nima eliminando todos los detalles que le identifiquen.<\/p><p>Sin embargo, podemos retener su informaci\u00f3n personal si la necesitamos para cumplir con una obligaci\u00f3n legal, contable o de notificaci\u00f3n, o con fines de archivo de inter\u00e9s p\u00fablico, investigaci\u00f3n cient\u00edfica o hist\u00f3rica o fines estad\u00edsticos.<\/p><h3>Privacidad de los ni\u00f1os<\/h3><p>Ninguno de nuestros productos y servicios est\u00e1 dirigido directamente a ni\u00f1os menores de 13 a\u00f1os, y no recopilamos a sabiendas informaci\u00f3n personal sobre ni\u00f1os menores de 13 a\u00f1os.<\/p><h3>Divulgaci\u00f3n de informaci\u00f3n personal a terceros<\/h3><p>Podemos divulgar informaci\u00f3n personal a:<\/p><ul><li>una empresa matriz, subsidiaria o afiliada de nuestra compa\u00f1\u00eda<\/li><li>proveedores de servicios de terceros con el prop\u00f3sito de permitirles brindar sus servicios, incluyendo (sin limitaci\u00f3n) proveedores de servicios de TI, almacenamiento de datos, alojamiento y proveedores de servidores, redes de publicidad, anal\u00edticas, registradores de errores, cobradores de deudas, proveedores de mantenimiento o resoluci\u00f3n de problemas, marketing proveedores de servicios, asesores profesionales y operadores de sistemas de pago<\/li><li>nuestros empleados, contratistas y\/o entidades relacionadas<\/li><li>nuestros agentes o socios comerciales existentes o potenciales<\/li><li>agencias de informes crediticios, tribunales y autoridades reguladoras, en caso de que no pague por los bienes o servicios que le hemos proporcionado<\/li><li>tribunales, autoridades reguladoras y agentes del orden, seg\u00fan lo requiera la ley, en relaci\u00f3n con cualquier procedimiento legal real o potencial, o para establecer, ejercer o defender nuestros derechos legales<\/li><li>terceros, incluyendo agentes o subcontratistas que nos ayuden a proporcionarle informaci\u00f3n, productos, servicios o marketing directo<\/li><li>terceros para recopilar y procesar datos<\/li><li>una entidad que compre, o a la cual transferimos todos o substancialmente todos nuestros activos y negocios<\/li><\/ul><p>Algunos de los terceros que utilizamos actualmente incluyen:<\/p><ul><li>Google Analytics<\/li><li>ActiveCampaign<\/li><\/ul><h3>Sus derechos y control de su informaci\u00f3n personal<\/h3><p><strong>Su elecci\u00f3n:<\/strong> Al proporcionarnos informaci\u00f3n personal, usted comprende que recopilaremos, retendremos, usaremos y divulgaremos su informaci\u00f3n personal de acuerdo con esta pol\u00edtica de privacidad. No est\u00e1 obligado a proporcionarnos informaci\u00f3n personal, sin embargo, si no lo hace, puede afectar su uso de nuestro sitio web o los productos y\/o servicios ofrecidos en o a trav\u00e9s de \u00e9l.<\/p><p><strong>Informaci\u00f3n de terceros:<\/strong> Si recibimos informaci\u00f3n personal sobre usted de un tercero, la protegeremos seg\u00fan se establece en esta pol\u00edtica de privacidad. Si usted es un tercero que proporciona informaci\u00f3n personal sobre otra persona, usted declara y garantiza que tiene el consentimiento de esa persona para proporcionarnos la informaci\u00f3n personal.<\/p><p><strong>Permiso de marketing:<\/strong> Si ha acordado previamente que utilicemos su informaci\u00f3n personal con fines de marketing directo, puede cambiar de opini\u00f3n en cualquier momento comunic\u00e1ndose con nosotros utilizando los detalles a continuaci\u00f3n.<\/p><p><strong>Acceso:<\/strong> Puede solicitar detalles de la informaci\u00f3n personal que tenemos sobre usted.<\/p><p><strong>Correcci\u00f3n:<\/strong> Si cree que la informaci\u00f3n que tenemos sobre usted es inexacta, est\u00e1 desactualizada, es incompleta, no es relevante o enga\u00f1osa, comun\u00edquese con nosotros utilizando los detalles proporcionados en esta pol\u00edtica de privacidad. Tomaremos medidas razonables para corregir cualquier informaci\u00f3n que se encuentre inexacta, incompleta, enga\u00f1osa o desactualizada.<\/p><p><strong>No discriminaci\u00f3n:<\/strong> No lo discriminaremos por ejercer ninguno de sus derechos sobre su informaci\u00f3n personal. A menos que su informaci\u00f3n personal sea necesaria para proporcionarle un servicio o oferta en particular (por ejemplo, procesar y cumplir con pedidos), no le negaremos bienes o servicios y\/o no le cobraremos precios o tarifas diferentes por bienes o servicios, incluyendo la concesi\u00f3n de descuentos u otros beneficios, ni le impondremos penalidades, ni le proporcionaremos un nivel o calidad diferente de bienes o servicios.<\/p><p><strong>Notificaci\u00f3n de violaciones de datos:<\/strong> Cumpliremos con las leyes aplicables a nosotros con respecto a cualquier violaci\u00f3n de datos.<\/p><p><strong>Quejas:<\/strong> Si cree que hemos violado una ley relevante de protecci\u00f3n de datos y desea presentar una queja, cont\u00e1ctenos utilizando los detalles a continuaci\u00f3n y proporci\u00f3nenos todos los detalles de la supuesta violaci\u00f3n. Investigaremos su queja y le responderemos por escrito, estableciendo el resultado de nuestra investigaci\u00f3n y las medidas que tomaremos para abordar su queja. Tambi\u00e9n tiene derecho a comunicarse con un organismo regulador o una autoridad de protecci\u00f3n de datos con respecto a su queja.<\/p><p><strong>Cancelar suscripci\u00f3n:<\/strong> Para darse de baja de nuestra base de datos de correo electr\u00f3nico o cancelar la suscripci\u00f3n a comunicaciones (incluyendo comunicaciones de marketing), cont\u00e1ctenos utilizando los detalles proporcionados en esta pol\u00edtica de privacidad, o utilice las instalaciones de cancelaci\u00f3n de la suscripci\u00f3n proporcionadas en la comunicaci\u00f3n. Es posible que necesitemos solicitarle informaci\u00f3n espec\u00edfica para ayudarnos a confirmar su identidad.<\/p><h3>Uso de cookies<\/h3><p>Utilizamos \u00abcookies\u00bb para recopilar informaci\u00f3n sobre usted y su actividad en nuestro sitio. Una cookie es un peque\u00f1o fragmento de datos que nuestro sitio web almacena en su computadora y al que accede cada vez que lo visita, para que podamos entender c\u00f3mo utiliza nuestro sitio. Esto nos ayuda a ofrecerle contenido basado en las preferencias que haya especificado.<\/p><p>Consulte nuestra Pol\u00edtica de cookies para obtener m\u00e1s informaci\u00f3n.<\/p><h3>Transferencias comerciales<\/h3><p>Si nosotros o nuestros activos somos adquiridos, o en el caso improbable de que cesemos la actividad o vayamos a la quiebra, incluiremos datos, incluida su informaci\u00f3n personal, entre los activos transferidos a la parte que nos adquiera. Usted acepta que tales transferencias pueden ocurrir, y que cualquier parte que nos adquiera podr\u00e1, en la medida en que lo permita la ley aplicable, continuar usando su informaci\u00f3n personal de acuerdo con esta pol\u00edtica, que deber\u00e1 asumir como base para ejercer cualquier derecho de propiedad o uso que tengamos sobre dicha informaci\u00f3n.<\/p><h3>L\u00edmites de nuestra pol\u00edtica<\/h3><p>Nuestro sitio web puede tener enlaces a sitios externos que no operamos nosotros. Tenga en cuenta que no tenemos ning\u00fan tipo de control sobre el contenido y las pol\u00edticas de esos sitios, y no podemos aceptar responsabilidad u obligaci\u00f3n alguna por sus respectivas pr\u00e1cticas de privacidad.<\/p><h3>Cambios a esta Pol\u00edtica<\/h3><p>A nuestra discreci\u00f3n, podemos cambiar nuestra Pol\u00edtica de privacidad para reflejar actualizaciones de nuestros procesos comerciales, pr\u00e1cticas aceptables actuales o cambios legislativos o normativos. Si decidimos cambiar esta Pol\u00edtica de privacidad, publicaremos los cambios aqu\u00ed, en el mismo enlace a trav\u00e9s del que ha accedido a esta Pol\u00edtica de privacidad.<\/p><p>Si as\u00ed lo requiere la ley, obtendremos su permiso o le daremos la oportunidad de optar por participar u optar por no participar, seg\u00fan corresponda, en cualquier nuevo uso de su informaci\u00f3n personal.<\/p><h3>Divulgaciones adicionales para el cumplimiento del Reglamento General de Protecci\u00f3n de Datos (RGPD) (UE)<\/h3><h4>Controlador de datos \/ Procesador de datos<\/h4><p>El RGPD distingue entre organizaciones que procesan informaci\u00f3n personal para sus propios fines (conocidas como \u00abcontroladores de datos\u00bb) y organizaciones que procesan informaci\u00f3n personal en nombre de otras organizaciones (conocidas como \u00abprocesadores de datos\u00bb). Nosotros, Escola Terranima, situados en la direcci\u00f3n que se indica en nuestro ep\u00edgrafe Contacto, somos un Controlador de datos con respecto a la informaci\u00f3n personal que usted nos proporciona.<\/p><h4>Fundamentos jur\u00eddicos para procesar su informaci\u00f3n personal<\/h4><p>Solo recopilaremos y usaremos su informaci\u00f3n personal cuando tengamos el derecho leg\u00edtimo de hacerlo. En cuyo caso, recopilaremos y usaremos su informaci\u00f3n personal de forma l\u00edcita, justa y transparente. Si necesitamos su consentimiento para procesar su informaci\u00f3n personal y usted es menor de 16 a\u00f1os, solicitaremos el consentimiento de su padre, madre o tutor legal para procesar su informaci\u00f3n personal con ese fin espec\u00edfico.<\/p><p>Nuestros fundamentos jur\u00eddicos dependen de los servicios que utiliza y de c\u00f3mo los utiliza. Esto significa que solo recopilamos y usamos su informaci\u00f3n por los siguientes motivos:<\/p><h3>Consentimiento dado por usted<\/h3><p>Cuando nos da su consentimiento para recopilar y utilizar su informaci\u00f3n personal con un fin espec\u00edfico. Puede retirar su consentimiento en cualquier momento utilizando las funciones que ofrecemos; sin embargo, esto no afectar\u00e1 al uso de su informaci\u00f3n que ya se haya realizado. Puede proporcionar una direcci\u00f3n postal con el fin de recibir pedidos. Si bien puede cambiar o eliminar esta direcci\u00f3n en cualquier momento, esto no afectar\u00e1 a los pedidos que ya se hayan enviado. Si tiene m\u00e1s preguntas acerca de c\u00f3mo retirar su consentimiento, no dude en consultarnos utilizando los datos que se indican en el ep\u00edgrafe Contacto de esta Pol\u00edtica de privacidad.<\/p><h3>Ejecuci\u00f3n de un contrato o transacci\u00f3n<\/h3><p>Cuando ha celebrado un contrato o transacci\u00f3n con nosotros, o para realizar los pasos preparatorios antes de que celebremos un contrato o transacci\u00f3n con usted. Por ejemplo, si nos compra un producto, servicio o suscripci\u00f3n, es posible que necesitemos utilizar su informaci\u00f3n personal y de pago para procesar y entregar su pedido.<\/p><h3>Nuestros intereses leg\u00edtimos<\/h3><p>Cuando consideramos que es necesario para nuestros intereses leg\u00edtimos, por ejemplo, para que proporcionemos, operemos, mejoremos y comuniquemos nuestros servicios. Consideramos que nuestros intereses leg\u00edtimos incluyen la investigaci\u00f3n y el desarrollo, la comprensi\u00f3n de nuestro p\u00fablico, el marketing y la promoci\u00f3n de nuestros servicios, las medidas tomadas para operar nuestros servicios de manera eficiente, el an\u00e1lisis de marketing y las medidas tomadas para proteger nuestros derechos e intereses legales.<\/p><h3>Cumplimiento de la ley<\/h3><p>En algunos casos, es posible que tengamos la obligaci\u00f3n legal de usar o conservar su informaci\u00f3n personal. Dichos casos pueden incluir (entre otros) \u00f3rdenes judiciales, investigaciones penales, solicitudes gubernamentales y obligaciones reglamentarias. Si tiene alguna pregunta acerca de c\u00f3mo retenemos la informaci\u00f3n personal para cumplir la ley, no dude en consultarnos utilizando los datos que se indican en el ep\u00edgrafe Contacto de esta Pol\u00edtica de privacidad.<\/p><h4>Transferencias internacionales fuera del Espacio Econ\u00f3mico Europeo (EEE)<\/h4><p>Nos aseguraremos de que cualquier transferencia de informaci\u00f3n personal desde pa\u00edses del Espacio Econ\u00f3mico Europeo (EEE) a pa\u00edses fuera del EEE est\u00e9 protegida por las salvaguardias adecuadas, por ejemplo, mediante el uso de cl\u00e1usulas est\u00e1ndar de protecci\u00f3n de datos aprobadas por la Comisi\u00f3n Europea o el uso de normas corporativas vinculantes u otros medios legalmente aceptados.<\/p><h4>Sus derechos y el control de su informaci\u00f3n personal<\/h4><p><strong>Restringir:<\/strong> tiene derecho a solicitar que restrinjamos el procesamiento de su informaci\u00f3n personal si (i) le preocupa la exactitud de su informaci\u00f3n personal; (ii) cree que su informaci\u00f3n personal ha sido procesada ilegalmente; (iii) necesita que conservemos la informaci\u00f3n personal \u00fanicamente a efectos de una acci\u00f3n judicial; o (iv) estamos en proceso de considerar su objeci\u00f3n en relaci\u00f3n con el procesamiento sobre la base de intereses leg\u00edtimos.<\/p><p><strong>Oponerse al procesamiento:<\/strong> tiene derecho a oponerse al procesamiento de su informaci\u00f3n personal que se base en nuestros intereses leg\u00edtimos o el inter\u00e9s p\u00fablico. Si se hace esto, debemos proporcionar motivos leg\u00edtimos convincentes para el procesamiento que se antepongan a sus intereses, derechos y libertades, a fin de continuar con el procesamiento de su informaci\u00f3n personal.<\/p><p><strong>Portabilidad de datos:<\/strong> es posible que tenga derecho a solicitar una copia de la informaci\u00f3n personal que tenemos sobre usted. Siempre que sea posible, proporcionaremos esta informaci\u00f3n en formato CSV u otro formato legible f\u00e1cilmente por m\u00e1quina. Tambi\u00e9n puede tener derecho a solicitar que transfiramos esta informaci\u00f3n personal a un tercero.<\/p><h3>Contacto<\/h3><p>Para cualquier duda o pregunta con respecto a su privacidad, puede ponerse en contacto con nosotros utilizando los siguientes datos:<\/p><p>Terranima SLU<br \/>info@escolaterranima.com<\/p>\t\t\t\t\t\t\t\t<\/div>\n\t\t\t\t<\/div>\n\t\t\t\t\t<\/div>\n\t\t<\/div>\n\t\t\t\t\t<\/div>\n\t\t<\/section>\n\t\t\t\t<\/div>\n\t\t","protected":false},"excerpt":{"rendered":"<p>Pol\u00edtica de privacidad de Escola Terranima Tu privacidad es importante para nosotros. Es pol\u00edtica de Escola Terranima respetar tu privacidad y cumplir con todas las leyes y regulaciones aplicables con respecto a cualquier informaci\u00f3n personal que podamos recopilar sobre ti, incluyendo a trav\u00e9s de nuestro sitio web, https:\/\/escolaterranima.com\/, y otros sitios que poseemos y operamos. &#8230; <a title=\"Pol\u00edtica de privacidad\" class=\"read-more\" href=\"https:\/\/escolaterranima.com\/es\/politica-privacidad\/\" aria-label=\"Leer m\u00e1s sobre Pol\u00edtica de privacidad\">Leer m\u00e1s<\/a><\/p>\n","protected":false},"author":288,"featured_media":0,"parent":0,"menu_order":0,"comment_status":"closed","ping_status":"open","template":"","meta":{"footnotes":""},"class_list":["post-3","page","type-page","status-publish"],"_links":{"self":[{"href":"https:\/\/escolaterranima.com\/es\/wp-json\/wp\/v2\/pages\/3","targetHints":{"allow":["GET"]}}],"collection":[{"href":"https:\/\/escolaterranima.com\/es\/wp-json\/wp\/v2\/pages"}],"about":[{"href":"https:\/\/escolaterranima.com\/es\/wp-json\/wp\/v2\/types\/page"}],"author":[{"embeddable":true,"href":"https:\/\/escolaterranima.com\/es\/wp-json\/wp\/v2\/users\/288"}],"replies":[{"embeddable":true,"href":"https:\/\/escolaterranima.com\/es\/wp-json\/wp\/v2\/comments?post=3"}],"version-history":[{"count":22,"href":"https:\/\/escolaterranima.com\/es\/wp-json\/wp\/v2\/pages\/3\/revisions"}],"predecessor-version":[{"id":23987,"href":"https:\/\/escolaterranima.com\/es\/wp-json\/wp\/v2\/pages\/3\/revisions\/23987"}],"wp:attachment":[{"href":"https:\/\/escolaterranima.com\/es\/wp-json\/wp\/v2\/media?parent=3"}],"curies":[{"name":"wp","href":"https:\/\/api.w.org\/{rel}","templated":true}]}}