{"id":26063,"date":"2025-09-10T17:26:55","date_gmt":"2025-09-10T15:26:55","guid":{"rendered":"https:\/\/escolaterranima.com\/?page_id=26063"},"modified":"2025-09-10T17:27:05","modified_gmt":"2025-09-10T15:27:05","slug":"meditacio-mujer-arbol","status":"publish","type":"page","link":"https:\/\/escolaterranima.com\/es\/cursos-presenciales\/meditacio-mujer-arbol\/","title":{"rendered":"Meditaci\u00f3 Mujer-\u00e1rbol"},"content":{"rendered":"\t\t<div data-elementor-type=\"wp-page\" data-elementor-id=\"26063\" class=\"elementor elementor-26063\">\n\t\t\t\t\t\t<section class=\"elementor-section elementor-top-section elementor-element elementor-element-3627b43 elementor-section-full_width elementor-section-stretched elementor-section-height-min-height elementor-section-height-default elementor-section-items-middle\" data-id=\"3627b43\" data-element_type=\"section\" data-settings=\"{&quot;stretch_section&quot;:&quot;section-stretched&quot;,&quot;background_background&quot;:&quot;classic&quot;}\">\n\t\t\t\t\t\t<div class=\"elementor-container elementor-column-gap-no\">\n\t\t\t\t\t<div class=\"elementor-column elementor-col-100 elementor-top-column elementor-element elementor-element-73d34c3\" data-id=\"73d34c3\" data-element_type=\"column\">\n\t\t\t<div class=\"elementor-widget-wrap elementor-element-populated\">\n\t\t\t\t\t\t<section class=\"elementor-section elementor-inner-section elementor-element elementor-element-dc94653 elementor-section-boxed elementor-section-height-default elementor-section-height-default\" data-id=\"dc94653\" data-element_type=\"section\" data-settings=\"{&quot;background_background&quot;:&quot;classic&quot;}\">\n\t\t\t\t\t\t<div class=\"elementor-container elementor-column-gap-default\">\n\t\t\t\t\t<div class=\"elementor-column elementor-col-100 elementor-inner-column elementor-element elementor-element-767435b\" data-id=\"767435b\" data-element_type=\"column\">\n\t\t\t<div class=\"elementor-widget-wrap elementor-element-populated\">\n\t\t\t\t\t\t<div class=\"elementor-element elementor-element-d88c8ce elementor-widget elementor-widget-heading\" data-id=\"d88c8ce\" data-element_type=\"widget\" data-widget_type=\"heading.default\">\n\t\t\t\t<div class=\"elementor-widget-container\">\n\t\t\t\t\t<h2 class=\"elementor-heading-title elementor-size-xxl\">Meditaci\u00f3n Mujer - \u00e1rbol<\/h2>\t\t\t\t<\/div>\n\t\t\t\t<\/div>\n\t\t\t\t\t<\/div>\n\t\t<\/div>\n\t\t\t\t\t<\/div>\n\t\t<\/section>\n\t\t\t\t\t<\/div>\n\t\t<\/div>\n\t\t\t\t\t<\/div>\n\t\t<\/section>\n\t\t\t\t<section class=\"elementor-section elementor-top-section elementor-element elementor-element-03d621b elementor-section-full_width elementor-section-stretched elementor-section-height-default elementor-section-height-default\" data-id=\"03d621b\" data-element_type=\"section\" data-settings=\"{&quot;stretch_section&quot;:&quot;section-stretched&quot;}\">\n\t\t\t\t\t\t<div class=\"elementor-container elementor-column-gap-default\">\n\t\t\t\t\t<div class=\"elementor-column elementor-col-100 elementor-top-column elementor-element elementor-element-e5fa77b\" data-id=\"e5fa77b\" data-element_type=\"column\" data-settings=\"{&quot;background_background&quot;:&quot;classic&quot;}\">\n\t\t\t<div class=\"elementor-widget-wrap elementor-element-populated\">\n\t\t\t\t\t\t<section class=\"elementor-section elementor-inner-section elementor-element elementor-element-cd16996 elementor-section-boxed elementor-section-height-default elementor-section-height-default\" data-id=\"cd16996\" data-element_type=\"section\">\n\t\t\t\t\t\t<div class=\"elementor-container elementor-column-gap-default\">\n\t\t\t\t\t<div class=\"elementor-column elementor-col-100 elementor-inner-column elementor-element elementor-element-57409c5\" data-id=\"57409c5\" data-element_type=\"column\">\n\t\t\t<div class=\"elementor-widget-wrap elementor-element-populated\">\n\t\t\t\t\t\t<div class=\"elementor-element elementor-element-1c1dbe8 elementor-widget elementor-widget-text-editor\" data-id=\"1c1dbe8\" data-element_type=\"widget\" data-widget_type=\"text-editor.default\">\n\t\t\t\t<div class=\"elementor-widget-container\">\n\t\t\t\t\t\t\t\t\t<h2>\u00a0<\/h2><p>Una meditaci\u00f3n para conectar y sostener el poder personal:\u00a0<\/p><p><div style=\"width: 640px;\" class=\"wp-video\"><!--[if lt IE 9]><script>document.createElement('video');<\/script><![endif]-->\n<video class=\"wp-video-shortcode\" id=\"video-26063-1\" width=\"640\" height=\"360\" preload=\"metadata\" controls=\"controls\"><source type=\"video\/mp4\" src=\"https:\/\/escolaterranima.com\/wp-content\/uploads\/2023\/03\/meditacion-Raices-1.mp4?_=1\" \/><a href=\"https:\/\/escolaterranima.com\/wp-content\/uploads\/2023\/03\/meditacion-Raices-1.mp4\">https:\/\/escolaterranima.com\/wp-content\/uploads\/2023\/03\/meditacion-Raices-1.mp4<\/a><\/video><\/div><\/p><p style=\"text-align: center;\">Ponte c\u00f3moda y haz clic aqu\u00ed abajo para realizar la meditaci\u00f3n:<\/p><h2 style=\"text-align: center;\">\u00a0MEDITACI\u00d3N Mujer-\u00e1rbol<\/h2><p><!--[if lt IE 9]><script>document.createElement('audio');<\/script><![endif]-->\n<audio class=\"wp-audio-shortcode\" id=\"audio-26063-1\" preload=\"none\" style=\"width: 100%;\" controls=\"controls\"><source type=\"audio\/mpeg\" src=\"\/wp-content\/uploads\/2023\/03\/meditacion-mujer-arbol-ok.mp3?_=1\" \/><a href=\"\/wp-content\/uploads\/2023\/03\/meditacion-mujer-arbol-ok.mp3\">\/wp-content\/uploads\/2023\/03\/meditacion-mujer-arbol-ok.mp3<\/a><\/audio><\/p>\t\t\t\t\t\t\t\t<\/div>\n\t\t\t\t<\/div>\n\t\t\t\t\t<\/div>\n\t\t<\/div>\n\t\t\t\t\t<\/div>\n\t\t<\/section>\n\t\t\t\t\t<\/div>\n\t\t<\/div>\n\t\t\t\t\t<\/div>\n\t\t<\/section>\n\t\t\t\t<\/div>\n\t\t","protected":false},"excerpt":{"rendered":"<p>Meditaci\u00f3n Mujer &#8211; \u00e1rbol \u00a0 Una meditaci\u00f3n para conectar y sostener el poder personal:\u00a0 https:\/\/escolaterranima.com\/wp-content\/uploads\/2023\/03\/meditacion-Raices-1.mp4 Ponte c\u00f3moda y haz clic aqu\u00ed abajo para realizar la meditaci\u00f3n: \u00a0MEDITACI\u00d3N Mujer-\u00e1rbol<\/p>\n","protected":false},"author":288,"featured_media":0,"parent":2105,"menu_order":0,"comment_status":"closed","ping_status":"closed","template":"","meta":{"footnotes":""},"class_list":["post-26063","page","type-page","status-publish"],"_links":{"self":[{"href":"https:\/\/escolaterranima.com\/es\/wp-json\/wp\/v2\/pages\/26063","targetHints":{"allow":["GET"]}}],"collection":[{"href":"https:\/\/escolaterranima.com\/es\/wp-json\/wp\/v2\/pages"}],"about":[{"href":"https:\/\/escolaterranima.com\/es\/wp-json\/wp\/v2\/types\/page"}],"author":[{"embeddable":true,"href":"https:\/\/escolaterranima.com\/es\/wp-json\/wp\/v2\/users\/288"}],"replies":[{"embeddable":true,"href":"https:\/\/escolaterranima.com\/es\/wp-json\/wp\/v2\/comments?post=26063"}],"version-history":[{"count":4,"href":"https:\/\/escolaterranima.com\/es\/wp-json\/wp\/v2\/pages\/26063\/revisions"}],"predecessor-version":[{"id":26069,"href":"https:\/\/escolaterranima.com\/es\/wp-json\/wp\/v2\/pages\/26063\/revisions\/26069"}],"up":[{"embeddable":true,"href":"https:\/\/escolaterranima.com\/es\/wp-json\/wp\/v2\/pages\/2105"}],"wp:attachment":[{"href":"https:\/\/escolaterranima.com\/es\/wp-json\/wp\/v2\/media?parent=26063"}],"curies":[{"name":"wp","href":"https:\/\/api.w.org\/{rel}","templated":true}]}}