{"id":23991,"date":"2025-02-05T14:17:11","date_gmt":"2025-02-05T13:17:11","guid":{"rendered":"https:\/\/escolaterranima.com\/?page_id=23991"},"modified":"2025-02-10T09:54:56","modified_gmt":"2025-02-10T08:54:56","slug":"politica-de-devoluciones","status":"publish","type":"page","link":"https:\/\/escolaterranima.com\/es\/politica-de-devoluciones\/","title":{"rendered":"Pol\u00edtica de devoluciones"},"content":{"rendered":"\t\t<div data-elementor-type=\"wp-page\" data-elementor-id=\"23991\" class=\"elementor elementor-23991\">\n\t\t\t\t\t\t<section class=\"elementor-section elementor-top-section elementor-element elementor-element-cdd5ce2 elementor-section-full_width elementor-section-stretched elementor-section-height-default elementor-section-height-default\" data-id=\"cdd5ce2\" data-element_type=\"section\" data-e-type=\"section\" data-settings=\"{&quot;stretch_section&quot;:&quot;section-stretched&quot;}\">\n\t\t\t\t\t\t<div class=\"elementor-container elementor-column-gap-default\">\n\t\t\t\t\t<div class=\"elementor-column elementor-col-100 elementor-top-column elementor-element elementor-element-5e985a2\" data-id=\"5e985a2\" data-element_type=\"column\" data-e-type=\"column\" data-settings=\"{&quot;background_background&quot;:&quot;classic&quot;}\">\n\t\t\t<div class=\"elementor-widget-wrap elementor-element-populated\">\n\t\t\t\t\t\t<div class=\"elementor-element elementor-element-4bf3cdb elementor-widget__width-initial elementor-widget elementor-widget-text-editor\" data-id=\"4bf3cdb\" data-element_type=\"widget\" data-e-type=\"widget\" data-widget_type=\"text-editor.default\">\n\t\t\t\t<div class=\"elementor-widget-container\">\n\t\t\t\t\t\t\t\t\t<h2>Pol\u00edtica de devoluciones de Escola Terranima<\/h2><p>\u00daltima actualizaci\u00f3n: 3 de febrero de 2025.<\/p><p>Entendemos que a veces existen casos en los que es necesario hacer una devoluci\u00f3n y nuestro objetivo es que dicho proceso sea lo m\u00e1s sencillo posible.<\/p><p>Si deseas devolver o cambiar tu pedido, ofrecemos devoluciones dependiendo del tipo de curso. Al realizar una devoluci\u00f3n, podr\u00e1s: recibir el reembolso de tu compra en el mismo m\u00e9todo de pago que utilizaste en un principio.<\/p><p>A tener en cuenta: La devoluci\u00f3n no ser\u00e1 posible en caso de haber realizado la actividad.<\/p><h4>Pol\u00edtica de Devoluci\u00f3n para Cursos Online<\/h4><p>Derecho de Desistimiento: Los consumidores tienen derecho a desistir del contrato dentro de los 14 d\u00edas naturales sin penalizaci\u00f3n, si no se ha realizado la actividad. Las reservas de plaza (matr\u00edcula) no son reembolsables bajo ninguna circunstancia, ya que garantizan el acceso y preparaci\u00f3n del curso. En caso de cancelaci\u00f3n por parte del alumno, no se realizar\u00e1 la devoluci\u00f3n del importe abonado en concepto de reserva.<\/p><p>Notificaci\u00f3n: Debe notificarse por escrito a trav\u00e9s de info@escolaterranima.com.<\/p><p>Reembolso: Se realizar\u00e1 en un plazo de 14 d\u00edas naturales desde la recepci\u00f3n de la notificaci\u00f3n.<\/p><h4>Pol\u00edtica de Cancelaci\u00f3n para Cursos Presenciales<\/h4><p>Cancelaci\u00f3n con Antelaci\u00f3n: Se puede solicitar reembolso si se cancela con 10 de antelaci\u00f3n. Las reservas de plaza (matr\u00edcula) no son reembolsables bajo ninguna circunstancia, ya que garantizan el acceso y preparaci\u00f3n del curso. En caso de cancelaci\u00f3n por parte del alumno, no se realizar\u00e1 la devoluci\u00f3n del importe abonado en concepto de reserva.<\/p><p>Proceso de Cancelaci\u00f3n: Debe notificarse por escrito a trav\u00e9s de info@escolaterranima.com.<\/p><p>Reembolso: Despu\u00e9s de recibir la notificaci\u00f3n, tramitaremos la devoluci\u00f3n. Te rogamos que esperes al menos 14 d\u00edas para tramitar la devoluci\u00f3n.<\/p><h3>Preguntas<\/h3><p>Si tienes alguna pregunta relacionada con nuestra pol\u00edtica de devoluciones, ponte en contacto con nosotros en info@escolaterranima.com<\/p>\t\t\t\t\t\t\t\t<\/div>\n\t\t\t\t<\/div>\n\t\t\t\t\t<\/div>\n\t\t<\/div>\n\t\t\t\t\t<\/div>\n\t\t<\/section>\n\t\t\t\t<\/div>\n\t\t","protected":false},"excerpt":{"rendered":"<p>Pol\u00edtica de devoluciones de Escola Terranima \u00daltima actualizaci\u00f3n: 3 de febrero de 2025. Entendemos que a veces existen casos en los que es necesario hacer una devoluci\u00f3n y nuestro objetivo es que dicho proceso sea lo m\u00e1s sencillo posible. Si deseas devolver o cambiar tu pedido, ofrecemos devoluciones dependiendo del tipo de curso. Al realizar &#8230; <a title=\"Pol\u00edtica de devoluciones\" class=\"read-more\" href=\"https:\/\/escolaterranima.com\/es\/politica-de-devoluciones\/\" aria-label=\"Leer m\u00e1s sobre Pol\u00edtica de devoluciones\">Leer m\u00e1s<\/a><\/p>\n","protected":false},"author":372,"featured_media":0,"parent":0,"menu_order":0,"comment_status":"closed","ping_status":"open","template":"","meta":{"footnotes":""},"class_list":["post-23991","page","type-page","status-publish"],"_links":{"self":[{"href":"https:\/\/escolaterranima.com\/es\/wp-json\/wp\/v2\/pages\/23991","targetHints":{"allow":["GET"]}}],"collection":[{"href":"https:\/\/escolaterranima.com\/es\/wp-json\/wp\/v2\/pages"}],"about":[{"href":"https:\/\/escolaterranima.com\/es\/wp-json\/wp\/v2\/types\/page"}],"author":[{"embeddable":true,"href":"https:\/\/escolaterranima.com\/es\/wp-json\/wp\/v2\/users\/372"}],"replies":[{"embeddable":true,"href":"https:\/\/escolaterranima.com\/es\/wp-json\/wp\/v2\/comments?post=23991"}],"version-history":[{"count":13,"href":"https:\/\/escolaterranima.com\/es\/wp-json\/wp\/v2\/pages\/23991\/revisions"}],"predecessor-version":[{"id":24168,"href":"https:\/\/escolaterranima.com\/es\/wp-json\/wp\/v2\/pages\/23991\/revisions\/24168"}],"wp:attachment":[{"href":"https:\/\/escolaterranima.com\/es\/wp-json\/wp\/v2\/media?parent=23991"}],"curies":[{"name":"wp","href":"https:\/\/api.w.org\/{rel}","templated":true}]}}