{"id":2105,"date":"2020-09-11T13:20:24","date_gmt":"2020-09-11T13:20:24","guid":{"rendered":"http:\/\/nuriaxandri.cat\/?page_id=2105"},"modified":"2026-03-24T09:48:56","modified_gmt":"2026-03-24T08:48:56","slug":"cursos-presenciales","status":"publish","type":"page","link":"https:\/\/escolaterranima.com\/es\/cursos-presenciales\/","title":{"rendered":"Cursos presenciales"},"content":{"rendered":"\t\t<div data-elementor-type=\"wp-page\" data-elementor-id=\"2105\" class=\"elementor elementor-2105\">\n\t\t\t\t\t\t<section class=\"elementor-section elementor-top-section elementor-element elementor-element-3627b43 elementor-section-full_width elementor-section-stretched elementor-section-height-min-height elementor-section-height-default elementor-section-items-middle\" data-id=\"3627b43\" data-element_type=\"section\" data-e-type=\"section\" data-settings=\"{&quot;stretch_section&quot;:&quot;section-stretched&quot;,&quot;background_background&quot;:&quot;classic&quot;}\">\n\t\t\t\t\t\t<div class=\"elementor-container elementor-column-gap-no\">\n\t\t\t\t\t<div class=\"elementor-column elementor-col-100 elementor-top-column elementor-element elementor-element-73d34c3\" data-id=\"73d34c3\" data-element_type=\"column\" data-e-type=\"column\">\n\t\t\t<div class=\"elementor-widget-wrap elementor-element-populated\">\n\t\t\t\t\t\t<section class=\"elementor-section elementor-inner-section elementor-element elementor-element-dc94653 elementor-section-boxed elementor-section-height-default elementor-section-height-default\" data-id=\"dc94653\" data-element_type=\"section\" data-e-type=\"section\" data-settings=\"{&quot;background_background&quot;:&quot;classic&quot;}\">\n\t\t\t\t\t\t<div class=\"elementor-container elementor-column-gap-default\">\n\t\t\t\t\t<div class=\"elementor-column elementor-col-100 elementor-inner-column elementor-element elementor-element-767435b\" data-id=\"767435b\" data-element_type=\"column\" data-e-type=\"column\">\n\t\t\t<div class=\"elementor-widget-wrap elementor-element-populated\">\n\t\t\t\t\t\t<div class=\"elementor-element elementor-element-d88c8ce elementor-widget elementor-widget-heading\" data-id=\"d88c8ce\" data-element_type=\"widget\" data-e-type=\"widget\" data-widget_type=\"heading.default\">\n\t\t\t\t<div class=\"elementor-widget-container\">\n\t\t\t\t\t<h2 class=\"elementor-heading-title elementor-size-xxl\">Cursos presenciales<\/h2>\t\t\t\t<\/div>\n\t\t\t\t<\/div>\n\t\t\t\t\t<\/div>\n\t\t<\/div>\n\t\t\t\t\t<\/div>\n\t\t<\/section>\n\t\t\t\t\t<\/div>\n\t\t<\/div>\n\t\t\t\t\t<\/div>\n\t\t<\/section>\n\t\t\t\t<section class=\"elementor-section elementor-top-section elementor-element elementor-element-03d621b elementor-section-full_width elementor-section-stretched elementor-section-height-default elementor-section-height-default\" data-id=\"03d621b\" data-element_type=\"section\" data-e-type=\"section\" data-settings=\"{&quot;stretch_section&quot;:&quot;section-stretched&quot;}\">\n\t\t\t\t\t\t<div class=\"elementor-container elementor-column-gap-default\">\n\t\t\t\t\t<div class=\"elementor-column elementor-col-100 elementor-top-column elementor-element elementor-element-e5fa77b\" data-id=\"e5fa77b\" data-element_type=\"column\" data-e-type=\"column\" data-settings=\"{&quot;background_background&quot;:&quot;classic&quot;}\">\n\t\t\t<div class=\"elementor-widget-wrap elementor-element-populated\">\n\t\t\t\t\t\t<section class=\"elementor-section elementor-inner-section elementor-element elementor-element-82b602e elementor-section-boxed elementor-section-height-default elementor-section-height-default\" data-id=\"82b602e\" data-element_type=\"section\" data-e-type=\"section\">\n\t\t\t\t\t\t<div class=\"elementor-container elementor-column-gap-default\">\n\t\t\t\t\t<div class=\"elementor-column elementor-col-100 elementor-inner-column elementor-element elementor-element-e2249d9\" data-id=\"e2249d9\" data-element_type=\"column\" data-e-type=\"column\">\n\t\t\t<div class=\"elementor-widget-wrap elementor-element-populated\">\n\t\t\t\t\t\t<div class=\"elementor-element elementor-element-8de9419 elementor-widget elementor-widget-heading\" data-id=\"8de9419\" data-element_type=\"widget\" data-e-type=\"widget\" data-widget_type=\"heading.default\">\n\t\t\t\t<div class=\"elementor-widget-container\">\n\t\t\t\t\t<h1 class=\"elementor-heading-title elementor-size-default\">Cursos de crecimiento espiritual y personal<\/h1>\t\t\t\t<\/div>\n\t\t\t\t<\/div>\n\t\t\t\t\t<\/div>\n\t\t<\/div>\n\t\t\t\t\t<\/div>\n\t\t<\/section>\n\t\t\t\t<section class=\"elementor-section elementor-inner-section elementor-element elementor-element-4676778 elementor-section-boxed elementor-section-height-default elementor-section-height-default\" data-id=\"4676778\" data-element_type=\"section\" data-e-type=\"section\">\n\t\t\t\t\t\t<div class=\"elementor-container elementor-column-gap-default\">\n\t\t\t\t\t<div class=\"elementor-column elementor-col-50 elementor-inner-column elementor-element elementor-element-a7f5fd4\" data-id=\"a7f5fd4\" data-element_type=\"column\" data-e-type=\"column\">\n\t\t\t<div class=\"elementor-widget-wrap elementor-element-populated\">\n\t\t\t\t\t\t<div class=\"elementor-element elementor-element-1326d42 elementor-position-top elementor-widget elementor-widget-image-box\" data-id=\"1326d42\" data-element_type=\"widget\" data-e-type=\"widget\" data-widget_type=\"image-box.default\">\n\t\t\t\t<div class=\"elementor-widget-container\">\n\t\t\t\t\t<div class=\"elementor-image-box-wrapper\"><figure class=\"elementor-image-box-img\"><a href=\"https:\/\/escolaterranima.com\/es\/cursos-presenciales\/ruta-de-maria-magdalena\/\" tabindex=\"-1\"><img loading=\"lazy\" decoding=\"async\" width=\"300\" height=\"300\" src=\"https:\/\/escolaterranima.com\/wp-content\/uploads\/2024\/11\/Ruta-Maria-Magdalena-300x300.png\" class=\"attachment-medium size-medium wp-image-21927\" alt=\"Ruta de Maria Magdalena\" srcset=\"https:\/\/escolaterranima.com\/wp-content\/uploads\/2024\/11\/Ruta-Maria-Magdalena-300x300.png 300w, https:\/\/escolaterranima.com\/wp-content\/uploads\/2024\/11\/Ruta-Maria-Magdalena-1024x1024.png 1024w, https:\/\/escolaterranima.com\/wp-content\/uploads\/2024\/11\/Ruta-Maria-Magdalena-150x150.png 150w, https:\/\/escolaterranima.com\/wp-content\/uploads\/2024\/11\/Ruta-Maria-Magdalena-768x768.png 768w, https:\/\/escolaterranima.com\/wp-content\/uploads\/2024\/11\/Ruta-Maria-Magdalena-600x600.png 600w, https:\/\/escolaterranima.com\/wp-content\/uploads\/2024\/11\/Ruta-Maria-Magdalena-100x100.png 100w, https:\/\/escolaterranima.com\/wp-content\/uploads\/2024\/11\/Ruta-Maria-Magdalena.png 1080w\" sizes=\"auto, (max-width: 300px) 100vw, 300px\" \/><\/a><\/figure><div class=\"elementor-image-box-content\"><h3 class=\"elementor-image-box-title\"><a href=\"https:\/\/escolaterranima.com\/es\/cursos-presenciales\/ruta-de-maria-magdalena\/\">Ruta de Mar\u00eda Magdalena<\/a><\/h3><p class=\"elementor-image-box-description\">Descubre la ruta de Mar\u00eda Magdalena por Catalu\u00f1a, un viaje \u00fanico de transformaci\u00f3n profunda y de conexi\u00f3n espiritual.\n\n <br><br>Encuentros presenciales en dos formatos: una ruta de 3 d\u00edas para hombres y mujeres o un peregrinaje m\u00e1s profundo de empoderamiento femenino.  <br><br>\nUn viaje inici\u00e1tico hacia la esencia de lo sagrado.<br><br>\n\n\n<a href=\"https:\/\/escolaterranima.com\/es\/cursos-presenciales\/ruta-de-maria-magdalena\/\" style=\"color:red\">+ M\u00c1S INFORMACI\u00d3N<\/a><\/p><\/div><\/div>\t\t\t\t<\/div>\n\t\t\t\t<\/div>\n\t\t\t\t\t<\/div>\n\t\t<\/div>\n\t\t\t\t<div class=\"elementor-column elementor-col-50 elementor-inner-column elementor-element elementor-element-e0a494f\" data-id=\"e0a494f\" data-element_type=\"column\" data-e-type=\"column\">\n\t\t\t<div class=\"elementor-widget-wrap elementor-element-populated\">\n\t\t\t\t\t\t<div class=\"elementor-element elementor-element-e31c322 elementor-position-top elementor-widget elementor-widget-image-box\" data-id=\"e31c322\" data-element_type=\"widget\" data-e-type=\"widget\" data-widget_type=\"image-box.default\">\n\t\t\t\t<div class=\"elementor-widget-container\">\n\t\t\t\t\t<div class=\"elementor-image-box-wrapper\"><figure class=\"elementor-image-box-img\"><a href=\"https:\/\/escolaterranima.com\/es\/cursos-presenciales\/compartamos-la-luz\/\" tabindex=\"-1\"><img loading=\"lazy\" decoding=\"async\" width=\"300\" height=\"300\" src=\"https:\/\/escolaterranima.com\/wp-content\/uploads\/2024\/11\/Aprender-a-canalizar-300x300.png\" class=\"attachment-medium size-medium wp-image-21996\" alt=\"Escuela de crecimiento espiritual\" srcset=\"https:\/\/escolaterranima.com\/wp-content\/uploads\/2024\/11\/Aprender-a-canalizar-300x300.png 300w, https:\/\/escolaterranima.com\/wp-content\/uploads\/2024\/11\/Aprender-a-canalizar-1024x1024.png 1024w, https:\/\/escolaterranima.com\/wp-content\/uploads\/2024\/11\/Aprender-a-canalizar-150x150.png 150w, https:\/\/escolaterranima.com\/wp-content\/uploads\/2024\/11\/Aprender-a-canalizar-768x768.png 768w, https:\/\/escolaterranima.com\/wp-content\/uploads\/2024\/11\/Aprender-a-canalizar-600x600.png 600w, https:\/\/escolaterranima.com\/wp-content\/uploads\/2024\/11\/Aprender-a-canalizar-100x100.png 100w, https:\/\/escolaterranima.com\/wp-content\/uploads\/2024\/11\/Aprender-a-canalizar.png 1080w\" sizes=\"auto, (max-width: 300px) 100vw, 300px\" \/><\/a><\/figure><div class=\"elementor-image-box-content\"><h3 class=\"elementor-image-box-title\"><a href=\"https:\/\/escolaterranima.com\/es\/cursos-presenciales\/compartamos-la-luz\/\">Compartamos la luz<\/a><\/h3><p class=\"elementor-image-box-description\">Encuentros guiados para canalizadores\/as.\nHaz el camino acompa\u00f1ado\/a.<br><br>\n\u00a1Hagamos red!<br>\n\u00a1Compartamos la luz!\n<br>\n<a href=\"https:\/\/escolaterranima.com\/es\/cursos-presenciales\/compartamos-la-luz\/\" style=\"color:red\">+ M\u00c1S INFORMACI\u00d3N<\/a><\/p><\/div><\/div>\t\t\t\t<\/div>\n\t\t\t\t<\/div>\n\t\t\t\t\t<\/div>\n\t\t<\/div>\n\t\t\t\t\t<\/div>\n\t\t<\/section>\n\t\t\t\t<section class=\"elementor-section elementor-inner-section elementor-element elementor-element-7b8ae9e elementor-section-boxed elementor-section-height-default elementor-section-height-default\" data-id=\"7b8ae9e\" data-element_type=\"section\" data-e-type=\"section\">\n\t\t\t\t\t\t<div class=\"elementor-container elementor-column-gap-extended\">\n\t\t\t\t\t<div class=\"elementor-column elementor-col-50 elementor-inner-column elementor-element elementor-element-d38fea6\" data-id=\"d38fea6\" data-element_type=\"column\" data-e-type=\"column\">\n\t\t\t<div class=\"elementor-widget-wrap\">\n\t\t\t\t\t\t\t<\/div>\n\t\t<\/div>\n\t\t\t\t<div class=\"elementor-column elementor-col-50 elementor-inner-column elementor-element elementor-element-825f263\" data-id=\"825f263\" data-element_type=\"column\" data-e-type=\"column\">\n\t\t\t<div class=\"elementor-widget-wrap elementor-element-populated\">\n\t\t\t\t\t\t<div class=\"elementor-element elementor-element-fbcda0e elementor-hidden-desktop elementor-hidden-tablet elementor-hidden-mobile elementor-position-top elementor-widget elementor-widget-image-box\" data-id=\"fbcda0e\" data-element_type=\"widget\" data-e-type=\"widget\" data-widget_type=\"image-box.default\">\n\t\t\t\t<div class=\"elementor-widget-container\">\n\t\t\t\t\t<div class=\"elementor-image-box-wrapper\"><figure class=\"elementor-image-box-img\"><a href=\"\/cursos-presenciales\/espiral-de-lluna\/\" tabindex=\"-1\"><img loading=\"lazy\" decoding=\"async\" width=\"300\" height=\"300\" src=\"https:\/\/escolaterranima.com\/wp-content\/uploads\/2023\/05\/Espiral-de-Luna-300x300.jpg\" class=\"attachment-medium size-medium wp-image-16692\" alt=\"\" srcset=\"https:\/\/escolaterranima.com\/wp-content\/uploads\/2023\/05\/Espiral-de-Luna-300x300.jpg 300w, https:\/\/escolaterranima.com\/wp-content\/uploads\/2023\/05\/Espiral-de-Luna-1024x1024.jpg 1024w, https:\/\/escolaterranima.com\/wp-content\/uploads\/2023\/05\/Espiral-de-Luna-150x150.jpg 150w, https:\/\/escolaterranima.com\/wp-content\/uploads\/2023\/05\/Espiral-de-Luna-768x768.jpg 768w, https:\/\/escolaterranima.com\/wp-content\/uploads\/2023\/05\/Espiral-de-Luna-600x600.jpg 600w, https:\/\/escolaterranima.com\/wp-content\/uploads\/2023\/05\/Espiral-de-Luna-100x100.jpg 100w, https:\/\/escolaterranima.com\/wp-content\/uploads\/2023\/05\/Espiral-de-Luna.jpg 1080w\" sizes=\"auto, (max-width: 300px) 100vw, 300px\" \/><\/a><\/figure><div class=\"elementor-image-box-content\"><h3 class=\"elementor-image-box-title\"><a href=\"\/cursos-presenciales\/espiral-de-lluna\/\">Espiral de luna<br>con Mar\u00eda Magdalena<\/a><\/h3><p class=\"elementor-image-box-description\">Un circulo de mujeres con propuestas canalizadas de Mar\u00eda Magdalena.<br><br>\n\nUn espacio para sentir la Luna y el Divino Femenino.<br><br>\n\nCuando celebras la Luna Nueva, siembras tu propia la vida<br><br>\n\n<a href=\"\/propuestas-on-line\/espiral-de-lluna\/\" style=\"color:red\">+ M\u00c1S INFORMACI\u00d3N<\/a><\/p><\/div><\/div>\t\t\t\t<\/div>\n\t\t\t\t<\/div>\n\t\t\t\t\t<\/div>\n\t\t<\/div>\n\t\t\t\t\t<\/div>\n\t\t<\/section>\n\t\t\t\t<section class=\"elementor-section elementor-inner-section elementor-element elementor-element-d292e0d elementor-section-boxed elementor-section-height-default elementor-section-height-default\" data-id=\"d292e0d\" data-element_type=\"section\" data-e-type=\"section\">\n\t\t\t\t\t\t<div class=\"elementor-container elementor-column-gap-default\">\n\t\t\t\t\t<div class=\"elementor-column elementor-col-100 elementor-inner-column elementor-element elementor-element-360408d\" data-id=\"360408d\" data-element_type=\"column\" data-e-type=\"column\">\n\t\t\t<div class=\"elementor-widget-wrap elementor-element-populated\">\n\t\t\t\t\t\t<div class=\"elementor-element elementor-element-0b9e779 elementor-widget elementor-widget-text-editor\" data-id=\"0b9e779\" data-element_type=\"widget\" data-e-type=\"widget\" data-widget_type=\"text-editor.default\">\n\t\t\t\t<div class=\"elementor-widget-container\">\n\t\t\t\t\t\t\t\t\t<p><span style=\"color: #290606;\">Participar de una actividad junto con otras personas te abre a compartirte y a entender que existe gente con inquietudes, dudas, curiosidades y formas de ser parecidas. Uno de los beneficios del grupo es que entras en el intercambio y te predispones a dar y recibir.<\/span><\/p><p><span style=\"color: #290606;\">Entre los miembros se crea <strong>un entorno seguro<\/strong> en el que compartir la vivencia desde la confianza, con el apoyo y la complicidad de todo el grupo. Este clima de confianza y honestidad ayuda a crear <strong>nuevos v\u00ednculos de apoyo<\/strong> y de amistad entre las personas del grupo.<\/span><\/p>\t\t\t\t\t\t\t\t<\/div>\n\t\t\t\t<\/div>\n\t\t\t\t\t<\/div>\n\t\t<\/div>\n\t\t\t\t\t<\/div>\n\t\t<\/section>\n\t\t\t\t<section class=\"elementor-section elementor-inner-section elementor-element elementor-element-44b771c elementor-section-boxed elementor-section-height-default elementor-section-height-default\" data-id=\"44b771c\" data-element_type=\"section\" data-e-type=\"section\">\n\t\t\t\t\t\t<div class=\"elementor-container elementor-column-gap-default\">\n\t\t\t\t\t<div class=\"elementor-column elementor-col-100 elementor-inner-column elementor-element elementor-element-e6b0cf1\" data-id=\"e6b0cf1\" data-element_type=\"column\" data-e-type=\"column\">\n\t\t\t<div class=\"elementor-widget-wrap elementor-element-populated\">\n\t\t\t\t\t\t<div class=\"elementor-element elementor-element-373c0b2 elementor-hidden-desktop elementor-hidden-tablet elementor-hidden-mobile elementor-widget elementor-widget-heading\" data-id=\"373c0b2\" data-element_type=\"widget\" data-e-type=\"widget\" data-widget_type=\"heading.default\">\n\t\t\t\t<div class=\"elementor-widget-container\">\n\t\t\t\t\t<h2 class=\"elementor-heading-title elementor-size-default\">Pr\u00f3ximamente<\/h2>\t\t\t\t<\/div>\n\t\t\t\t<\/div>\n\t\t\t\t\t<\/div>\n\t\t<\/div>\n\t\t\t\t\t<\/div>\n\t\t<\/section>\n\t\t\t\t<div class=\"elementor-element elementor-element-1a01af5 elementor-hidden-desktop elementor-hidden-tablet elementor-hidden-mobile elementor-position-top elementor-widget elementor-widget-image-box\" data-id=\"1a01af5\" data-element_type=\"widget\" data-e-type=\"widget\" data-widget_type=\"image-box.default\">\n\t\t\t\t<div class=\"elementor-widget-container\">\n\t\t\t\t\t<div class=\"elementor-image-box-wrapper\"><figure class=\"elementor-image-box-img\"><a href=\"\/alma-de-familia\/\" tabindex=\"-1\"><img loading=\"lazy\" decoding=\"async\" width=\"324\" height=\"324\" src=\"https:\/\/escolaterranima.com\/wp-content\/uploads\/2022\/02\/IMG-CP-Alma-de-familia.jpg\" class=\"attachment-full size-full wp-image-8039\" alt=\"\" srcset=\"https:\/\/escolaterranima.com\/wp-content\/uploads\/2022\/02\/IMG-CP-Alma-de-familia.jpg 324w, https:\/\/escolaterranima.com\/wp-content\/uploads\/2022\/02\/IMG-CP-Alma-de-familia-300x300.jpg 300w, https:\/\/escolaterranima.com\/wp-content\/uploads\/2022\/02\/IMG-CP-Alma-de-familia-150x150.jpg 150w, https:\/\/escolaterranima.com\/wp-content\/uploads\/2022\/02\/IMG-CP-Alma-de-familia-100x100.jpg 100w\" sizes=\"auto, (max-width: 324px) 100vw, 324px\" \/><\/a><\/figure><div class=\"elementor-image-box-content\"><h3 class=\"elementor-image-box-title\"><a href=\"\/alma-de-familia\/\">Alma de Familia<\/a><\/h3><p class=\"elementor-image-box-description\">Encuentros de madres, padres y educadores\/as que, como t\u00fa, acompa\u00f1amos a los ni\u00f1os\/as en una educaci\u00f3n consciente y hol\u00edstica para percibir a tu hijo\/a en todas las dimensiones.<br \/>\n<a href=\"\/alma-de-familia\/\" style=\"color:red\">+ M\u00c1S INFORMACI\u00d3N<\/a><\/p><\/div><\/div>\t\t\t\t<\/div>\n\t\t\t\t<\/div>\n\t\t\t\t<div class=\"elementor-element elementor-element-8e1c84e elementor-hidden-desktop elementor-hidden-tablet elementor-hidden-mobile elementor-position-top elementor-widget elementor-widget-image-box\" data-id=\"8e1c84e\" data-element_type=\"widget\" data-e-type=\"widget\" data-widget_type=\"image-box.default\">\n\t\t\t\t<div class=\"elementor-widget-container\">\n\t\t\t\t\t<div class=\"elementor-image-box-wrapper\"><figure class=\"elementor-image-box-img\"><a href=\"\/naturalmente-ancestral\/\" tabindex=\"-1\"><img loading=\"lazy\" decoding=\"async\" width=\"324\" height=\"324\" src=\"https:\/\/escolaterranima.com\/wp-content\/uploads\/2022\/01\/IMG-CP-Naturalmente-Ancestral.jpg\" class=\"attachment-full size-full wp-image-8014\" alt=\"\" srcset=\"https:\/\/escolaterranima.com\/wp-content\/uploads\/2022\/01\/IMG-CP-Naturalmente-Ancestral.jpg 324w, https:\/\/escolaterranima.com\/wp-content\/uploads\/2022\/01\/IMG-CP-Naturalmente-Ancestral-300x300.jpg 300w, https:\/\/escolaterranima.com\/wp-content\/uploads\/2022\/01\/IMG-CP-Naturalmente-Ancestral-150x150.jpg 150w, https:\/\/escolaterranima.com\/wp-content\/uploads\/2022\/01\/IMG-CP-Naturalmente-Ancestral-100x100.jpg 100w\" sizes=\"auto, (max-width: 324px) 100vw, 324px\" \/><\/a><\/figure><div class=\"elementor-image-box-content\"><h3 class=\"elementor-image-box-title\"><a href=\"\/naturalmente-ancestral\/\">Naturalmente Ancestral<\/a><\/h3><p class=\"elementor-image-box-description\">Rituales para vibrar la energ\u00eda y la sabidur\u00eda de la Tierra. Son encuentros sueltos para celebrar la rueda de la Tierra: Solsticios, Equinoccios y festividades ancestrales.<br><br>\n\u00a1Descubre c\u00f3mo la naturaleza vibra en ti!\n<br>\n<a href=\"\/naturalmente-ancestral\/\" style=\"color:red\">+ M\u00c1S INFORMACI\u00d3N<\/a>\n<\/p><\/div><\/div>\t\t\t\t<\/div>\n\t\t\t\t<\/div>\n\t\t\t\t\t<\/div>\n\t\t<\/div>\n\t\t\t\t\t<\/div>\n\t\t<\/section>\n\t\t\t\t<\/div>\n\t\t","protected":false},"excerpt":{"rendered":"<p>Cursos presenciales Cursos de crecimiento espiritual y personal Ruta de Mar\u00eda Magdalena Descubre la ruta de Mar\u00eda Magdalena por Catalu\u00f1a, un viaje \u00fanico de transformaci\u00f3n profunda y de conexi\u00f3n espiritual. Encuentros presenciales en dos formatos: una ruta de 3 d\u00edas para hombres y mujeres o un peregrinaje m\u00e1s profundo de empoderamiento femenino. Un viaje inici\u00e1tico &#8230; <a title=\"Cursos presenciales\" class=\"read-more\" href=\"https:\/\/escolaterranima.com\/es\/cursos-presenciales\/\" aria-label=\"Leer m\u00e1s sobre Cursos presenciales\">Leer m\u00e1s<\/a><\/p>\n","protected":false},"author":288,"featured_media":0,"parent":0,"menu_order":0,"comment_status":"closed","ping_status":"closed","template":"","meta":{"footnotes":""},"class_list":["post-2105","page","type-page","status-publish"],"_links":{"self":[{"href":"https:\/\/escolaterranima.com\/es\/wp-json\/wp\/v2\/pages\/2105","targetHints":{"allow":["GET"]}}],"collection":[{"href":"https:\/\/escolaterranima.com\/es\/wp-json\/wp\/v2\/pages"}],"about":[{"href":"https:\/\/escolaterranima.com\/es\/wp-json\/wp\/v2\/types\/page"}],"author":[{"embeddable":true,"href":"https:\/\/escolaterranima.com\/es\/wp-json\/wp\/v2\/users\/288"}],"replies":[{"embeddable":true,"href":"https:\/\/escolaterranima.com\/es\/wp-json\/wp\/v2\/comments?post=2105"}],"version-history":[{"count":398,"href":"https:\/\/escolaterranima.com\/es\/wp-json\/wp\/v2\/pages\/2105\/revisions"}],"predecessor-version":[{"id":28785,"href":"https:\/\/escolaterranima.com\/es\/wp-json\/wp\/v2\/pages\/2105\/revisions\/28785"}],"wp:attachment":[{"href":"https:\/\/escolaterranima.com\/es\/wp-json\/wp\/v2\/media?parent=2105"}],"curies":[{"name":"wp","href":"https:\/\/api.w.org\/{rel}","templated":true}]}}