{"id":12390,"date":"2022-05-23T09:09:34","date_gmt":"2022-05-23T09:09:34","guid":{"rendered":"https:\/?page_id=12390"},"modified":"2026-03-18T13:37:59","modified_gmt":"2026-03-18T12:37:59","slug":"sanacion-energetica","status":"publish","type":"page","link":"https:\/\/escolaterranima.com\/es\/servicios\/sanacion-energetica\/","title":{"rendered":"SANACI\u00d3N ENERG\u00c9TICA"},"content":{"rendered":"\t\t<div data-elementor-type=\"wp-page\" data-elementor-id=\"12390\" class=\"elementor elementor-12390\">\n\t\t\t\t\t\t<section class=\"elementor-section elementor-top-section elementor-element elementor-element-240592d elementor-section-full_width elementor-section-stretched elementor-section-height-min-height elementor-section-height-default elementor-section-items-middle\" data-id=\"240592d\" data-element_type=\"section\" data-e-type=\"section\" data-settings=\"{&quot;stretch_section&quot;:&quot;section-stretched&quot;,&quot;background_background&quot;:&quot;classic&quot;}\">\n\t\t\t\t\t\t<div class=\"elementor-container elementor-column-gap-no\">\n\t\t\t\t\t<div class=\"elementor-column elementor-col-100 elementor-top-column elementor-element elementor-element-c3721d5\" data-id=\"c3721d5\" data-element_type=\"column\" data-e-type=\"column\">\n\t\t\t<div class=\"elementor-widget-wrap elementor-element-populated\">\n\t\t\t\t\t\t<section class=\"elementor-section elementor-inner-section elementor-element elementor-element-5000b96 elementor-section-boxed elementor-section-height-default elementor-section-height-default\" data-id=\"5000b96\" data-element_type=\"section\" data-e-type=\"section\" data-settings=\"{&quot;background_background&quot;:&quot;classic&quot;}\">\n\t\t\t\t\t\t<div class=\"elementor-container elementor-column-gap-default\">\n\t\t\t\t\t<div class=\"elementor-column elementor-col-100 elementor-inner-column elementor-element elementor-element-6fe99bf\" data-id=\"6fe99bf\" data-element_type=\"column\" data-e-type=\"column\">\n\t\t\t<div class=\"elementor-widget-wrap elementor-element-populated\">\n\t\t\t\t\t\t<div class=\"elementor-element elementor-element-af83632 elementor-widget elementor-widget-heading\" data-id=\"af83632\" data-element_type=\"widget\" data-e-type=\"widget\" data-widget_type=\"heading.default\">\n\t\t\t\t<div class=\"elementor-widget-container\">\n\t\t\t\t\t<h2 class=\"elementor-heading-title elementor-size-xxl\">Sanaci\u00f3n energ\u00e9tica<\/h2>\t\t\t\t<\/div>\n\t\t\t\t<\/div>\n\t\t\t\t\t<\/div>\n\t\t<\/div>\n\t\t\t\t\t<\/div>\n\t\t<\/section>\n\t\t\t\t\t<\/div>\n\t\t<\/div>\n\t\t\t\t\t<\/div>\n\t\t<\/section>\n\t\t\t\t<section class=\"elementor-section elementor-top-section elementor-element elementor-element-02cf82b elementor-section-full_width elementor-section-stretched elementor-section-height-default elementor-section-height-default\" data-id=\"02cf82b\" data-element_type=\"section\" data-e-type=\"section\" data-settings=\"{&quot;stretch_section&quot;:&quot;section-stretched&quot;}\">\n\t\t\t\t\t\t<div class=\"elementor-container elementor-column-gap-default\">\n\t\t\t\t\t<div class=\"elementor-column elementor-col-100 elementor-top-column elementor-element elementor-element-4e28d04\" data-id=\"4e28d04\" data-element_type=\"column\" data-e-type=\"column\" data-settings=\"{&quot;background_background&quot;:&quot;classic&quot;}\">\n\t\t\t<div class=\"elementor-widget-wrap elementor-element-populated\">\n\t\t\t\t\t\t<section class=\"elementor-section elementor-inner-section elementor-element elementor-element-126a9ed elementor-section-boxed elementor-section-height-default elementor-section-height-default\" data-id=\"126a9ed\" data-element_type=\"section\" data-e-type=\"section\">\n\t\t\t\t\t\t<div class=\"elementor-container elementor-column-gap-default\">\n\t\t\t\t\t<div class=\"elementor-column elementor-col-100 elementor-inner-column elementor-element elementor-element-ad34770\" data-id=\"ad34770\" data-element_type=\"column\" data-e-type=\"column\">\n\t\t\t<div class=\"elementor-widget-wrap elementor-element-populated\">\n\t\t\t\t\t\t<div class=\"elementor-element elementor-element-d906d10 elementor-widget elementor-widget-text-editor\" data-id=\"d906d10\" data-element_type=\"widget\" data-e-type=\"widget\" data-widget_type=\"text-editor.default\">\n\t\t\t\t<div class=\"elementor-widget-container\">\n\t\t\t\t\t\t\t\t\t<h3 style=\"text-align: center;\">La sesi\u00f3n de sanaci\u00f3n energ\u00e9tica es un espacio individual en la que, mediante t\u00e9cnicas cham\u00e1nicas y la gu\u00eda de los seres de luz, te aporta bienestar y salud\u00a0<\/h3><p>La Sanaci\u00f3n\u00a0Cham\u00e1nica\u00a0trabaja la parte sutil y energ\u00e9tica de la persona, la que tiene que ver con la vibraci\u00f3n y no con la materia; ya que parte de la idea de que lo que refleja la materia es el resultado de algo sutil. Cuando el cuerpo expresa un dolor o\u00a0enfermedad,\u00a0en realidad es el alma quien est\u00e1 enviando un mensaje. La manifestaci\u00f3n corporal\u00a0solo\u00a0es el s\u00edntoma de que hay algo en tu plan de vida que no est\u00e1 bien colocado.<\/p><p>Muchas de las cosas que te ocurren en la vida tienen que ver con tu estado energ\u00e9tico. Una vez que tu vibraci\u00f3n es alta es m\u00e1s\u00a0f\u00e1cil\u00a0estar enfocado en el prop\u00f3sito de vida y conseguir los objetivos; en cambio, cuando vibras bajo todo requiere mucho esfuerzo y nada de lo que te propones fluye.<\/p><p><span style=\"color: #b79f14;\"><strong>\u00bfTe sientes bloqueada, perdida o vac\u00eda en alg\u00fan aspecto de tu vida (familia, trabajo, pareja\u2026)?<\/strong><\/span><\/p><p>Seguro que has o\u00eddo hablar de la ley de la atracci\u00f3n, y es que la energ\u00eda que t\u00fa emites a trav\u00e9s de los pensamientos y emociones atrae a las situaciones y personas que vibran en la misma frecuencia. Como si fueras un\u00a0im\u00e1n,\u00a0las oportunidades o las dificultades vienen a ti. Por eso es tan importante poner conciencia en tu forma de pensar, sentir y hacer.<\/p><p><strong><span style=\"color: #b79f14;\">\u00bfTe has preguntado alguna vez qu\u00e9 hay de ti en cada una de las cosas que te ocurren?<\/span><\/strong><\/p>\t\t\t\t\t\t\t\t<\/div>\n\t\t\t\t<\/div>\n\t\t\t\t\t<\/div>\n\t\t<\/div>\n\t\t\t\t\t<\/div>\n\t\t<\/section>\n\t\t\t\t<div class=\"elementor-element elementor-element-6eb593d elementor-widget elementor-widget-image\" data-id=\"6eb593d\" data-element_type=\"widget\" data-e-type=\"widget\" data-widget_type=\"image.default\">\n\t\t\t\t<div class=\"elementor-widget-container\">\n\t\t\t\t\t\t\t\t\t\t\t\t\t\t\t<img decoding=\"async\" src=\"https:\/\/escolaterranima.com\/wp-content\/uploads\/elementor\/thumbs\/IMG_20190707_182528-scaled-qxodq0omeu7v1mekv7nbhkhc1cto795ecvm25062tk.jpg\" title=\"dav\" alt=\"dav\" loading=\"lazy\" \/>\t\t\t\t\t\t\t\t\t\t\t\t\t\t\t<\/div>\n\t\t\t\t<\/div>\n\t\t\t\t<section class=\"elementor-section elementor-inner-section elementor-element elementor-element-2e13fab elementor-section-boxed elementor-section-height-default elementor-section-height-default\" data-id=\"2e13fab\" data-element_type=\"section\" data-e-type=\"section\">\n\t\t\t\t\t\t<div class=\"elementor-container elementor-column-gap-default\">\n\t\t\t\t\t<div class=\"elementor-column elementor-col-100 elementor-inner-column elementor-element elementor-element-f1a65dd\" data-id=\"f1a65dd\" data-element_type=\"column\" data-e-type=\"column\">\n\t\t\t<div class=\"elementor-widget-wrap elementor-element-populated\">\n\t\t\t\t\t\t<div class=\"elementor-element elementor-element-3ad057c elementor-widget elementor-widget-text-editor\" data-id=\"3ad057c\" data-element_type=\"widget\" data-e-type=\"widget\" data-widget_type=\"text-editor.default\">\n\t\t\t\t<div class=\"elementor-widget-container\">\n\t\t\t\t\t\t\t\t\t<p>La Terapia Cham\u00e1nica es una sanaci\u00f3n profunda, no se queda solo con el s\u00edntoma, sino que va hasta el origen del malestar, supera la barrera del cuerpo f\u00edsico para adentrarse en el transitar del alma.<\/p><p>Y desde aqu\u00ed<span style=\"color: #b79f14;\"> las posibilidades son infinitas: puedes sanar relaciones t\u00f3xicas, cortar lazos sexuales con antiguas parejas, limpiar el aura, liberarte de energ\u00edas que limitan tu evoluci\u00f3n, extraer energ\u00edas estancadas, sanar vidas pasadas, recibir energ\u00eda de alta vibraci\u00f3n para conseguir un objetivo y recuperar fragmentos de alma.<\/span><\/p>\t\t\t\t\t\t\t\t<\/div>\n\t\t\t\t<\/div>\n\t\t\t\t\t<\/div>\n\t\t<\/div>\n\t\t\t\t\t<\/div>\n\t\t<\/section>\n\t\t\t\t<section class=\"elementor-section elementor-inner-section elementor-element elementor-element-436d823 elementor-section-boxed elementor-section-height-default elementor-section-height-default\" data-id=\"436d823\" data-element_type=\"section\" data-e-type=\"section\">\n\t\t\t\t\t\t<div class=\"elementor-container elementor-column-gap-default\">\n\t\t\t\t\t<div class=\"elementor-column elementor-col-100 elementor-inner-column elementor-element elementor-element-18e824d\" data-id=\"18e824d\" data-element_type=\"column\" data-e-type=\"column\">\n\t\t\t<div class=\"elementor-widget-wrap elementor-element-populated\">\n\t\t\t\t\t\t<div class=\"elementor-element elementor-element-496c0e2 elementor-widget elementor-widget-text-editor\" data-id=\"496c0e2\" data-element_type=\"widget\" data-e-type=\"widget\" data-widget_type=\"text-editor.default\">\n\t\t\t\t<div class=\"elementor-widget-container\">\n\t\t\t\t\t\t\t\t\t<p>La&nbsp;<span class=\"hiddenSpellError\">chamana<\/span> trabaja la parte espiritual de la persona, ayud\u00e1ndote a conectar con la esencia. Cuando est\u00e1s conectada, cuando est\u00e1s con sinton\u00eda con lo que verdaderamente eres, todo en tu d\u00eda a d\u00eda funciona mejor. Y as\u00ed es como la sanaci\u00f3n energ\u00e9tica entra en el mundo de la materia.<\/p>\n<p>Los beneficios se ven reflejados en su vida.<\/p>\n<p><span style=\"color: #b79f14;\"><strong>\u00a1T\u00fa est\u00e1s m\u00e1s&nbsp;empoderada, tu vibraci\u00f3n es m\u00e1s alta y entras en la zona de los milagros, donde todo fluye y la vida es m\u00e1s f\u00e1cil!<\/strong><\/span><\/p>\t\t\t\t\t\t\t\t<\/div>\n\t\t\t\t<\/div>\n\t\t\t\t\t<\/div>\n\t\t<\/div>\n\t\t\t\t\t<\/div>\n\t\t<\/section>\n\t\t\t\t<section class=\"elementor-section elementor-inner-section elementor-element elementor-element-1177848 elementor-section-boxed elementor-section-height-default elementor-section-height-default\" data-id=\"1177848\" data-element_type=\"section\" data-e-type=\"section\">\n\t\t\t\t\t\t<div class=\"elementor-container elementor-column-gap-default\">\n\t\t\t\t\t<div class=\"elementor-column elementor-col-50 elementor-inner-column elementor-element elementor-element-61cfb69\" data-id=\"61cfb69\" data-element_type=\"column\" data-e-type=\"column\">\n\t\t\t<div class=\"elementor-widget-wrap elementor-element-populated\">\n\t\t\t\t\t\t<div class=\"elementor-element elementor-element-0ed6d8f elementor-widget elementor-widget-image\" data-id=\"0ed6d8f\" data-element_type=\"widget\" data-e-type=\"widget\" data-widget_type=\"image.default\">\n\t\t\t\t<div class=\"elementor-widget-container\">\n\t\t\t\t\t\t\t\t\t\t\t\t\t\t\t<img loading=\"lazy\" decoding=\"async\" width=\"1024\" height=\"1024\" src=\"https:\/\/escolaterranima.com\/wp-content\/uploads\/2022\/01\/Terra\u0300nima142-1024x1024.jpg\" class=\"attachment-large size-large wp-image-6888\" alt=\"\" srcset=\"https:\/\/escolaterranima.com\/wp-content\/uploads\/2022\/01\/Terra\u0300nima142-1024x1024.jpg 1024w, https:\/\/escolaterranima.com\/wp-content\/uploads\/2022\/01\/Terra\u0300nima142-300x300.jpg 300w, https:\/\/escolaterranima.com\/wp-content\/uploads\/2022\/01\/Terra\u0300nima142-150x150.jpg 150w, https:\/\/escolaterranima.com\/wp-content\/uploads\/2022\/01\/Terra\u0300nima142-768x768.jpg 768w, https:\/\/escolaterranima.com\/wp-content\/uploads\/2022\/01\/Terra\u0300nima142-1536x1536.jpg 1536w, https:\/\/escolaterranima.com\/wp-content\/uploads\/2022\/01\/Terra\u0300nima142-2048x2048.jpg 2048w, https:\/\/escolaterranima.com\/wp-content\/uploads\/2022\/01\/Terra\u0300nima142-600x600.jpg 600w, https:\/\/escolaterranima.com\/wp-content\/uploads\/2022\/01\/Terra\u0300nima142-100x100.jpg 100w\" sizes=\"auto, (max-width: 1024px) 100vw, 1024px\" \/>\t\t\t\t\t\t\t\t\t\t\t\t\t\t\t<\/div>\n\t\t\t\t<\/div>\n\t\t\t\t\t<\/div>\n\t\t<\/div>\n\t\t\t\t<div class=\"elementor-column elementor-col-50 elementor-inner-column elementor-element elementor-element-abe8e18\" data-id=\"abe8e18\" data-element_type=\"column\" data-e-type=\"column\">\n\t\t\t<div class=\"elementor-widget-wrap elementor-element-populated\">\n\t\t\t\t\t\t<div class=\"elementor-element elementor-element-208f6d0 elementor-widget elementor-widget-text-editor\" data-id=\"208f6d0\" data-element_type=\"widget\" data-e-type=\"widget\" data-widget_type=\"text-editor.default\">\n\t\t\t\t<div class=\"elementor-widget-container\">\n\t\t\t\t\t\t\t\t\t<h3>\u00bfC\u00f3mo funciona?<\/h3><p>La sesi\u00f3n siempre se realiza a distancia, ya que la energ\u00eda trasciende las limitaciones del espacio y el tiempo. No es necesario compartir un lugar f\u00edsico para que la sanaci\u00f3n energ\u00e9tica sea efectiva. A trav\u00e9s de esta conexi\u00f3n energ\u00e9tica, trabajamos en los planos sutiles para facilitar un proceso profundo de sanaci\u00f3n, armonizaci\u00f3n y equilibrio que llega directamente a tu campo energ\u00e9tico.<\/p><p>Al finalizar la sesi\u00f3n, te enviamos un audio personalizado con toda la informaci\u00f3n relevante y los mensajes que los seres de luz han compartido durante el proceso. Este material es \u00fanico para ti y est\u00e1 dise\u00f1ado para que puedas conservarlo siempre, de manera que te acompa\u00f1e y te sirva como gu\u00eda en tu camino espiritual.<\/p><h3>\u00bfC\u00f3mo pedir una sesi\u00f3n?<\/h3><p><a href=\"https:\/\/api.whatsapp.com\/send?phone=34699852350&amp;text=Hola%20N%C3%BAria,%20quiero%20una%20cita%20para%20una%20sanaci%C3%B3n%20energ%C3%A9tica.%20\" target=\"_blank\" rel=\"noopener\">Nos env\u00edas un mensaje<\/a>\u00a0para poder concretar una cita y te respondemos lo antes posible.<\/p>\t\t\t\t\t\t\t\t<\/div>\n\t\t\t\t<\/div>\n\t\t\t\t\t<\/div>\n\t\t<\/div>\n\t\t\t\t\t<\/div>\n\t\t<\/section>\n\t\t\t\t<section class=\"elementor-section elementor-inner-section elementor-element elementor-element-d42dc4e elementor-hidden-desktop elementor-hidden-tablet elementor-hidden-mobile elementor-section-boxed elementor-section-height-default elementor-section-height-default\" data-id=\"d42dc4e\" data-element_type=\"section\" data-e-type=\"section\">\n\t\t\t\t\t\t<div class=\"elementor-container elementor-column-gap-default\">\n\t\t\t\t\t<div class=\"elementor-column elementor-col-50 elementor-inner-column elementor-element elementor-element-86946a4\" data-id=\"86946a4\" data-element_type=\"column\" data-e-type=\"column\">\n\t\t\t<div class=\"elementor-widget-wrap elementor-element-populated\">\n\t\t\t\t\t\t<div class=\"elementor-element elementor-element-8e9f67b elementor-widget elementor-widget-image\" data-id=\"8e9f67b\" data-element_type=\"widget\" data-e-type=\"widget\" data-widget_type=\"image.default\">\n\t\t\t\t<div class=\"elementor-widget-container\">\n\t\t\t\t\t\t\t\t\t\t\t\t\t\t\t<img loading=\"lazy\" decoding=\"async\" width=\"1024\" height=\"1024\" src=\"https:\/\/escolaterranima.com\/wp-content\/uploads\/2022\/01\/Terra\u0300nima142-1024x1024.jpg\" class=\"attachment-large size-large wp-image-6888\" alt=\"\" srcset=\"https:\/\/escolaterranima.com\/wp-content\/uploads\/2022\/01\/Terra\u0300nima142-1024x1024.jpg 1024w, https:\/\/escolaterranima.com\/wp-content\/uploads\/2022\/01\/Terra\u0300nima142-300x300.jpg 300w, https:\/\/escolaterranima.com\/wp-content\/uploads\/2022\/01\/Terra\u0300nima142-150x150.jpg 150w, https:\/\/escolaterranima.com\/wp-content\/uploads\/2022\/01\/Terra\u0300nima142-768x768.jpg 768w, https:\/\/escolaterranima.com\/wp-content\/uploads\/2022\/01\/Terra\u0300nima142-1536x1536.jpg 1536w, https:\/\/escolaterranima.com\/wp-content\/uploads\/2022\/01\/Terra\u0300nima142-2048x2048.jpg 2048w, https:\/\/escolaterranima.com\/wp-content\/uploads\/2022\/01\/Terra\u0300nima142-600x600.jpg 600w, https:\/\/escolaterranima.com\/wp-content\/uploads\/2022\/01\/Terra\u0300nima142-100x100.jpg 100w\" sizes=\"auto, (max-width: 1024px) 100vw, 1024px\" \/>\t\t\t\t\t\t\t\t\t\t\t\t\t\t\t<\/div>\n\t\t\t\t<\/div>\n\t\t\t\t\t<\/div>\n\t\t<\/div>\n\t\t\t\t<div class=\"elementor-column elementor-col-50 elementor-inner-column elementor-element elementor-element-5b2518a\" data-id=\"5b2518a\" data-element_type=\"column\" data-e-type=\"column\">\n\t\t\t<div class=\"elementor-widget-wrap elementor-element-populated\">\n\t\t\t\t\t\t<div class=\"elementor-element elementor-element-849172a elementor-widget elementor-widget-text-editor\" data-id=\"849172a\" data-element_type=\"widget\" data-e-type=\"widget\" data-widget_type=\"text-editor.default\">\n\t\t\t\t<div class=\"elementor-widget-container\">\n\t\t\t\t\t\t\t\t\t<h3>\u00bfQuieres conocer a la chamana?<\/h3><p>Se llama Ana Dominguez. Ha sido alumna de la Escuela Terranima y tiene un amplio curriculum en formaciones energ\u00e9ticas, en las que destacan: el chamanismo, la canalizaci\u00f3n y la kinesiolog\u00eda.\u00a0\u00a0<\/p>\t\t\t\t\t\t\t\t<\/div>\n\t\t\t\t<\/div>\n\t\t\t\t\t<\/div>\n\t\t<\/div>\n\t\t\t\t\t<\/div>\n\t\t<\/section>\n\t\t\t\t<section class=\"elementor-section elementor-inner-section elementor-element elementor-element-ed67f81 elementor-section-boxed elementor-section-height-default elementor-section-height-default\" data-id=\"ed67f81\" data-element_type=\"section\" data-e-type=\"section\" data-settings=\"{&quot;background_background&quot;:&quot;classic&quot;}\">\n\t\t\t\t\t\t<div class=\"elementor-container elementor-column-gap-default\">\n\t\t\t\t\t<div class=\"elementor-column elementor-col-100 elementor-inner-column elementor-element elementor-element-04c3c8c\" data-id=\"04c3c8c\" data-element_type=\"column\" data-e-type=\"column\">\n\t\t\t<div class=\"elementor-widget-wrap elementor-element-populated\">\n\t\t\t\t\t\t<div class=\"elementor-element elementor-element-dd2ef26 elementor-widget elementor-widget-text-editor\" data-id=\"dd2ef26\" data-element_type=\"widget\" data-e-type=\"widget\" data-widget_type=\"text-editor.default\">\n\t\t\t\t<div class=\"elementor-widget-container\">\n\t\t\t\t\t\t\t\t\t<h1 style=\"text-align: center;\"><strong><a href=\"https:\/\/api.whatsapp.com\/send?phone=34699852350&amp;text=Hola%20N%C3%BAria,%20quiero%20una%20cita%20para%20una%20sanaci%C3%B3n%20energ%C3%A9tica.%20\" target=\"_blank\" rel=\"noopener\">Clica aqu\u00ed para pedir una cita.<\/a><\/strong><\/h1>\t\t\t\t\t\t\t\t<\/div>\n\t\t\t\t<\/div>\n\t\t\t\t\t<\/div>\n\t\t<\/div>\n\t\t\t\t\t<\/div>\n\t\t<\/section>\n\t\t\t\t<section class=\"elementor-section elementor-inner-section elementor-element elementor-element-821ca27 elementor-section-boxed elementor-section-height-default elementor-section-height-default\" data-id=\"821ca27\" data-element_type=\"section\" data-e-type=\"section\" data-settings=\"{&quot;background_background&quot;:&quot;classic&quot;}\">\n\t\t\t\t\t\t<div class=\"elementor-container elementor-column-gap-default\">\n\t\t\t\t\t<div class=\"elementor-column elementor-col-100 elementor-inner-column elementor-element elementor-element-aac8606\" data-id=\"aac8606\" data-element_type=\"column\" data-e-type=\"column\">\n\t\t\t<div class=\"elementor-widget-wrap elementor-element-populated\">\n\t\t\t\t\t\t<div class=\"elementor-element elementor-element-1ed5006 elementor-widget elementor-widget-text-editor\" data-id=\"1ed5006\" data-element_type=\"widget\" data-e-type=\"widget\" data-widget_type=\"text-editor.default\">\n\t\t\t\t<div class=\"elementor-widget-container\">\n\t\t\t\t\t\t\t\t\t<h1>Informaci\u00f3n de inter\u00e9s:<\/h1>\t\t\t\t\t\t\t\t<\/div>\n\t\t\t\t<\/div>\n\t\t\t\t<div class=\"elementor-element elementor-element-f887e6b elementor-position-top elementor-widget elementor-widget-image-box\" data-id=\"f887e6b\" data-element_type=\"widget\" data-e-type=\"widget\" data-widget_type=\"image-box.default\">\n\t\t\t\t<div class=\"elementor-widget-container\">\n\t\t\t\t\t<div class=\"elementor-image-box-wrapper\"><figure class=\"elementor-image-box-img\"><a href=\"https:\/\/escolaterranima.com\/es\/cursos-presenciales\/aprender-a-canalizar-curso\/\" tabindex=\"-1\"><img loading=\"lazy\" decoding=\"async\" width=\"300\" height=\"300\" src=\"https:\/\/escolaterranima.com\/wp-content\/uploads\/2026\/03\/curs-aprendre-a-canalitzar-1-300x300.png\" class=\"attachment-medium size-medium wp-image-28659\" alt=\"Curs aprendre a canalitzar\" srcset=\"https:\/\/escolaterranima.com\/wp-content\/uploads\/2026\/03\/curs-aprendre-a-canalitzar-1-300x300.png 300w, https:\/\/escolaterranima.com\/wp-content\/uploads\/2026\/03\/curs-aprendre-a-canalitzar-1-1024x1024.png 1024w, https:\/\/escolaterranima.com\/wp-content\/uploads\/2026\/03\/curs-aprendre-a-canalitzar-1-150x150.png 150w, https:\/\/escolaterranima.com\/wp-content\/uploads\/2026\/03\/curs-aprendre-a-canalitzar-1-768x768.png 768w, https:\/\/escolaterranima.com\/wp-content\/uploads\/2026\/03\/curs-aprendre-a-canalitzar-1-600x600.png 600w, https:\/\/escolaterranima.com\/wp-content\/uploads\/2026\/03\/curs-aprendre-a-canalitzar-1-100x100.png 100w, https:\/\/escolaterranima.com\/wp-content\/uploads\/2026\/03\/curs-aprendre-a-canalitzar-1.png 1080w\" sizes=\"auto, (max-width: 300px) 100vw, 300px\" \/><\/a><\/figure><div class=\"elementor-image-box-content\"><h3 class=\"elementor-image-box-title\"><a href=\"https:\/\/escolaterranima.com\/es\/cursos-presenciales\/aprender-a-canalizar-curso\/\">Curso Aprender a canalizar<\/a><\/h3><p class=\"elementor-image-box-description\">Un curso para despertar las capacidades ps\u00edquicas que est\u00e1n en ti y para comunicarte con los gu\u00edas espirituales.<br><br> \u00a1Cuando canalizas aumentas la vibraci\u00f3n y la vida toma un nuevo sentido!<br><br>\n\nFormaci\u00f3n presencial u online. \u00a1Puedes escoger lo que m\u00e1s te resuena!\n<br \/>\n<a href=\"https:\/\/escolaterranima.com\/es\/cursos-presenciales\/aprender-a-canalizar-curso\/\" style=\"color:red\">+ M\u00c1S INFORMACI\u00d3N<\/a><\/p><\/div><\/div>\t\t\t\t<\/div>\n\t\t\t\t<\/div>\n\t\t\t\t\t<\/div>\n\t\t<\/div>\n\t\t\t\t\t<\/div>\n\t\t<\/section>\n\t\t\t\t\t<\/div>\n\t\t<\/div>\n\t\t\t\t\t<\/div>\n\t\t<\/section>\n\t\t\t\t<\/div>\n\t\t","protected":false},"excerpt":{"rendered":"<p>Sanaci\u00f3n energ\u00e9tica La sesi\u00f3n de sanaci\u00f3n energ\u00e9tica es un espacio individual en la que, mediante t\u00e9cnicas cham\u00e1nicas y la gu\u00eda de los seres de luz, te aporta bienestar y salud\u00a0 La Sanaci\u00f3n\u00a0Cham\u00e1nica\u00a0trabaja la parte sutil y energ\u00e9tica de la persona, la que tiene que ver con la vibraci\u00f3n y no con la materia; ya que &#8230; <a title=\"SANACI\u00d3N ENERG\u00c9TICA\" class=\"read-more\" href=\"https:\/\/escolaterranima.com\/es\/servicios\/sanacion-energetica\/\" aria-label=\"Leer m\u00e1s sobre SANACI\u00d3N ENERG\u00c9TICA\">Leer m\u00e1s<\/a><\/p>\n","protected":false},"author":288,"featured_media":7820,"parent":6891,"menu_order":0,"comment_status":"closed","ping_status":"closed","template":"","meta":{"footnotes":""},"class_list":["post-12390","page","type-page","status-publish","has-post-thumbnail"],"_links":{"self":[{"href":"https:\/\/escolaterranima.com\/es\/wp-json\/wp\/v2\/pages\/12390","targetHints":{"allow":["GET"]}}],"collection":[{"href":"https:\/\/escolaterranima.com\/es\/wp-json\/wp\/v2\/pages"}],"about":[{"href":"https:\/\/escolaterranima.com\/es\/wp-json\/wp\/v2\/types\/page"}],"author":[{"embeddable":true,"href":"https:\/\/escolaterranima.com\/es\/wp-json\/wp\/v2\/users\/288"}],"replies":[{"embeddable":true,"href":"https:\/\/escolaterranima.com\/es\/wp-json\/wp\/v2\/comments?post=12390"}],"version-history":[{"count":58,"href":"https:\/\/escolaterranima.com\/es\/wp-json\/wp\/v2\/pages\/12390\/revisions"}],"predecessor-version":[{"id":28727,"href":"https:\/\/escolaterranima.com\/es\/wp-json\/wp\/v2\/pages\/12390\/revisions\/28727"}],"up":[{"embeddable":true,"href":"https:\/\/escolaterranima.com\/es\/wp-json\/wp\/v2\/pages\/6891"}],"wp:featuredmedia":[{"embeddable":true,"href":"https:\/\/escolaterranima.com\/es\/wp-json\/wp\/v2\/media\/7820"}],"wp:attachment":[{"href":"https:\/\/escolaterranima.com\/es\/wp-json\/wp\/v2\/media?parent=12390"}],"curies":[{"name":"wp","href":"https:\/\/api.w.org\/{rel}","templated":true}]}}