{"id":1025,"date":"2019-08-22T16:39:19","date_gmt":"2019-08-22T16:39:19","guid":{"rendered":"http:\/\/nuriaxandri.cat\/?page_id=1025"},"modified":"2025-02-05T12:40:21","modified_gmt":"2025-02-05T11:40:21","slug":"curs-naturalment-ancestral","status":"publish","type":"page","link":"https:\/\/escolaterranima.com\/es\/curs-naturalment-ancestral\/","title":{"rendered":"Naturalment Ancestral &#8211; CURS"},"content":{"rendered":"\t\t<div data-elementor-type=\"wp-page\" data-elementor-id=\"1025\" class=\"elementor elementor-1025\">\n\t\t\t\t\t\t<section class=\"elementor-section elementor-top-section elementor-element elementor-element-21bbb98 elementor-section-full_width elementor-section-stretched elementor-section-height-min-height elementor-section-content-middle elementor-section-height-default elementor-section-items-middle\" data-id=\"21bbb98\" data-element_type=\"section\" data-settings=\"{&quot;stretch_section&quot;:&quot;section-stretched&quot;,&quot;background_background&quot;:&quot;classic&quot;}\">\n\t\t\t\t\t\t<div class=\"elementor-container elementor-column-gap-no\">\n\t\t\t\t\t<div class=\"elementor-column elementor-col-100 elementor-top-column elementor-element elementor-element-624a6bb\" data-id=\"624a6bb\" data-element_type=\"column\">\n\t\t\t<div class=\"elementor-widget-wrap elementor-element-populated\">\n\t\t\t\t\t\t<section class=\"elementor-section elementor-inner-section elementor-element elementor-element-906c75a elementor-section-content-middle elementor-section-boxed elementor-section-height-default elementor-section-height-default\" data-id=\"906c75a\" data-element_type=\"section\" data-settings=\"{&quot;background_background&quot;:&quot;classic&quot;}\">\n\t\t\t\t\t\t<div class=\"elementor-container elementor-column-gap-default\">\n\t\t\t\t\t<div class=\"elementor-column elementor-col-100 elementor-inner-column elementor-element elementor-element-babf6e9\" data-id=\"babf6e9\" data-element_type=\"column\">\n\t\t\t<div class=\"elementor-widget-wrap elementor-element-populated\">\n\t\t\t\t\t\t<div class=\"elementor-element elementor-element-3b27702 elementor-widget elementor-widget-heading\" data-id=\"3b27702\" data-element_type=\"widget\" data-widget_type=\"heading.default\">\n\t\t\t\t<div class=\"elementor-widget-container\">\n\t\t\t\t\t<h2 class=\"elementor-heading-title elementor-size-xxl\">Naturalment Ancestral<\/h2>\t\t\t\t<\/div>\n\t\t\t\t<\/div>\n\t\t\t\t\t<\/div>\n\t\t<\/div>\n\t\t\t\t\t<\/div>\n\t\t<\/section>\n\t\t\t\t\t<\/div>\n\t\t<\/div>\n\t\t\t\t\t<\/div>\n\t\t<\/section>\n\t\t\t\t<section class=\"elementor-section elementor-top-section elementor-element elementor-element-5438dbc elementor-section-full_width elementor-section-stretched elementor-section-height-default elementor-section-height-default\" data-id=\"5438dbc\" data-element_type=\"section\" data-settings=\"{&quot;stretch_section&quot;:&quot;section-stretched&quot;}\">\n\t\t\t\t\t\t<div class=\"elementor-container elementor-column-gap-default\">\n\t\t\t\t\t<div class=\"elementor-column elementor-col-100 elementor-top-column elementor-element elementor-element-a3a49ac\" data-id=\"a3a49ac\" data-element_type=\"column\" data-settings=\"{&quot;background_background&quot;:&quot;classic&quot;}\">\n\t\t\t<div class=\"elementor-widget-wrap elementor-element-populated\">\n\t\t\t\t\t\t<section class=\"elementor-section elementor-inner-section elementor-element elementor-element-c699747 elementor-section-boxed elementor-section-height-default elementor-section-height-default\" data-id=\"c699747\" data-element_type=\"section\">\n\t\t\t\t\t\t<div class=\"elementor-container elementor-column-gap-default\">\n\t\t\t\t\t<div class=\"elementor-column elementor-col-100 elementor-inner-column elementor-element elementor-element-dd4f9f3\" data-id=\"dd4f9f3\" data-element_type=\"column\">\n\t\t\t<div class=\"elementor-widget-wrap elementor-element-populated\">\n\t\t\t\t\t\t<div class=\"elementor-element elementor-element-a4fea58 elementor-widget elementor-widget-text-editor\" data-id=\"a4fea58\" data-element_type=\"widget\" data-widget_type=\"text-editor.default\">\n\t\t\t\t<div class=\"elementor-widget-container\">\n\t\t\t\t\t\t\t\t\t<div class=\"inner-container\"><h3 style=\"text-align: center;\"><span style=\"color: #f08484;\"><strong>Descobreix com la natura vibra en tu!<\/strong><\/span><\/h3><h4 style=\"text-align: center;\"><span style=\"color: #333333;\">Un CICLE DE TROBADES PER A DONES que volem connectar amb les ensenyances de l&#8217;hivern, la primavera, l&#8217;estiu i la tardor en temps real; celebrar i ritualitzar les festivitats de la Terra. Tamb\u00e9 per sintonitzar amb cadascun dels elements: l&#8217;<\/span><span style=\"color: #333333;\">aire, el foc, l&#8217;aigua i la terra.<\/span>\u00a0\u00c9s mitjan\u00e7ant els elements que pots entendre i vivenciar les lleis org\u00e0niques de la manifestaci\u00f3 i l&#8217;abund\u00e0ncia.<\/h4><h4 style=\"text-align: center;\"><span style=\"color: #f08484;\"><strong>La natura vibra en amor i \u00e9s des d&#8217;aqu\u00ed que t&#8217;ofereix la possibilitat de transformar-te, de connectar amb la teva ess\u00e8ncia i saviesa ancestral<\/strong>.<\/span><\/h4><h4 style=\"text-align: center;\">\u00a0<\/h4><p><img loading=\"lazy\" decoding=\"async\" class=\"aligncenter wp-image-2264 size-large\" src=\"\/\/\/wp-content\/uploads\/2019\/08\/Aigua-Estiu-2020-1024x575.jpg\" alt=\"\" width=\"750\" height=\"421\" \/><\/p><h3 style=\"text-align: center;\"><em>Aquet curs et connecta amb la natura, amb la seva saviesa ancestral<\/em><\/h3><p>Una saviesa que parteix d\u2019<strong>estar present en cada instant<\/strong>, de viure l\u2019ara i aqu\u00ed. I de l\u2019<strong>acceptaci\u00f3 profunda del ser<\/strong>: un arbre \u00e9s un arbre i no pret\u00e9n ser un riu, igual que una pedra no busca ser una flor. Tot t\u00e9 un sentit pel simple fet de ser: vibrar en la pr\u00f2pia ess\u00e8ncia i est\u00e0 profundament connectat al prop\u00f2sit (missi\u00f3 de vida). La natura no jutja, t\u2019acull incondicionalment tal i com ets<strong>.<\/strong><\/p><p><strong>La naturalesa vibra en l\u2019amor, la generositat i <a href=\"https:\/2020\/05\/05\/ritual-per-alinear-te-amb-labundancia\/\" target=\"_blank\" rel=\"noopener\">l\u2019abund\u00e0ncia<\/a><\/strong> independentment de quina sigui l\u2019actitud que prens envers ella, sempre est\u00e0 disponible a canvi de res. L\u2019equilibri entre el donar i el rebre \u00e9s inherent, no espera que les seves accions siguin recompensades, simplement s\u00f3n. Un exemple en s\u00f3n els arbres: purifiquen l\u2019aire que respirem, ofereixen una llar pels ocells, el l\u00edquens, les aranyes i tantes esp\u00e8cies que viuen sota la seva protecci\u00f3, ens proporcionen calma i tranquil\u2022litat facilitant aix\u00ed la connexi\u00f3 amb un mateix\/a i amb els altres, &#8230; la llista \u00e9s interminable.<\/p><p>I \u00e9s que <strong>la natura \u00e9s sanadora en si mateixa<\/strong>. Segur que ho has comprovat un munt de vegades, quan passeges per un espai natural descarregues tensions, preocupacions&#8230; ja que la natura absorbeix i transmuta tota aquesta negativitat. Els espais oberts, observar l\u2019horitz\u00f3&#8230; t\u2019aporten claredat mental i t\u2019ajuden a tenir una perspectiva m\u00e9s amplia de la vida. Respirar aire pur et d\u00f3na vitalitat i et sents millor amb tu mateix\/a i amb els altres.<\/p><h3 style=\"text-align: center;\"><em>Aquet curs et connecta amb la roda de la Terra mitjancant els rituals<\/em><\/h3><p>Deixar l\u2019estr\u00e8s i <strong>viure connectat al temps real<\/strong> (molt m\u00e9s lent del que estem acostumats) tamb\u00e9 \u00e9s un dels grans aprenentatges que t\u2019ofereix la natura. Tot en ella t\u00e9 un ritme, i aquest ritme ja \u00e9s sa en si mateix, vibra en la mateixa sintonia que el \u201ctemps\u201d del cos. Alhora et connecta amb les etapes de la vida i t\u2019ajuda a entendre que cada moment t\u2019ofereix just all\u00f2 que necessites per evolucionar.<\/p><p><strong>El ritme de la Terra est\u00e0 lligat a les estacions, cada estaci\u00f3 t\u00e9 una energia i unes festivitats que ens ajuden a honrar-la<\/strong>.<\/p><p>El Solstici d&#8217;hivern (festivitat de Yule), la Candelera (<a href=\"https:\/2020\/03\/04\/ritual-per-sembrar-bons-proposits\/\" target=\"_blank\" rel=\"noopener\">festivitat de Imbolc<\/a>), l&#8217;Equinocci de primavera (festivitat d&#8217;Ostara), celebracions de Maig (<a href=\"https:\/2020\/05\/05\/ritual-per-alinear-te-amb-labundancia\/\" target=\"_blank\" rel=\"noopener\">festivitat de Beltane<\/a>), el <a href=\"https:\/2020\/06\/23\/rituals-de-sant-joan\/\" target=\"_blank\" rel=\"noopener\">Solstici d&#8217;Estiu<\/a> (festivitat de Litha), les celebracions de la Collita (festivitat de Lammas), l&#8217;Equinocci de tardor (festivitat de Mabon) i Tot Sants (festivitat de Samhain).<\/p><p>En el curs <strong>associem cada festivitat amb una ENERGIA DIVINA FEMENINA<\/strong> i entrem en ritual per vivenciar-la en nosaltres, ja que s\u00f3n tamb\u00e9 energies arquet\u00edpiques que estan dins nostre i ens ajuden a evolucionar.\u00a0Connectem amb la saviesa de Mare Anna, Miriam, deessa Br\u00edgida, deessa Artemisa, deessa Afrodita, Mare Maria, la Dama del Llac, Maria Magdalena, deessa Ceridwen&#8230;<\/p><p><img loading=\"lazy\" decoding=\"async\" class=\"aligncenter wp-image-3008 size-large\" src=\"\/\/\/wp-content\/uploads\/2019\/08\/Rituals-Naturalment-ancestral-web-1024x493.png\" alt=\"\" width=\"750\" height=\"361\" \/><\/p><h3 style=\"text-align: center;\"><em>Aquet curs et connecta amb la medicina dels elements<\/em><\/h3><p><strong>Cada element ens aporta unes ensenyances i entre ells es complementen per donar lloc a la creaci\u00f3<\/strong>. Qualsevol manifestaci\u00f3 necessita de la inspiraci\u00f3 de l&#8217;Aire, el comprom\u00eds en acci\u00f3 del Foc, la cura i la nutrici\u00f3 de l&#8217;Aigua i l&#8217;estabilitat i la const\u00e0ncia de la Terra.<\/p><p>Entrarem en la viv\u00e8ncia de l&#8217;energia de cada <a href=\"https:\/2020\/05\/03\/vivenciar-els-quatre-elements\/\" target=\"_blank\" rel=\"noopener\">element<\/a> i sentirem com estan en nosaltres i com ens ajuden a construir el dia a dia.<\/p><p><img loading=\"lazy\" decoding=\"async\" class=\"aligncenter wp-image-3007 size-large\" src=\"\/\/\/wp-content\/uploads\/2019\/08\/Foc-imbolc-naturalment-ancestral-web-1024x493.png\" alt=\"\" width=\"750\" height=\"361\" \/><\/p><h3 style=\"text-align: center;\"><em>Aquet curs uneix mat\u00e8ria i espiritualitat<\/em><\/h3><p>A trav\u00e9s de la naturalesa pots percebre <strong>una energia m\u00e9s gran que t\u2019envolta i et sost\u00e9 incondicionalment<\/strong>. Entendre que hi ha un poder m\u00e9s gran que t\u2019abra\u00e7a, et permet deixar anar la por, el control, la responsabilitat, l\u2019autosufici\u00e8ncia,&#8230; i sentir que no est\u00e0s sol\/a.<\/p><p>La natura <strong>vibra en la unitat,<\/strong> les pedres no \u00e9s perceben com a \u00e9ssers individuals sin\u00f3 que formen part d\u2019un tot. Els arbres d\u2019un bosc estan interconnectats mitjan\u00e7ant les seves arrels de manera que \u00e9s comuniquen i s\u2019ajuden m\u00fatuament. La dificultat o la sanaci\u00f3 d\u2019un \u00e9s la de tot el bosc, tots\/es formem part del mateix. I \u00e9s aix\u00ed com la natura expressa la seva connexi\u00f3 espiritual amb la vida.<\/p><p>Els \u00e9ssers de llum estan presents en cada sessi\u00f3, cuidan i sostenint la vibraci\u00f3 i l&#8217;energia que ens envolta.<\/p><p><img loading=\"lazy\" decoding=\"async\" class=\"aligncenter wp-image-2235 size-large\" src=\"\/\/\/wp-content\/uploads\/2020\/09\/cercle-natura-1024x677.jpg\" alt=\"\" width=\"750\" height=\"496\" \/><\/p><div class=\"proces-terapeutic\"><h2>En el curs, aprendr\u00e0s a<\/h2><div class=\"row\">\u00a0<\/div><p style=\"text-align: left;\"><strong>Connectar amb la natura<\/strong>,\u00a0recuperant el vincle ancestral. Viatge inici\u00e0tic per establir un connexi\u00f3 m\u00e9s profunda i autentica.<\/p><div class=\"row\" style=\"text-align: left;\">\u00a0<\/div><p style=\"text-align: left;\"><strong>Vibrar amb els quatre elements<\/strong>: aigua, terra, aire i foc. Entendre les seves ensenyances i portar-les a la teva vida. Explorar-ho en el cos f\u00edsic, emocional i energ\u00e8tic.<\/p><div class=\"row\" style=\"text-align: left;\">\u00a0<\/div><p style=\"text-align: left;\"><strong>Comunicar-te amb els elements \u00a0de la natura<\/strong>.\u00a0Despertar la comunicaci\u00f3 intu\u00eftiva i subtil, aquella que neix del cor i que ens connecta d\u2019\u00e0nima a \u00e0nima.<\/p><div class=\"row\" style=\"text-align: left;\">\u00a0<\/div><p style=\"text-align: left;\"><strong>Entendre el ritme de la Terra<\/strong> i sintonitzar amb les energies de les estacions i els<strong> <a href=\"https:\/rituals\/\">rituals<\/a> <\/strong>ancestrals de la roda anual.<\/p><div class=\"row\" style=\"text-align: left;\">\u00a0<\/div><p style=\"text-align: left;\"><span style=\"color: #333333;\"><strong>Profunditzar en el teu proc\u00e9s de creixement personal<\/strong>, la natura com a mirall en el teu aprenentatge. La Natura t&#8217;acompanya en la transformaci\u00f3 interna, a obrir-te a l&#8217;amor incondiconal i a l&#8217;abund\u00e0ncia.<\/span><\/p><div class=\"row\">\u00a0<\/div><\/div><div>\u00a0<\/div><div class=\"proces-terapeutic\"><h3 style=\"text-align: center;\"><em>\u00abQuan m\u00e9s contacte tenim amb la natura, m\u00e9s estem en contacte amb la nostra naturalesa humana i la naturalesa de l&#8217;\u00e0nima\u00bb.\u00a0 <\/em><em>Eric From<\/em><\/h3><p><img loading=\"lazy\" decoding=\"async\" class=\"aligncenter wp-image-2990 size-large\" src=\"\/\/\/wp-content\/uploads\/2020\/06\/Naturalment-Ancestral-Aigua-Estiu-2-1024x493.jpg\" alt=\"\" width=\"750\" height=\"361\" \/><\/p><\/div><\/div>\t\t\t\t\t\t\t\t<\/div>\n\t\t\t\t<\/div>\n\t\t\t\t\t<\/div>\n\t\t<\/div>\n\t\t\t\t\t<\/div>\n\t\t<\/section>\n\t\t\t\t<section class=\"elementor-section elementor-inner-section elementor-element elementor-element-a368028 elementor-section-boxed elementor-section-height-default elementor-section-height-default\" data-id=\"a368028\" data-element_type=\"section\">\n\t\t\t\t\t\t<div class=\"elementor-container elementor-column-gap-default\">\n\t\t\t\t\t<div class=\"elementor-column elementor-col-100 elementor-inner-column elementor-element elementor-element-514361e\" data-id=\"514361e\" data-element_type=\"column\">\n\t\t\t<div class=\"elementor-widget-wrap elementor-element-populated\">\n\t\t\t\t\t\t<div class=\"elementor-element elementor-element-7ec03e5 elementor-widget elementor-widget-text-editor\" data-id=\"7ec03e5\" data-element_type=\"widget\" data-widget_type=\"text-editor.default\">\n\t\t\t\t<div class=\"elementor-widget-container\">\n\t\t\t\t\t\t\t\t\t<p class=\"p1\"><b>Programa i organitzaci\u00f3 de les trobades<\/b><\/p><p class=\"p2\"><b>Vuit trobades presencials<\/b>: quatre dissabtes tot el dia i quatre dissabtes al mat\u00ed.<\/p><p class=\"p2\">S&#8217;organitzen per m\u00f2duls entorn de les 8 festivitats de la Roda de la Terra:<\/p><p class=\"p2\"><b>M\u00d2DUL I: L&#8217;hivern. Element Aire.<\/b><br \/>Solstici d&#8217;hivern (festivitat de Yule) i Candelera (festivitat de Imbolc)<\/p><p class=\"p2\">Dissabte 11 de desembre de 2021 de 10h a 18h.<br \/>Dissabte 5 de febrer de 2022 de 10h a 14h.<\/p><p class=\"p2\"><b>M\u00d2DUL II: La primavera.\u00a0Element Foc.<\/b><br \/>Equinocci de primavera (festivitat d&#8217;Ostara) i celebracions de maig (festivitat de Beltane)<\/p><p class=\"p2\">Dissabte 19 de mar\u00e7 de 2022 de 10h a 18h.<br \/>Dissabte 30 d&#8217;abril de 2022 de 10h a 14h.<\/p><p class=\"p2\"><b>MODUL III: Estiu. Element Aigua<\/b><br \/>Solstici d&#8217;Estiu (festivitat de Litha) i les celebracions de la collita (festivitat de Lammas)<\/p><p class=\"p2\">Dissabte 18 de juny de 2022 de 10h a 18h.<br \/>Dissabte 30 de juliol de 2022 de 07h a 10h.<\/p><p class=\"p2\"><b>M\u00d2DUL IV: La tardor. Element Terra.<\/b><br \/>Equinocci de tardor (festivitat de Mabon) i Tot Sants (festivitat de Samhain)<\/p><p class=\"p2\">Dissabte 24 de setembre de 2022 de 10h a 18h.<br \/>Divendres 29 d&#8217;octubre de 2022 de 10h a 14h.<\/p><p class=\"p2\"><b>M\u00d2DUL V: Element Eter. Integraci\u00f3.\u00a0<\/b><\/p><p class=\"p2\">Dissabte 3 de desembre de 2022 de 10h a 18h.<\/p><p class=\"p2\"><b>Les trobades s\u00f3n totes presencials i s&#8217;acompanyen de material i recursos audiovisuals per seguir connectant des de casa.<\/b><\/p><p class=\"p4\"><i>CADA M\u00d2DUL \u00c9S UNA DANSA ENTRE LA NATURA I TU: entre els elements naturals que t&#8217;envolten i la teva pr\u00f2pia naturalesa interna.<br \/><\/i><\/p><p class=\"p2\">Cada m\u00f2dul t\u2019introdueix en la saviesa d\u2019un element (terra, aire, foc i aigua); en un tipus de comunicaci\u00f3 amb la natura; en l&#8217;energia d\u2019una estaci\u00f3 (tardor, hivern, primavera i estiu) i en les festivitats corresponents a la roda de la Terra.<\/p><p class=\"p2\">A la vegada observar\u00e0s com aix\u00f2 vibra en tu, com l\u2019energia de l\u2019estaci\u00f3, l\u2019element i els missatges que reps de la natura parlen de tu, com es manifesta en el teu cos f\u00edsic, emocional i energ\u00e8tic.<\/p><p class=\"p3\"><b>Per aix\u00f2 les activitats de connexi\u00f3 amb la natura van acompanyades de propostes de moviment corporal i respiraci\u00f3 conscient, d\u2019expressi\u00f3 emocional i de connexi\u00f3 energ\u00e8tica ja que unifiquem all\u00f2 que t\u2019arriba de fora (l\u2019est\u00edmul extern de la natura) amb all\u00f2 que et passa (la viv\u00e8ncia interna)<\/b>.<\/p><p class=\"p2\">Utilitzarem tamb\u00e9 la vibraci\u00f3 dels <b>minerals i els <\/b><a href=\"https:\/2020\/03\/15\/olis-essencials-i-creixement-personal\/\"><span class=\"s1\"><b>olis essencials<\/b><\/span><\/a> per profunditzar en l\u2019energia que explorem.<\/p>\t\t\t\t\t\t\t\t<\/div>\n\t\t\t\t<\/div>\n\t\t\t\t<div class=\"elementor-element elementor-element-bc02932 elementor-widget elementor-widget-image\" data-id=\"bc02932\" data-element_type=\"widget\" data-widget_type=\"image.default\">\n\t\t\t\t<div class=\"elementor-widget-container\">\n\t\t\t\t\t\t\t\t\t\t\t\t\t\t\t<img loading=\"lazy\" decoding=\"async\" width=\"1024\" height=\"661\" src=\"https:\/\/escolaterranima.com\/wp-content\/uploads\/2021\/10\/IMG_20190621_191419BIS-1-1024x661.jpeg\" class=\"attachment-large size-large wp-image-4563\" alt=\"\" srcset=\"https:\/\/escolaterranima.com\/wp-content\/uploads\/2021\/10\/IMG_20190621_191419BIS-1-1024x661.jpeg 1024w, https:\/\/escolaterranima.com\/wp-content\/uploads\/2021\/10\/IMG_20190621_191419BIS-1-300x194.jpeg 300w, https:\/\/escolaterranima.com\/wp-content\/uploads\/2021\/10\/IMG_20190621_191419BIS-1-768x495.jpeg 768w, https:\/\/escolaterranima.com\/wp-content\/uploads\/2021\/10\/IMG_20190621_191419BIS-1-600x387.jpeg 600w, https:\/\/escolaterranima.com\/wp-content\/uploads\/2021\/10\/IMG_20190621_191419BIS-1.jpeg 1417w\" sizes=\"auto, (max-width: 1024px) 100vw, 1024px\" \/>\t\t\t\t\t\t\t\t\t\t\t\t\t\t\t<\/div>\n\t\t\t\t<\/div>\n\t\t\t\t<div class=\"elementor-element elementor-element-3d039aa elementor-widget elementor-widget-text-editor\" data-id=\"3d039aa\" data-element_type=\"widget\" data-widget_type=\"text-editor.default\">\n\t\t\t\t<div class=\"elementor-widget-container\">\n\t\t\t\t\t\t\t\t\t<p class=\"p1\"><b>Altres informacions d\u2019inter\u00e8s<\/b><\/p><p class=\"p2\">&#8211; \u00c9s un curs pr\u00e0ctic on totes les activitats s\u00f3n vivencials.<br \/>&#8211; Independentment de l\u2019\u00e8poca de l\u2019any, hi ha activitats que es realitzen a l\u2019aire lliure en contacte amb la natura. Tamb\u00e9 \u00e9s compta amb un espai interior, per aquelles activitats que necessiten m\u00e9s recolliment.<\/p><p class=\"p1\"><b>Lloc:<\/b><\/p><p class=\"p2\"><b>Arenys de Munt, en un espai en contacte amb la natura.<\/b><\/p><p class=\"p1\"><b>Aportaci\u00f3 econ\u00f2mica:<\/b><\/p><p class=\"p2\">606\u20ac si fas un sol pagament<\/p><p class=\"p2\">Si prefereixes el pagament fraccionat (66\u20ac\/matr\u00edcula + 120\u20ac\/m\u00f2dul).<\/p><p class=\"p1\"><b>Les dones diuen&#8230;<\/b><\/p><p class=\"p2\">\u00abNaturalment Ancestral ha estat un abans i un despr\u00e9s en el meu cam\u00ed. Obrir una porta a una sorprenent\u00a0 connexi\u00f3\u00a0 amb la natura i amb els \u00e9ssers de llum que l&#8217; habiten, sentir les 4 estacions i els 4\u00a0 elements tant a dins meu com a fora. Gr\u00e0cies N\u00faria per un acompanyament tant respectu\u00f3s i amor\u00f3s i per la generositat amb la que comparteixes la teva saviesa.\u00bb<\/p><p class=\"p2\">Judit Gil<\/p><p class=\"p1\"><b>Mesures de prevenci\u00f3 del covid-19:<\/b><\/p><p class=\"p2\">Les trobades \u00e9s realitzen a la natura. Si en algun moment estem en un espai interior \u00e9s una sala \u00e0mplia que garantitza la dist\u00e0ncia de seguretat i prevenci\u00f3.<\/p><p class=\"p2\">En grups redu\u00efts de m\u00e0xim 6-10 persones.<\/p><p class=\"p2\">En cas que fos necessari, es facilita un document de cita pr\u00e8via (per facilitar el DESPLA\u00c7AMENT en CAP DE SETMANA).<\/p><p class=\"p2\">Si degut a la obligaci\u00f3 de confinar-nos s\u2019alter\u00e9s el calendari de les trobades s\u2019obre la possibilitat de pactar noves dates per continuar m\u00e9s endavant, de retornar els diners (part proporcional) o qualsevol altra possibilitat que puguem acordar de mutu acord. Fins ara, seguint aquestes indicacions hem pogut fer tots els cursos programats.<\/p>\t\t\t\t\t\t\t\t<\/div>\n\t\t\t\t<\/div>\n\t\t\t\t<div class=\"elementor-element elementor-element-f3721a0 elementor-widget elementor-widget-text-editor\" data-id=\"f3721a0\" data-element_type=\"widget\" data-widget_type=\"text-editor.default\">\n\t\t\t\t<div class=\"elementor-widget-container\">\n\t\t\t\t\t\t\t\t\t<p class=\"p1\"><b>Curs ofert per<\/b><\/p><p><img loading=\"lazy\" decoding=\"async\" class=\"alignleft wp-image-1033 size-thumbnail\" src=\"\/\/\/wp-content\/uploads\/2019\/08\/n\u00faria-arbre-150x150.jpg\" alt=\"\" width=\"150\" height=\"150\" \/><\/p><p class=\"p2\">N\u00faria Xandri<br \/>Xamana, Canalitzadora, Terapeuta Gestalt i Terapeuta d\u2019Integraci\u00f3 Corporal.<\/p><p class=\"p2\">\u201cDes de petita m\u2019he sentit connectada a la naturalesa. Un dels records m\u00e9s bonics de la inf\u00e0ncia s\u00f3n les passejades amb la iaia Quimeta qui em va ensenyar a apreciar la bellesa de les petites coses que ens ofereix el bosc. Tamb\u00e9 recordo la infinitat d\u2019excursions, campaments i rutes enmig de la muntanya que vaig fer amb el \u201cCau\u201d. De m\u00e9s gran he continuat ampliant la connexi\u00f3 i la comunicaci\u00f3 amb la natura de maneres molt diferents, per\u00f2 sobretot a trav\u00e9s del Xamanisme Ancestral. Tot aix\u00f2 m\u2019ha nodrit l\u2019\u00e0nima i m\u2019ha ajudat arribar fins aqu\u00ed.<br \/>Sempre envoltada d\u2019arbres, a la natura em sento a casa, plenament feli\u00e7\u201d.\u00a0 N\u00faria<\/p><p class=\"p3\"><span class=\"s1\"><a href=\"https:\/sobre-mi\/\">Clica si em vols con\u00e8ixer una mica m\u00e9s <\/a><\/span><\/p><p class=\"p4\"><b>Imprescindible reservar pla\u00e7a<\/b><br \/><b>Si t\u2019interessa contacta\u2019ns al 699 852 350<\/b><\/p><p class=\"p2\">Art\u00edcles relacionats que et poden interessar:<\/p><p class=\"p3\"><span class=\"s1\"><a href=\"https:\/2020\/05\/03\/vivenciar-els-quatre-elements\/\">Com vivenciar els quatre elements<\/a><\/span><\/p><p class=\"p3\"><span class=\"s1\"><a href=\"https:\/rituals\/\">Qu\u00e8 \u00e9s un ritual?<\/a><\/span><\/p><p class=\"p3\"><span class=\"s1\"><a href=\"https:\/2020\/05\/05\/ritual-per-alinear-te-amb-labundancia\/\">Ritual per connectar amb l&#8217;abund\u00e0ncia. Deessa Rihanon<\/a><\/span><\/p><p class=\"p3\"><span class=\"s1\"><a href=\"https:\/2020\/06\/23\/rituals-de-sant-joan\/\">Idees per a rituals de Sant Joan<\/a><\/span><\/p><p class=\"p3\"><span class=\"s1\"><a href=\"https:\/2020\/03\/04\/ritual-per-sembrar-bons-proposits\/\">Ritual per sembrar bons prop\u00f2sits<\/a><\/span><\/p><p class=\"p3\"><span class=\"s1\"><a href=\"https:\/2020\/04\/23\/canalitzacio-de-maria-magdalena-sobre-lenergia-de-la-primavera\/\">Com connectar amb l&#8217;energia de la primavera, canalitzaci\u00f3 de Maria Magdalena<\/a><\/span><\/p>\t\t\t\t\t\t\t\t<\/div>\n\t\t\t\t<\/div>\n\t\t\t\t\t<\/div>\n\t\t<\/div>\n\t\t\t\t\t<\/div>\n\t\t<\/section>\n\t\t\t\t\t<\/div>\n\t\t<\/div>\n\t\t\t\t\t<\/div>\n\t\t<\/section>\n\t\t\t\t<\/div>\n\t\t","protected":false},"excerpt":{"rendered":"<p>Naturalment Ancestral Descobreix com la natura vibra en tu! Un CICLE DE TROBADES PER A DONES que volem connectar amb les ensenyances de l&#8217;hivern, la primavera, l&#8217;estiu i la tardor en temps real; celebrar i ritualitzar les festivitats de la Terra. Tamb\u00e9 per sintonitzar amb cadascun dels elements: l&#8217;aire, el foc, l&#8217;aigua i la terra.\u00a0\u00c9s &#8230; <a title=\"Naturalment Ancestral &#8211; CURS\" class=\"read-more\" href=\"https:\/\/escolaterranima.com\/es\/curs-naturalment-ancestral\/\" aria-label=\"Leer m\u00e1s sobre Naturalment Ancestral &#8211; CURS\">Leer m\u00e1s<\/a><\/p>\n","protected":false},"author":288,"featured_media":3004,"parent":0,"menu_order":0,"comment_status":"closed","ping_status":"closed","template":"","meta":{"footnotes":""},"class_list":["post-1025","page","type-page","status-publish","has-post-thumbnail"],"_links":{"self":[{"href":"https:\/\/escolaterranima.com\/es\/wp-json\/wp\/v2\/pages\/1025","targetHints":{"allow":["GET"]}}],"collection":[{"href":"https:\/\/escolaterranima.com\/es\/wp-json\/wp\/v2\/pages"}],"about":[{"href":"https:\/\/escolaterranima.com\/es\/wp-json\/wp\/v2\/types\/page"}],"author":[{"embeddable":true,"href":"https:\/\/escolaterranima.com\/es\/wp-json\/wp\/v2\/users\/288"}],"replies":[{"embeddable":true,"href":"https:\/\/escolaterranima.com\/es\/wp-json\/wp\/v2\/comments?post=1025"}],"version-history":[{"count":28,"href":"https:\/\/escolaterranima.com\/es\/wp-json\/wp\/v2\/pages\/1025\/revisions"}],"predecessor-version":[{"id":23943,"href":"https:\/\/escolaterranima.com\/es\/wp-json\/wp\/v2\/pages\/1025\/revisions\/23943"}],"wp:featuredmedia":[{"embeddable":true,"href":"https:\/\/escolaterranima.com\/es\/wp-json\/"}],"wp:attachment":[{"href":"https:\/\/escolaterranima.com\/es\/wp-json\/wp\/v2\/media?parent=1025"}],"curies":[{"name":"wp","href":"https:\/\/api.w.org\/{rel}","templated":true}]}}